{"id":103526,"date":"2017-07-12T14:36:42","date_gmt":"2017-07-12T12:36:42","guid":{"rendered":"https:\/\/welye.com\/products\/"},"modified":"2017-07-12T14:36:42","modified_gmt":"2017-07-12T12:36:42","slug":"products","status":"publish","type":"page","link":"https:\/\/welye.com\/en\/products\/","title":{"rendered":"PRODUCTS"},"content":{"rendered":"","protected":false},"excerpt":{"rendered":"","protected":false},"author":1,"featured_media":0,"parent":0,"menu_order":0,"comment_status":"closed","ping_status":"closed","template":"","meta":{"footnotes":"","_links_to":"","_links_to_target":""},"class_list":["post-103526","page","type-page","status-publish","hentry","description-off"],"yoast_head":"<!-- This site is optimized with the Yoast SEO plugin v26.4 - https:\/\/yoast.com\/wordpress\/plugins\/seo\/ -->\n<title>PRODUCTS | Imprimerie Paris Welye<\/title>\n<meta name=\"description\" content=\"\u2705Imprimerie Paris Welye | PRODUCTS | Imprimeur Offset et num\u00e9rique \u00e0 Paris - Devis imm\u00e9diat par t\u00e9l\u00e9phone au 01 80 91 64 61 %\" \/>\n<meta name=\"robots\" content=\"index, follow, max-snippet:-1, max-image-preview:large, max-video-preview:-1\" \/>\n<link rel=\"canonical\" href=\"https:\/\/welye.com\/en\/products\/\" \/>\n<meta property=\"og:locale\" content=\"en_US\" \/>\n<meta property=\"og:type\" content=\"article\" \/>\n<meta property=\"og:title\" content=\"PRODUCTS | Imprimerie Paris Welye\" \/>\n<meta property=\"og:description\" content=\"\u2705Imprimerie Paris Welye | PRODUCTS | Imprimeur Offset et num\u00e9rique \u00e0 Paris - Devis imm\u00e9diat par t\u00e9l\u00e9phone au 01 80 91 64 61 %\" \/>\n<meta property=\"og:url\" content=\"https:\/\/welye.com\/en\/products\/\" \/>\n<meta property=\"og:site_name\" content=\"Imprimerie Paris Welye\" \/>\n<meta property=\"article:publisher\" content=\"https:\/\/www.facebook.com\/imprimeriewelye\" \/>\n<meta property=\"og:image\" content=\"https:\/\/welye.com\/wp-content\/uploads\/2017\/07\/Welye-imprimerie-Paris.png\" \/>\n\t<meta property=\"og:image:width\" content=\"976\" \/>\n\t<meta property=\"og:image:height\" content=\"936\" \/>\n\t<meta property=\"og:image:type\" content=\"image\/png\" \/>\n<meta name=\"twitter:card\" content=\"summary_large_image\" \/>\n<meta name=\"twitter:site\" content=\"@ImprimerieWelye\" \/>\n<script type=\"application\/ld+json\" class=\"yoast-schema-graph\">{\"@context\":\"https:\/\/schema.org\",\"@graph\":[{\"@type\":\"WebPage\",\"@id\":\"https:\/\/welye.com\/en\/products\/\",\"url\":\"https:\/\/welye.com\/en\/products\/\",\"name\":\"PRODUCTS | Imprimerie Paris Welye\",\"isPartOf\":{\"@id\":\"https:\/\/welye.com\/en\/#website\"},\"datePublished\":\"2017-07-12T12:36:42+00:00\",\"description\":\"\u2705Imprimerie Paris Welye | PRODUCTS | Imprimeur Offset et num\u00e9rique \u00e0 Paris - Devis imm\u00e9diat par t\u00e9l\u00e9phone au 01 80 91 64 61 %\",\"breadcrumb\":{\"@id\":\"https:\/\/welye.com\/en\/products\/#breadcrumb\"},\"inLanguage\":\"en-US\",\"potentialAction\":[{\"@type\":\"ReadAction\",\"target\":[\"https:\/\/welye.com\/en\/products\/\"]}]},{\"@type\":\"BreadcrumbList\",\"@id\":\"https:\/\/welye.com\/en\/products\/#breadcrumb\",\"itemListElement\":[{\"@type\":\"ListItem\",\"position\":1,\"name\":\"Accueil\",\"item\":\"https:\/\/welye.com\/en\/home\/\"},{\"@type\":\"ListItem\",\"position\":2,\"name\":\"PRODUCTS\"}]},{\"@type\":\"WebSite\",\"@id\":\"https:\/\/welye.com\/en\/#website\",\"url\":\"https:\/\/welye.com\/en\/\",\"name\":\"Imprimerie Paris Welye | Welye Printing Paris\",\"description\":\"Imprimeur offset &amp; num\u00e9rique \u00e0 Paris\",\"publisher\":{\"@id\":\"https:\/\/welye.com\/en\/#organization\"},\"potentialAction\":[{\"@type\":\"SearchAction\",\"target\":{\"@type\":\"EntryPoint\",\"urlTemplate\":\"https:\/\/welye.com\/en\/?s={search_term_string}\"},\"query-input\":{\"@type\":\"PropertyValueSpecification\",\"valueRequired\":true,\"valueName\":\"search_term_string\"}}],\"inLanguage\":\"en-US\"},{\"@type\":\"Organization\",\"@id\":\"https:\/\/welye.com\/en\/#organization\",\"name\":\"WELYE IMPRIMERIE PARIS | PARIS PRINTING\",\"url\":\"https:\/\/welye.com\/en\/\",\"logo\":{\"@type\":\"ImageObject\",\"inLanguage\":\"en-US\",\"@id\":\"https:\/\/welye.com\/en\/#\/schema\/logo\/image\/\",\"url\":\"https:\/\/welye.com\/wp-content\/uploads\/2017\/07\/Welye-imprimerie-Paris.png\",\"contentUrl\":\"https:\/\/welye.com\/wp-content\/uploads\/2017\/07\/Welye-imprimerie-Paris.png\",\"width\":976,\"height\":936,\"caption\":\"WELYE IMPRIMERIE PARIS | PARIS PRINTING\"},\"image\":{\"@id\":\"https:\/\/welye.com\/en\/#\/schema\/logo\/image\/\"},\"sameAs\":[\"https:\/\/www.facebook.com\/imprimeriewelye\",\"https:\/\/x.com\/ImprimerieWelye\",\"http:\/\/instagram.com\/imprimeriewelye\",\"https:\/\/www.linkedin.com\/company\/welye\",\"https:\/\/www.pinterest.com\/imprimerieparis\/\",\"https:\/\/www.youtube.com\/channel\/UCpu3SXm_zmVzuQ7TCCH27xA\"]}]}<\/script>\n<!-- \/ Yoast SEO plugin. -->","yoast_head_json":{"title":"PRODUCTS | Imprimerie Paris Welye","description":"\u2705Imprimerie Paris Welye | PRODUCTS | Imprimeur Offset et num\u00e9rique \u00e0 Paris - Devis imm\u00e9diat par t\u00e9l\u00e9phone au 01 80 91 64 61 %","robots":{"index":"index","follow":"follow","max-snippet":"max-snippet:-1","max-image-preview":"max-image-preview:large","max-video-preview":"max-video-preview:-1"},"canonical":"https:\/\/welye.com\/en\/products\/","og_locale":"en_US","og_type":"article","og_title":"PRODUCTS | Imprimerie Paris Welye","og_description":"\u2705Imprimerie Paris Welye | PRODUCTS | Imprimeur Offset et num\u00e9rique \u00e0 Paris - Devis imm\u00e9diat par t\u00e9l\u00e9phone au 01 80 91 64 61 %","og_url":"https:\/\/welye.com\/en\/products\/","og_site_name":"Imprimerie Paris Welye","article_publisher":"https:\/\/www.facebook.com\/imprimeriewelye","og_image":[{"width":976,"height":936,"url":"https:\/\/welye.com\/wp-content\/uploads\/2017\/07\/Welye-imprimerie-Paris.png","type":"image\/png"}],"twitter_card":"summary_large_image","twitter_site":"@ImprimerieWelye","schema":{"@context":"https:\/\/schema.org","@graph":[{"@type":"WebPage","@id":"https:\/\/welye.com\/en\/products\/","url":"https:\/\/welye.com\/en\/products\/","name":"PRODUCTS | Imprimerie Paris Welye","isPartOf":{"@id":"https:\/\/welye.com\/en\/#website"},"datePublished":"2017-07-12T12:36:42+00:00","description":"\u2705Imprimerie Paris Welye | PRODUCTS | Imprimeur Offset et num\u00e9rique \u00e0 Paris - Devis imm\u00e9diat par t\u00e9l\u00e9phone au 01 80 91 64 61 %","breadcrumb":{"@id":"https:\/\/welye.com\/en\/products\/#breadcrumb"},"inLanguage":"en-US","potentialAction":[{"@type":"ReadAction","target":["https:\/\/welye.com\/en\/products\/"]}]},{"@type":"BreadcrumbList","@id":"https:\/\/welye.com\/en\/products\/#breadcrumb","itemListElement":[{"@type":"ListItem","position":1,"name":"Accueil","item":"https:\/\/welye.com\/en\/home\/"},{"@type":"ListItem","position":2,"name":"PRODUCTS"}]},{"@type":"WebSite","@id":"https:\/\/welye.com\/en\/#website","url":"https:\/\/welye.com\/en\/","name":"Imprimerie Paris Welye | Welye Printing Paris","description":"Imprimeur offset &amp; num\u00e9rique \u00e0 Paris","publisher":{"@id":"https:\/\/welye.com\/en\/#organization"},"potentialAction":[{"@type":"SearchAction","target":{"@type":"EntryPoint","urlTemplate":"https:\/\/welye.com\/en\/?s={search_term_string}"},"query-input":{"@type":"PropertyValueSpecification","valueRequired":true,"valueName":"search_term_string"}}],"inLanguage":"en-US"},{"@type":"Organization","@id":"https:\/\/welye.com\/en\/#organization","name":"WELYE IMPRIMERIE PARIS | PARIS PRINTING","url":"https:\/\/welye.com\/en\/","logo":{"@type":"ImageObject","inLanguage":"en-US","@id":"https:\/\/welye.com\/en\/#\/schema\/logo\/image\/","url":"https:\/\/welye.com\/wp-content\/uploads\/2017\/07\/Welye-imprimerie-Paris.png","contentUrl":"https:\/\/welye.com\/wp-content\/uploads\/2017\/07\/Welye-imprimerie-Paris.png","width":976,"height":936,"caption":"WELYE IMPRIMERIE PARIS | PARIS PRINTING"},"image":{"@id":"https:\/\/welye.com\/en\/#\/schema\/logo\/image\/"},"sameAs":["https:\/\/www.facebook.com\/imprimeriewelye","https:\/\/x.com\/ImprimerieWelye","http:\/\/instagram.com\/imprimeriewelye","https:\/\/www.linkedin.com\/company\/welye","https:\/\/www.pinterest.com\/imprimerieparis\/","https:\/\/www.youtube.com\/channel\/UCpu3SXm_zmVzuQ7TCCH27xA"]}]}},"_links":{"self":[{"href":"https:\/\/welye.com\/en\/wp-json\/wp\/v2\/pages\/103526","targetHints":{"allow":["GET"]}}],"collection":[{"href":"https:\/\/welye.com\/en\/wp-json\/wp\/v2\/pages"}],"about":[{"href":"https:\/\/welye.com\/en\/wp-json\/wp\/v2\/types\/page"}],"author":[{"embeddable":true,"href":"https:\/\/welye.com\/en\/wp-json\/wp\/v2\/users\/1"}],"replies":[{"embeddable":true,"href":"https:\/\/welye.com\/en\/wp-json\/wp\/v2\/comments?post=103526"}],"version-history":[{"count":0,"href":"https:\/\/welye.com\/en\/wp-json\/wp\/v2\/pages\/103526\/revisions"}],"wp:attachment":[{"href":"https:\/\/welye.com\/en\/wp-json\/wp\/v2\/media?parent=103526"}],"curies":[{"name":"wp","href":"https:\/\/api.w.org\/{rel}","templated":true}]}}