{"id":103534,"date":"2017-07-13T13:46:14","date_gmt":"2017-07-13T11:46:14","guid":{"rendered":"https:\/\/welye.com\/legal-notice\/"},"modified":"2024-09-03T13:19:14","modified_gmt":"2024-09-03T11:19:14","slug":"legal-notice","status":"publish","type":"page","link":"https:\/\/welye.com\/en\/legal-notice\/","title":{"rendered":"LEGAL NOTICE"},"content":{"rendered":"<div class=\"wpb-content-wrapper\"><p>[vc_row][vc_column][vc_column_text]<\/p>\n<p style=\"text-align: justify;\"><b>1. Introducing our website<\/b><\/p>\n<p style=\"text-align: justify;\">In compliance with French law no. 2004-2005 of June 21, 2004 on confidence in the digital economy, our website, created by welye, owner of the welye.com website, provides the public with information about our company.<br \/>\nAs it may be subject to change, we invite you to consult our legal notices as often as possible, so that you can read them frequently. <\/p>\n<p style=\"text-align: justify;\">The Welye.com website belongs to the company Welye &#8211; , whose head office is located at the following address: 145 Rue Alexandre Fourny &#8211; 94500 Champigny-sur-Marne.<br \/>\nA natural or legal person, Welye is responsible for the publication, whose e-mail address is contact@welye.com.<br \/>\nThe webmaster, Welye, is responsible for the administration of the site, whose e-mail address is contact@welye.com.<br \/>\nThe welye.com site is hosted by OVH, whose head office is located at the following address: 2 RUE KELLERMANN 59100 ROUBAIX.   <\/p>\n<p style=\"text-align: justify;\"><b>2. General conditions of use of the site and the services offered.<\/b><\/p>\n<p style=\"text-align: justify;\">By using our website welye.com, you fully accept the general conditions of use specified in our legal notice.<br \/>\nAccessible to all types of visitors, it is important to note that Welye may decide to interrupt the website for maintenance purposes.<br \/>\nThe dates and times of interruptions will nevertheless be specified in advance to users.  <\/p>\n<p style=\"text-align: justify;\"><b>3. Products or services offered by welye.com<\/b><\/p>\n<p style=\"text-align: justify;\">In accordance with its communications policy, the welye.com website is intended to inform users about the services offered by Welye, which endeavors to provide accurate information about its business.<br \/>\nHowever, inaccuracies or omissions may occur, and the company can under no circumstances be held responsible for any errors on the welye.com website.<br \/>\nOur printing partner: <a href=\"http:\/\/welye.com\/\">Imprimerie Paris<\/a>  <\/p>\n<p style=\"text-align: justify;\"><b>4. Contractual limitations<\/b><\/p>\n<p style=\"text-align: justify;\">The information provided on our welye.com website is subject to quality control to ensure its reliability.<br \/>\nHowever, we cannot be held responsible for any technical inaccuracies in our explanations.<br \/>\nIf you notice any errors concerning information we may have omitted, please let us know by sending an e-mail to contact@welye.com.  <\/p>\n<p style=\"text-align: justify;\">Links directly or indirectly to our website welye.com are not under the control of our company.<br \/>\nTherefore, we cannot guarantee the accuracy of the information contained on these other websites. <\/p>\n<p style=\"text-align: justify;\">Using JavaScript technology, the welye.com website cannot be held responsible for any material damage linked to its use.<br \/>\nFurthermore, welye.com cannot be held liable for any other type of direct or indirect consequence of using the site (bug, incompatibility, virus, loss of market, etc.). <\/p>\n<p style=\"text-align: justify;\"><b>5. Intellectual property and website content<\/b><\/p>\n<p style=\"text-align: justify;\">The editorial content of the welye.com website is the exclusive property of Welye.<br \/>\nAny infringement of copyright is punishable under Article L.335-2 of the Intellectual Property Code, with a penalty of 2 years imprisonment and a fine of \u20ac150,000. <\/p>\n<p style=\"text-align: justify;\">The welye.com site may not be held liable for any abusive, racist, defamatory or pornographic comments exchanged in interactive areas.<br \/>\nThe company also reserves the right to delete any content contrary to the company&#8217;s values or to legislation applicable in France. <\/p>\n<p style=\"text-align: justify;\">By browsing the welye.com website, the user also accepts that cookies may be installed on his\/her computer.<\/p>\n<p style=\"text-align: justify;\"><b>6. Personal data, respect for your privacy and freedoms<\/b><\/p>\n<p style=\"text-align: justify;\">All information collected on the welye.com website is used for the purposes related to the use of our platform, such as the order form or the newsletter subscription request.<br \/>\nYou can also unsubscribe from the newsletter by clicking on the link in the footer of the page.<br \/>\nWelye undertakes not to pass on information concerning users of the website in any way whatsoever (sale, exchange, loan, rental, donation).  <\/p>\n<p style=\"text-align: justify;\">In accordance with the French Data Protection Act of January 6, 1978, amended in 2004, the user has the right to access and rectify any information concerning him or her. This right may be exercised at any time by sending an e-mail to contact@welye.com, or by sending a request by post to the following address: 145 Rue Alexandre Fourny &#8211; 94500 Champigny-sur-Marne.<\/p>\n<p style=\"text-align: justify;\"><b>7. Applicable law<\/b><\/p>\n<p style=\"text-align: justify;\">Subject to French law, the welye.com website is governed by law no. 2004-2005 of June 21, 2004 on confidence in the digital economy, article L.335-2 of the French Intellectual Property Code and the French Data Protection Act of January 6, 1978, amended in 2004.<\/p>\n<p>[\/vc_column_text][\/vc_column][\/vc_row]<\/p>\n<\/div>","protected":false},"excerpt":{"rendered":"<p>[vc_row][vc_column][vc_column_text] 1. Introducing our website In compliance with French law no. 2004-2005 of June 21, 2004 on confidence in the digital economy, our website, created by welye, owner of the welye.com website, provides the public with information about our company. As it may be subject to change, we invite you to consult our legal notices&hellip;<\/p>\n","protected":false},"author":1,"featured_media":0,"parent":0,"menu_order":0,"comment_status":"closed","ping_status":"closed","template":"","meta":{"footnotes":"","_links_to":"","_links_to_target":""},"class_list":["post-103534","page","type-page","status-publish","hentry","description-off"],"yoast_head":"<!-- This site is optimized with the Yoast SEO plugin v26.4 - https:\/\/yoast.com\/wordpress\/plugins\/seo\/ -->\n<title>LEGAL NOTICE | Imprimerie Paris Welye<\/title>\n<meta name=\"description\" content=\"\u2705Imprimerie Paris Welye | LEGAL NOTICE | Imprimeur Offset et num\u00e9rique \u00e0 Paris - Devis imm\u00e9diat par t\u00e9l\u00e9phone au 01 80 91 64 61 %\" \/>\n<meta name=\"robots\" content=\"index, follow, max-snippet:-1, max-image-preview:large, max-video-preview:-1\" \/>\n<link rel=\"canonical\" href=\"https:\/\/welye.com\/en\/legal-notice\/\" \/>\n<meta property=\"og:locale\" content=\"en_US\" \/>\n<meta property=\"og:type\" content=\"article\" \/>\n<meta property=\"og:title\" content=\"LEGAL NOTICE | Imprimerie Paris Welye\" \/>\n<meta property=\"og:description\" content=\"\u2705Imprimerie Paris Welye | LEGAL NOTICE | Imprimeur Offset et num\u00e9rique \u00e0 Paris - Devis imm\u00e9diat par t\u00e9l\u00e9phone au 01 80 91 64 61 %\" \/>\n<meta property=\"og:url\" content=\"https:\/\/welye.com\/en\/legal-notice\/\" \/>\n<meta property=\"og:site_name\" content=\"Imprimerie Paris Welye\" \/>\n<meta property=\"article:publisher\" content=\"https:\/\/www.facebook.com\/imprimeriewelye\" \/>\n<meta property=\"article:modified_time\" content=\"2024-09-03T11:19:14+00:00\" \/>\n<meta property=\"og:image\" content=\"https:\/\/welye.com\/wp-content\/uploads\/2017\/07\/Welye-imprimerie-Paris.png\" \/>\n\t<meta property=\"og:image:width\" content=\"976\" \/>\n\t<meta property=\"og:image:height\" content=\"936\" \/>\n\t<meta property=\"og:image:type\" content=\"image\/png\" \/>\n<meta name=\"twitter:card\" content=\"summary_large_image\" \/>\n<meta name=\"twitter:site\" content=\"@ImprimerieWelye\" \/>\n<meta name=\"twitter:label1\" content=\"Est. reading time\" \/>\n\t<meta name=\"twitter:data1\" content=\"4 minutes\" \/>\n<script type=\"application\/ld+json\" class=\"yoast-schema-graph\">{\"@context\":\"https:\/\/schema.org\",\"@graph\":[{\"@type\":\"WebPage\",\"@id\":\"https:\/\/welye.com\/en\/legal-notice\/\",\"url\":\"https:\/\/welye.com\/en\/legal-notice\/\",\"name\":\"LEGAL NOTICE | Imprimerie Paris Welye\",\"isPartOf\":{\"@id\":\"https:\/\/welye.com\/en\/#website\"},\"datePublished\":\"2017-07-13T11:46:14+00:00\",\"dateModified\":\"2024-09-03T11:19:14+00:00\",\"description\":\"\u2705Imprimerie Paris Welye | LEGAL NOTICE | Imprimeur Offset et num\u00e9rique \u00e0 Paris - Devis imm\u00e9diat par t\u00e9l\u00e9phone au 01 80 91 64 61 %\",\"breadcrumb\":{\"@id\":\"https:\/\/welye.com\/en\/legal-notice\/#breadcrumb\"},\"inLanguage\":\"en-US\",\"potentialAction\":[{\"@type\":\"ReadAction\",\"target\":[\"https:\/\/welye.com\/en\/legal-notice\/\"]}]},{\"@type\":\"BreadcrumbList\",\"@id\":\"https:\/\/welye.com\/en\/legal-notice\/#breadcrumb\",\"itemListElement\":[{\"@type\":\"ListItem\",\"position\":1,\"name\":\"Accueil\",\"item\":\"https:\/\/welye.com\/en\/home\/\"},{\"@type\":\"ListItem\",\"position\":2,\"name\":\"LEGAL NOTICE\"}]},{\"@type\":\"WebSite\",\"@id\":\"https:\/\/welye.com\/en\/#website\",\"url\":\"https:\/\/welye.com\/en\/\",\"name\":\"Imprimerie Paris Welye | Welye Printing Paris\",\"description\":\"Imprimeur offset &amp; num\u00e9rique \u00e0 Paris\",\"publisher\":{\"@id\":\"https:\/\/welye.com\/en\/#organization\"},\"potentialAction\":[{\"@type\":\"SearchAction\",\"target\":{\"@type\":\"EntryPoint\",\"urlTemplate\":\"https:\/\/welye.com\/en\/?s={search_term_string}\"},\"query-input\":{\"@type\":\"PropertyValueSpecification\",\"valueRequired\":true,\"valueName\":\"search_term_string\"}}],\"inLanguage\":\"en-US\"},{\"@type\":\"Organization\",\"@id\":\"https:\/\/welye.com\/en\/#organization\",\"name\":\"WELYE IMPRIMERIE PARIS | PARIS PRINTING\",\"url\":\"https:\/\/welye.com\/en\/\",\"logo\":{\"@type\":\"ImageObject\",\"inLanguage\":\"en-US\",\"@id\":\"https:\/\/welye.com\/en\/#\/schema\/logo\/image\/\",\"url\":\"https:\/\/welye.com\/wp-content\/uploads\/2017\/07\/Welye-imprimerie-Paris.png\",\"contentUrl\":\"https:\/\/welye.com\/wp-content\/uploads\/2017\/07\/Welye-imprimerie-Paris.png\",\"width\":976,\"height\":936,\"caption\":\"WELYE IMPRIMERIE PARIS | PARIS PRINTING\"},\"image\":{\"@id\":\"https:\/\/welye.com\/en\/#\/schema\/logo\/image\/\"},\"sameAs\":[\"https:\/\/www.facebook.com\/imprimeriewelye\",\"https:\/\/x.com\/ImprimerieWelye\",\"http:\/\/instagram.com\/imprimeriewelye\",\"https:\/\/www.linkedin.com\/company\/welye\",\"https:\/\/www.pinterest.com\/imprimerieparis\/\",\"https:\/\/www.youtube.com\/channel\/UCpu3SXm_zmVzuQ7TCCH27xA\"]}]}<\/script>\n<!-- \/ Yoast SEO plugin. -->","yoast_head_json":{"title":"LEGAL NOTICE | Imprimerie Paris Welye","description":"\u2705Imprimerie Paris Welye | LEGAL NOTICE | Imprimeur Offset et num\u00e9rique \u00e0 Paris - Devis imm\u00e9diat par t\u00e9l\u00e9phone au 01 80 91 64 61 %","robots":{"index":"index","follow":"follow","max-snippet":"max-snippet:-1","max-image-preview":"max-image-preview:large","max-video-preview":"max-video-preview:-1"},"canonical":"https:\/\/welye.com\/en\/legal-notice\/","og_locale":"en_US","og_type":"article","og_title":"LEGAL NOTICE | Imprimerie Paris Welye","og_description":"\u2705Imprimerie Paris Welye | LEGAL NOTICE | Imprimeur Offset et num\u00e9rique \u00e0 Paris - Devis imm\u00e9diat par t\u00e9l\u00e9phone au 01 80 91 64 61 %","og_url":"https:\/\/welye.com\/en\/legal-notice\/","og_site_name":"Imprimerie Paris Welye","article_publisher":"https:\/\/www.facebook.com\/imprimeriewelye","article_modified_time":"2024-09-03T11:19:14+00:00","og_image":[{"width":976,"height":936,"url":"https:\/\/welye.com\/wp-content\/uploads\/2017\/07\/Welye-imprimerie-Paris.png","type":"image\/png"}],"twitter_card":"summary_large_image","twitter_site":"@ImprimerieWelye","twitter_misc":{"Est. reading time":"4 minutes"},"schema":{"@context":"https:\/\/schema.org","@graph":[{"@type":"WebPage","@id":"https:\/\/welye.com\/en\/legal-notice\/","url":"https:\/\/welye.com\/en\/legal-notice\/","name":"LEGAL NOTICE | Imprimerie Paris Welye","isPartOf":{"@id":"https:\/\/welye.com\/en\/#website"},"datePublished":"2017-07-13T11:46:14+00:00","dateModified":"2024-09-03T11:19:14+00:00","description":"\u2705Imprimerie Paris Welye | LEGAL NOTICE | Imprimeur Offset et num\u00e9rique \u00e0 Paris - Devis imm\u00e9diat par t\u00e9l\u00e9phone au 01 80 91 64 61 %","breadcrumb":{"@id":"https:\/\/welye.com\/en\/legal-notice\/#breadcrumb"},"inLanguage":"en-US","potentialAction":[{"@type":"ReadAction","target":["https:\/\/welye.com\/en\/legal-notice\/"]}]},{"@type":"BreadcrumbList","@id":"https:\/\/welye.com\/en\/legal-notice\/#breadcrumb","itemListElement":[{"@type":"ListItem","position":1,"name":"Accueil","item":"https:\/\/welye.com\/en\/home\/"},{"@type":"ListItem","position":2,"name":"LEGAL NOTICE"}]},{"@type":"WebSite","@id":"https:\/\/welye.com\/en\/#website","url":"https:\/\/welye.com\/en\/","name":"Imprimerie Paris Welye | Welye Printing Paris","description":"Imprimeur offset &amp; num\u00e9rique \u00e0 Paris","publisher":{"@id":"https:\/\/welye.com\/en\/#organization"},"potentialAction":[{"@type":"SearchAction","target":{"@type":"EntryPoint","urlTemplate":"https:\/\/welye.com\/en\/?s={search_term_string}"},"query-input":{"@type":"PropertyValueSpecification","valueRequired":true,"valueName":"search_term_string"}}],"inLanguage":"en-US"},{"@type":"Organization","@id":"https:\/\/welye.com\/en\/#organization","name":"WELYE IMPRIMERIE PARIS | PARIS PRINTING","url":"https:\/\/welye.com\/en\/","logo":{"@type":"ImageObject","inLanguage":"en-US","@id":"https:\/\/welye.com\/en\/#\/schema\/logo\/image\/","url":"https:\/\/welye.com\/wp-content\/uploads\/2017\/07\/Welye-imprimerie-Paris.png","contentUrl":"https:\/\/welye.com\/wp-content\/uploads\/2017\/07\/Welye-imprimerie-Paris.png","width":976,"height":936,"caption":"WELYE IMPRIMERIE PARIS | PARIS PRINTING"},"image":{"@id":"https:\/\/welye.com\/en\/#\/schema\/logo\/image\/"},"sameAs":["https:\/\/www.facebook.com\/imprimeriewelye","https:\/\/x.com\/ImprimerieWelye","http:\/\/instagram.com\/imprimeriewelye","https:\/\/www.linkedin.com\/company\/welye","https:\/\/www.pinterest.com\/imprimerieparis\/","https:\/\/www.youtube.com\/channel\/UCpu3SXm_zmVzuQ7TCCH27xA"]}]}},"_links":{"self":[{"href":"https:\/\/welye.com\/en\/wp-json\/wp\/v2\/pages\/103534","targetHints":{"allow":["GET"]}}],"collection":[{"href":"https:\/\/welye.com\/en\/wp-json\/wp\/v2\/pages"}],"about":[{"href":"https:\/\/welye.com\/en\/wp-json\/wp\/v2\/types\/page"}],"author":[{"embeddable":true,"href":"https:\/\/welye.com\/en\/wp-json\/wp\/v2\/users\/1"}],"replies":[{"embeddable":true,"href":"https:\/\/welye.com\/en\/wp-json\/wp\/v2\/comments?post=103534"}],"version-history":[{"count":2,"href":"https:\/\/welye.com\/en\/wp-json\/wp\/v2\/pages\/103534\/revisions"}],"predecessor-version":[{"id":103536,"href":"https:\/\/welye.com\/en\/wp-json\/wp\/v2\/pages\/103534\/revisions\/103536"}],"wp:attachment":[{"href":"https:\/\/welye.com\/en\/wp-json\/wp\/v2\/media?parent=103534"}],"curies":[{"name":"wp","href":"https:\/\/api.w.org\/{rel}","templated":true}]}}