{"id":103537,"date":"2017-07-18T11:29:43","date_gmt":"2017-07-18T09:29:43","guid":{"rendered":"https:\/\/welye.com\/display\/"},"modified":"2024-09-03T13:19:16","modified_gmt":"2024-09-03T11:19:16","slug":"display","status":"publish","type":"page","link":"https:\/\/welye.com\/en\/display\/","title":{"rendered":"DISPLAY"},"content":{"rendered":"<div class=\"wpb-content-wrapper\"><p>[vc_row full_width=&#8221;stretch_row_content_no_spaces&#8221; css=&#8221;.vc_custom_1500296715679{background-color: #2daae1 !important;}&#8221;][vc_column][vc_column_text]<\/p>\n<h1 style=\"text-align: center;\"><span style=\"color: #ffffff;\">Flyers<\/span><\/h1>\n<p>[\/vc_column_text][\/vc_column][\/vc_row][vc_row][vc_column][vc_column_text]<\/p>\n<h2 style=\"text-align: center;\"><span style=\"color: #808080;\">Flyers, sales brochures, leaflets, etc&#8230;<\/span><\/h2>\n<p>[\/vc_column_text][vc_tabs interval=&#8221;0&#8243; title_size=&#8221;normal&#8221;][vc_tab title=&#8221;Classic flyers&#8221; tab_id=&#8221;43206899-4e09-7&#8243;][vc_column_text]<\/p>\n<p style=\"text-align: justify;\"><strong>Formats<\/strong>: the format of your leaflets is free, but we do offer standard sizes:<\/p>\n<p style=\"text-align: justify;\">&#8211; Format A5 open: 15 x 21 cm (or 14.8 x 21 cm) &#8211; Format 21 x 21 cm open &#8211; Format A4 open: 21 x 29.7 cm &#8211; Format 42 x 15 cm open &#8211; Format A3 open: 29.7 x 42 cm &#8211; Format: 45 x 21 cm open &#8211; Format: 63 x 21 cm open &#8211; Format: 63 x 30 cm open<\/p>\n<p style=\"text-align: justify;\"><strong>Paper<\/strong>: We offer a very wide choice of paper for printing your flyers.<br \/>\nIf you have a specific reference, it will be necessary to order it from our suppliers, subject to availability. <\/p>\n<p style=\"text-align: justify;\">For paper in stock, we offer the following formats:<\/p>\n<p style=\"text-align: justify;\">&#8211; 80g Cyclus offset paper (recycled) &#8211; 90g offset paper &#8211; 115g Cyclus Print paper (recycled) &#8211; 140g Cyclus Offset paper (recycled) &#8211; 135g coated paper &#8211; 170g coated paper &#8211; 250g coated paper<\/p>\n<p style=\"text-align: justify;\"><strong>Finishes<\/strong>: depending on your choice of paper, certain finishes can be added.<\/p>\n<p style=\"text-align: justify;\">&#8211; Matt or gloss lamination &#8211; Soft touch lamination &#8211; Acrylic or machine varnish &#8211; Selective varnish &#8211; Glitter varnish &#8211; Laser cutting &#8211; Hot foil stamping &#8211; Embossing<\/p>\n<p style=\"text-align: justify;\"><strong>Shaping<\/strong>: we offer different styles of folding and grooving:<\/p>\n<p style=\"text-align: justify;\">&#8211; Rolled folding &#8211; Accordion folding &#8211; Wallet folding &#8211; Offset folding &#8211; Cross folding &#8211; Window folding<\/p>\n<p style=\"text-align: justify;\"><strong>The different folds for your leaflets and brochures<\/strong><\/p>\n<p style=\"text-align: justify;\"><strong><img fetchpriority=\"high\" decoding=\"async\" class=\"size-full wp-image-360 aligncenter\" src=\"http:\/\/welye.com\/wp-content\/uploads\/2017\/07\/Pliages-imprimerie-paris-imprimeur-paris-welie.jpg\" alt=\"Pliages imprimerie paris imprimeur paris welie\" width=\"549\" height=\"216\" srcset=\"https:\/\/welye.com\/wp-content\/uploads\/2017\/07\/Pliages-imprimerie-paris-imprimeur-paris-welie.jpg 549w, https:\/\/welye.com\/wp-content\/uploads\/2017\/07\/Pliages-imprimerie-paris-imprimeur-paris-welie-300x118.jpg 300w\" sizes=\"(max-width: 549px) 100vw, 549px\" \/>Printing<\/strong>: your materials can be printed in full color, black &amp; white or Pantone\u00ae.<\/p>\n<p>[\/vc_column_text][\/vc_tab][vc_tab title=&#8221;Top flyers&#8221; tab_id=&#8221;5d26d5ad-9416-7&#8243;][vc_column_text]<\/p>\n<p style=\"text-align: justify;\"><strong>Formats<\/strong>: the format of your leaflets is free, but we do offer standard sizes:<\/p>\n<p style=\"text-align: justify;\">&#8211; Format A5 open: 15 x 21 cm (or 14.8 x 21 cm) &#8211; Format 21 x 21 cm open &#8211; Format A4 open: 21 x 29.7 cm &#8211; Format 42 x 15 cm open &#8211; Format A3 open: 29.7 x 42 cm &#8211; Format: 45 x 21 cm open &#8211; Format: 63 x 21 cm open &#8211; Format: 63 x 30 cm open<\/p>\n<p style=\"text-align: justify;\"><strong>Paper<\/strong>: We offer a very wide choice of paper for printing your flyers.<br \/>\nIf you have a specific reference, it will be necessary to order it from our suppliers, subject to availability. <\/p>\n<p style=\"text-align: justify;\">For paper in stock, we offer the following formats:<\/p>\n<p style=\"text-align: justify;\">&#8211; Paper 240 gr Pop&#8217;Set (7 colors available) &#8211; Paper 290 gr Fedrigoni (black or red) &#8211; Paper 300 gr Coated &#8211; Paper 350 gr Coated &#8211; Paper 300 gr Offset Blanc sup\u00e9rieur &#8211; Paper 100 gr Offset Blanc sup\u00e9rieur &#8211; Paper 260 gr Woodstock Under &#8211; Paper 170 gr Woodstock Under &#8211; Paper 110 gr Woodstock Under &#8211; Paper 300 gr Relma Laguna &#8211; Paper 120 gr Relma Laguna<\/p>\n<p style=\"text-align: justify;\"><strong>Finishes<\/strong>: depending on your choice of paper, certain finishes can be added.<\/p>\n<p style=\"text-align: justify;\">&#8211; Matt or gloss lamination &#8211; Soft touch lamination &#8211; Acrylic or machine varnish &#8211; Selective varnish &#8211; Glitter varnish &#8211; Laser cutting &#8211; Hot foil stamping &#8211; Embossing<\/p>\n<p style=\"text-align: justify;\"><strong>Shaping<\/strong>: we offer different styles of folding and grooving:<\/p>\n<p style=\"text-align: justify;\">&#8211; Rolled folding &#8211; Accordion folding &#8211; Wallet folding &#8211; Offset folding &#8211; Cross folding &#8211; Window folding<\/p>\n<p style=\"text-align: justify;\"><strong>Folding for your communication media: Imprimerie Paris<\/strong><\/p>\n<p style=\"text-align: justify;\"><strong><img decoding=\"async\" class=\"wp-image-360 size-full aligncenter\" src=\"http:\/\/welye.com\/wp-content\/uploads\/2017\/07\/Pliages-imprimerie-paris-imprimeur-paris-welie.jpg\" alt=\"Pliages imprimerie paris imprimeur paris welie\" width=\"549\" height=\"216\" srcset=\"https:\/\/welye.com\/wp-content\/uploads\/2017\/07\/Pliages-imprimerie-paris-imprimeur-paris-welie.jpg 549w, https:\/\/welye.com\/wp-content\/uploads\/2017\/07\/Pliages-imprimerie-paris-imprimeur-paris-welie-300x118.jpg 300w\" sizes=\"(max-width: 549px) 100vw, 549px\" \/>Printing<\/strong>: your materials can be printed in full color, black &amp; white or Pantone\u00ae.<\/p>\n<p>[\/vc_column_text][\/vc_tab][\/vc_tabs][\/vc_column][\/vc_row]<\/p>\n<\/div>","protected":false},"excerpt":{"rendered":"<p>[vc_row full_width=&#8221;stretch_row_content_no_spaces&#8221; css=&#8221;.vc_custom_1500296715679{background-color: #2daae1 !important;}&#8221;][vc_column][vc_column_text] Flyers [\/vc_column_text][\/vc_column][\/vc_row][vc_row][vc_column][vc_column_text] Flyers, sales brochures, leaflets, etc&#8230; [\/vc_column_text][vc_tabs interval=&#8221;0&#8243; title_size=&#8221;normal&#8221;][vc_tab title=&#8221;Classic flyers&#8221; tab_id=&#8221;43206899-4e09-7&#8243;][vc_column_text] Formats: the format of your leaflets is free, but we do offer standard sizes: &#8211; Format A5 open: 15 x 21 cm (or 14.8 x 21 cm) &#8211; Format 21 x 21 cm open &#8211; Format A4&hellip;<\/p>\n","protected":false},"author":1,"featured_media":0,"parent":0,"menu_order":0,"comment_status":"closed","ping_status":"closed","template":"","meta":{"footnotes":"","_links_to":"","_links_to_target":""},"class_list":["post-103537","page","type-page","status-publish","hentry","description-off"],"yoast_head":"<!-- This site is optimized with the Yoast SEO plugin v26.4 - https:\/\/yoast.com\/wordpress\/plugins\/seo\/ -->\n<title>DISPLAY | Imprimerie Paris Welye<\/title>\n<meta name=\"description\" content=\"\u2705Imprimerie Paris Welye | DISPLAY | Imprimeur Offset et num\u00e9rique \u00e0 Paris - Devis imm\u00e9diat par t\u00e9l\u00e9phone au 01 80 91 64 61 %\" \/>\n<meta name=\"robots\" content=\"index, follow, max-snippet:-1, max-image-preview:large, max-video-preview:-1\" \/>\n<link rel=\"canonical\" href=\"https:\/\/welye.com\/en\/display\/\" \/>\n<meta property=\"og:locale\" content=\"en_US\" \/>\n<meta property=\"og:type\" content=\"article\" \/>\n<meta property=\"og:title\" content=\"DISPLAY | Imprimerie Paris Welye\" \/>\n<meta property=\"og:description\" content=\"\u2705Imprimerie Paris Welye | DISPLAY | Imprimeur Offset et num\u00e9rique \u00e0 Paris - Devis imm\u00e9diat par t\u00e9l\u00e9phone au 01 80 91 64 61 %\" \/>\n<meta property=\"og:url\" content=\"https:\/\/welye.com\/en\/display\/\" \/>\n<meta property=\"og:site_name\" content=\"Imprimerie Paris Welye\" \/>\n<meta property=\"article:publisher\" content=\"https:\/\/www.facebook.com\/imprimeriewelye\" \/>\n<meta property=\"article:modified_time\" content=\"2024-09-03T11:19:16+00:00\" \/>\n<meta property=\"og:image\" content=\"http:\/\/welye.com\/wp-content\/uploads\/2017\/07\/Pliages-imprimerie-paris-imprimeur-paris-welie.jpg\" \/>\n<meta name=\"twitter:card\" content=\"summary_large_image\" \/>\n<meta name=\"twitter:site\" content=\"@ImprimerieWelye\" \/>\n<meta name=\"twitter:label1\" content=\"Est. reading time\" \/>\n\t<meta name=\"twitter:data1\" content=\"3 minutes\" \/>\n<script type=\"application\/ld+json\" class=\"yoast-schema-graph\">{\"@context\":\"https:\/\/schema.org\",\"@graph\":[{\"@type\":\"WebPage\",\"@id\":\"https:\/\/welye.com\/en\/display\/\",\"url\":\"https:\/\/welye.com\/en\/display\/\",\"name\":\"DISPLAY | Imprimerie Paris Welye\",\"isPartOf\":{\"@id\":\"https:\/\/welye.com\/en\/#website\"},\"primaryImageOfPage\":{\"@id\":\"https:\/\/welye.com\/en\/display\/#primaryimage\"},\"image\":{\"@id\":\"https:\/\/welye.com\/en\/display\/#primaryimage\"},\"thumbnailUrl\":\"http:\/\/welye.com\/wp-content\/uploads\/2017\/07\/Pliages-imprimerie-paris-imprimeur-paris-welie.jpg\",\"datePublished\":\"2017-07-18T09:29:43+00:00\",\"dateModified\":\"2024-09-03T11:19:16+00:00\",\"description\":\"\u2705Imprimerie Paris Welye | DISPLAY | Imprimeur Offset et num\u00e9rique \u00e0 Paris - Devis imm\u00e9diat par t\u00e9l\u00e9phone au 01 80 91 64 61 %\",\"breadcrumb\":{\"@id\":\"https:\/\/welye.com\/en\/display\/#breadcrumb\"},\"inLanguage\":\"en-US\",\"potentialAction\":[{\"@type\":\"ReadAction\",\"target\":[\"https:\/\/welye.com\/en\/display\/\"]}]},{\"@type\":\"ImageObject\",\"inLanguage\":\"en-US\",\"@id\":\"https:\/\/welye.com\/en\/display\/#primaryimage\",\"url\":\"http:\/\/welye.com\/wp-content\/uploads\/2017\/07\/Pliages-imprimerie-paris-imprimeur-paris-welie.jpg\",\"contentUrl\":\"http:\/\/welye.com\/wp-content\/uploads\/2017\/07\/Pliages-imprimerie-paris-imprimeur-paris-welie.jpg\"},{\"@type\":\"BreadcrumbList\",\"@id\":\"https:\/\/welye.com\/en\/display\/#breadcrumb\",\"itemListElement\":[{\"@type\":\"ListItem\",\"position\":1,\"name\":\"Accueil\",\"item\":\"https:\/\/welye.com\/en\/home\/\"},{\"@type\":\"ListItem\",\"position\":2,\"name\":\"DISPLAY\"}]},{\"@type\":\"WebSite\",\"@id\":\"https:\/\/welye.com\/en\/#website\",\"url\":\"https:\/\/welye.com\/en\/\",\"name\":\"Imprimerie Paris Welye | Welye Printing Paris\",\"description\":\"Imprimeur offset &amp; num\u00e9rique \u00e0 Paris\",\"publisher\":{\"@id\":\"https:\/\/welye.com\/en\/#organization\"},\"potentialAction\":[{\"@type\":\"SearchAction\",\"target\":{\"@type\":\"EntryPoint\",\"urlTemplate\":\"https:\/\/welye.com\/en\/?s={search_term_string}\"},\"query-input\":{\"@type\":\"PropertyValueSpecification\",\"valueRequired\":true,\"valueName\":\"search_term_string\"}}],\"inLanguage\":\"en-US\"},{\"@type\":\"Organization\",\"@id\":\"https:\/\/welye.com\/en\/#organization\",\"name\":\"WELYE IMPRIMERIE PARIS | PARIS PRINTING\",\"url\":\"https:\/\/welye.com\/en\/\",\"logo\":{\"@type\":\"ImageObject\",\"inLanguage\":\"en-US\",\"@id\":\"https:\/\/welye.com\/en\/#\/schema\/logo\/image\/\",\"url\":\"https:\/\/welye.com\/wp-content\/uploads\/2017\/07\/Welye-imprimerie-Paris.png\",\"contentUrl\":\"https:\/\/welye.com\/wp-content\/uploads\/2017\/07\/Welye-imprimerie-Paris.png\",\"width\":976,\"height\":936,\"caption\":\"WELYE IMPRIMERIE PARIS | PARIS PRINTING\"},\"image\":{\"@id\":\"https:\/\/welye.com\/en\/#\/schema\/logo\/image\/\"},\"sameAs\":[\"https:\/\/www.facebook.com\/imprimeriewelye\",\"https:\/\/x.com\/ImprimerieWelye\",\"http:\/\/instagram.com\/imprimeriewelye\",\"https:\/\/www.linkedin.com\/company\/welye\",\"https:\/\/www.pinterest.com\/imprimerieparis\/\",\"https:\/\/www.youtube.com\/channel\/UCpu3SXm_zmVzuQ7TCCH27xA\"]}]}<\/script>\n<!-- \/ Yoast SEO plugin. -->","yoast_head_json":{"title":"DISPLAY | Imprimerie Paris Welye","description":"\u2705Imprimerie Paris Welye | DISPLAY | Imprimeur Offset et num\u00e9rique \u00e0 Paris - Devis imm\u00e9diat par t\u00e9l\u00e9phone au 01 80 91 64 61 %","robots":{"index":"index","follow":"follow","max-snippet":"max-snippet:-1","max-image-preview":"max-image-preview:large","max-video-preview":"max-video-preview:-1"},"canonical":"https:\/\/welye.com\/en\/display\/","og_locale":"en_US","og_type":"article","og_title":"DISPLAY | Imprimerie Paris Welye","og_description":"\u2705Imprimerie Paris Welye | DISPLAY | Imprimeur Offset et num\u00e9rique \u00e0 Paris - Devis imm\u00e9diat par t\u00e9l\u00e9phone au 01 80 91 64 61 %","og_url":"https:\/\/welye.com\/en\/display\/","og_site_name":"Imprimerie Paris Welye","article_publisher":"https:\/\/www.facebook.com\/imprimeriewelye","article_modified_time":"2024-09-03T11:19:16+00:00","og_image":[{"url":"http:\/\/welye.com\/wp-content\/uploads\/2017\/07\/Pliages-imprimerie-paris-imprimeur-paris-welie.jpg","type":"","width":"","height":""}],"twitter_card":"summary_large_image","twitter_site":"@ImprimerieWelye","twitter_misc":{"Est. reading time":"3 minutes"},"schema":{"@context":"https:\/\/schema.org","@graph":[{"@type":"WebPage","@id":"https:\/\/welye.com\/en\/display\/","url":"https:\/\/welye.com\/en\/display\/","name":"DISPLAY | Imprimerie Paris Welye","isPartOf":{"@id":"https:\/\/welye.com\/en\/#website"},"primaryImageOfPage":{"@id":"https:\/\/welye.com\/en\/display\/#primaryimage"},"image":{"@id":"https:\/\/welye.com\/en\/display\/#primaryimage"},"thumbnailUrl":"http:\/\/welye.com\/wp-content\/uploads\/2017\/07\/Pliages-imprimerie-paris-imprimeur-paris-welie.jpg","datePublished":"2017-07-18T09:29:43+00:00","dateModified":"2024-09-03T11:19:16+00:00","description":"\u2705Imprimerie Paris Welye | DISPLAY | Imprimeur Offset et num\u00e9rique \u00e0 Paris - Devis imm\u00e9diat par t\u00e9l\u00e9phone au 01 80 91 64 61 %","breadcrumb":{"@id":"https:\/\/welye.com\/en\/display\/#breadcrumb"},"inLanguage":"en-US","potentialAction":[{"@type":"ReadAction","target":["https:\/\/welye.com\/en\/display\/"]}]},{"@type":"ImageObject","inLanguage":"en-US","@id":"https:\/\/welye.com\/en\/display\/#primaryimage","url":"http:\/\/welye.com\/wp-content\/uploads\/2017\/07\/Pliages-imprimerie-paris-imprimeur-paris-welie.jpg","contentUrl":"http:\/\/welye.com\/wp-content\/uploads\/2017\/07\/Pliages-imprimerie-paris-imprimeur-paris-welie.jpg"},{"@type":"BreadcrumbList","@id":"https:\/\/welye.com\/en\/display\/#breadcrumb","itemListElement":[{"@type":"ListItem","position":1,"name":"Accueil","item":"https:\/\/welye.com\/en\/home\/"},{"@type":"ListItem","position":2,"name":"DISPLAY"}]},{"@type":"WebSite","@id":"https:\/\/welye.com\/en\/#website","url":"https:\/\/welye.com\/en\/","name":"Imprimerie Paris Welye | Welye Printing Paris","description":"Imprimeur offset &amp; num\u00e9rique \u00e0 Paris","publisher":{"@id":"https:\/\/welye.com\/en\/#organization"},"potentialAction":[{"@type":"SearchAction","target":{"@type":"EntryPoint","urlTemplate":"https:\/\/welye.com\/en\/?s={search_term_string}"},"query-input":{"@type":"PropertyValueSpecification","valueRequired":true,"valueName":"search_term_string"}}],"inLanguage":"en-US"},{"@type":"Organization","@id":"https:\/\/welye.com\/en\/#organization","name":"WELYE IMPRIMERIE PARIS | PARIS PRINTING","url":"https:\/\/welye.com\/en\/","logo":{"@type":"ImageObject","inLanguage":"en-US","@id":"https:\/\/welye.com\/en\/#\/schema\/logo\/image\/","url":"https:\/\/welye.com\/wp-content\/uploads\/2017\/07\/Welye-imprimerie-Paris.png","contentUrl":"https:\/\/welye.com\/wp-content\/uploads\/2017\/07\/Welye-imprimerie-Paris.png","width":976,"height":936,"caption":"WELYE IMPRIMERIE PARIS | PARIS PRINTING"},"image":{"@id":"https:\/\/welye.com\/en\/#\/schema\/logo\/image\/"},"sameAs":["https:\/\/www.facebook.com\/imprimeriewelye","https:\/\/x.com\/ImprimerieWelye","http:\/\/instagram.com\/imprimeriewelye","https:\/\/www.linkedin.com\/company\/welye","https:\/\/www.pinterest.com\/imprimerieparis\/","https:\/\/www.youtube.com\/channel\/UCpu3SXm_zmVzuQ7TCCH27xA"]}]}},"_links":{"self":[{"href":"https:\/\/welye.com\/en\/wp-json\/wp\/v2\/pages\/103537","targetHints":{"allow":["GET"]}}],"collection":[{"href":"https:\/\/welye.com\/en\/wp-json\/wp\/v2\/pages"}],"about":[{"href":"https:\/\/welye.com\/en\/wp-json\/wp\/v2\/types\/page"}],"author":[{"embeddable":true,"href":"https:\/\/welye.com\/en\/wp-json\/wp\/v2\/users\/1"}],"replies":[{"embeddable":true,"href":"https:\/\/welye.com\/en\/wp-json\/wp\/v2\/comments?post=103537"}],"version-history":[{"count":2,"href":"https:\/\/welye.com\/en\/wp-json\/wp\/v2\/pages\/103537\/revisions"}],"predecessor-version":[{"id":103540,"href":"https:\/\/welye.com\/en\/wp-json\/wp\/v2\/pages\/103537\/revisions\/103540"}],"wp:attachment":[{"href":"https:\/\/welye.com\/en\/wp-json\/wp\/v2\/media?parent=103537"}],"curies":[{"name":"wp","href":"https:\/\/api.w.org\/{rel}","templated":true}]}}