{"id":103615,"date":"2023-05-16T14:36:07","date_gmt":"2023-05-16T12:36:07","guid":{"rendered":"https:\/\/welye.com\/thank-you\/"},"modified":"2024-09-03T13:21:44","modified_gmt":"2024-09-03T11:21:44","slug":"thank-you","status":"publish","type":"page","link":"https:\/\/welye.com\/en\/thank-you\/","title":{"rendered":"THANK YOU"},"content":{"rendered":"<div class=\"wpb-content-wrapper\"><p>[vc_row full_width=&#8221;stretch_row_content&#8221; css=&#8221;.vc_custom_1500461561246{background-color: #2daae1 !important;}&#8221;][vc_column][vc_column_text]<\/p>\n<h1 style=\"text-align: center;\"><span style=\"color: #ffffff;\">Request a quote<\/span><\/h1>\n<p>[\/vc_column_text][\/vc_column][\/vc_row][vc_row][vc_column width=&#8221;1\/3&#8243;][vc_column_text css=&#8221;.vc_custom_1561034658280{padding-top: 10px !important;padding-right: 10px !important;padding-bottom: 10px !important;padding-left: 10px !important;background-color: rgba(0,157,224,0.19) !important;*background-color: rgb(0,157,224) !important;}&#8221;]<\/p>\n<h3><span style=\"color: #2daae1;\">Would you like a sales representative to call you back directly?<\/span><\/h3>\n<p><em><span style=\"color: #2daae1;\">Please fill in the form below.<\/span><\/em><\/p>\n<p>[contact-form-7 id=&#8221;7631&#8243; title=&#8221;Etre rappel\u00e9 par un commercial&#8221;][\/vc_column_text][vc_column_text]<\/p>\n<p style=\"text-align: justify;\">A team of professionals is available to answer all your quote requests by telephone (01 80 91 64 61) or via the quote form below (please fill in as much information as possible).<\/p>\n<p style=\"text-align: justify;\">We will be happy to process your request as quickly as possible.<\/p>\n<p>[\/vc_column_text][\/vc_column][vc_column width=&#8221;2\/3&#8243;][vc_column_text]<\/p>\n<h2 style=\"text-align: center;\">We have received your request for a quote.<br \/>\nWe will get back to you as soon as possible. <\/h2>\n<h2 style=\"text-align: center;\">If you have any special requests, please don&#8217;t hesitate to contact us by phone at<br \/> 01 80 91 64 61.<\/h2>\n<p>[\/vc_column_text][\/vc_column][\/vc_row]<\/p>\n<\/div>","protected":false},"excerpt":{"rendered":"<p>[vc_row full_width=&#8221;stretch_row_content&#8221; css=&#8221;.vc_custom_1500461561246{background-color: #2daae1 !important;}&#8221;][vc_column][vc_column_text] Request a quote [\/vc_column_text][\/vc_column][\/vc_row][vc_row][vc_column width=&#8221;1\/3&#8243;][vc_column_text css=&#8221;.vc_custom_1561034658280{padding-top: 10px !important;padding-right: 10px !important;padding-bottom: 10px !important;padding-left: 10px !important;background-color: rgba(0,157,224,0.19) !important;*background-color: rgb(0,157,224) !important;}&#8221;] Would you like a sales representative to call you back directly? Please fill in the form below. [contact-form-7 id=&#8221;7631&#8243; title=&#8221;Etre rappel\u00e9 par un commercial&#8221;][\/vc_column_text][vc_column_text] A team of professionals is available to answer&hellip;<\/p>\n","protected":false},"author":1,"featured_media":0,"parent":0,"menu_order":0,"comment_status":"closed","ping_status":"closed","template":"","meta":{"footnotes":"","_links_to":"","_links_to_target":""},"class_list":["post-103615","page","type-page","status-publish","hentry","description-off"],"yoast_head":"<!-- This site is optimized with the Yoast SEO plugin v26.4 - https:\/\/yoast.com\/wordpress\/plugins\/seo\/ -->\n<title>\u2705 THANK YOU | Imprimerie Paris Welye<\/title>\n<meta name=\"description\" content=\"\u2705Imprimerie Paris Welye | THANK YOU | Imprimeur Offset et num\u00e9rique \u00e0 Paris - Devis imm\u00e9diat par t\u00e9l\u00e9phone au 01 80 91 64 61 %\" \/>\n<meta name=\"robots\" content=\"index, follow, max-snippet:-1, max-image-preview:large, max-video-preview:-1\" \/>\n<link rel=\"canonical\" href=\"https:\/\/welye.com\/en\/thank-you\/\" \/>\n<meta property=\"og:locale\" content=\"en_US\" \/>\n<meta property=\"og:type\" content=\"article\" \/>\n<meta property=\"og:title\" content=\"\u2705 THANK YOU | Imprimerie Paris Welye\" \/>\n<meta property=\"og:description\" content=\"\u2705Imprimerie Paris Welye | THANK YOU | Imprimeur Offset et num\u00e9rique \u00e0 Paris - Devis imm\u00e9diat par t\u00e9l\u00e9phone au 01 80 91 64 61 %\" \/>\n<meta property=\"og:url\" content=\"https:\/\/welye.com\/en\/thank-you\/\" \/>\n<meta property=\"og:site_name\" content=\"Imprimerie Paris Welye\" \/>\n<meta property=\"article:publisher\" content=\"https:\/\/www.facebook.com\/imprimeriewelye\" \/>\n<meta property=\"article:modified_time\" content=\"2024-09-03T11:21:44+00:00\" \/>\n<meta property=\"og:image\" content=\"https:\/\/welye.com\/wp-content\/uploads\/2017\/07\/Welye-imprimerie-Paris.png\" \/>\n\t<meta property=\"og:image:width\" content=\"976\" \/>\n\t<meta property=\"og:image:height\" content=\"936\" \/>\n\t<meta property=\"og:image:type\" content=\"image\/png\" \/>\n<meta name=\"twitter:card\" content=\"summary_large_image\" \/>\n<meta name=\"twitter:site\" content=\"@ImprimerieWelye\" \/>\n<meta name=\"twitter:label1\" content=\"Est. reading time\" \/>\n\t<meta name=\"twitter:data1\" content=\"1 minute\" \/>\n<script type=\"application\/ld+json\" class=\"yoast-schema-graph\">{\"@context\":\"https:\/\/schema.org\",\"@graph\":[{\"@type\":\"WebPage\",\"@id\":\"https:\/\/welye.com\/en\/thank-you\/\",\"url\":\"https:\/\/welye.com\/en\/thank-you\/\",\"name\":\"\u2705 THANK YOU | Imprimerie Paris Welye\",\"isPartOf\":{\"@id\":\"https:\/\/welye.com\/en\/#website\"},\"datePublished\":\"2023-05-16T12:36:07+00:00\",\"dateModified\":\"2024-09-03T11:21:44+00:00\",\"description\":\"\u2705Imprimerie Paris Welye | THANK YOU | Imprimeur Offset et num\u00e9rique \u00e0 Paris - Devis imm\u00e9diat par t\u00e9l\u00e9phone au 01 80 91 64 61 %\",\"breadcrumb\":{\"@id\":\"https:\/\/welye.com\/en\/thank-you\/#breadcrumb\"},\"inLanguage\":\"en-US\",\"potentialAction\":[{\"@type\":\"ReadAction\",\"target\":[\"https:\/\/welye.com\/en\/thank-you\/\"]}]},{\"@type\":\"BreadcrumbList\",\"@id\":\"https:\/\/welye.com\/en\/thank-you\/#breadcrumb\",\"itemListElement\":[{\"@type\":\"ListItem\",\"position\":1,\"name\":\"Accueil\",\"item\":\"https:\/\/welye.com\/en\/home\/\"},{\"@type\":\"ListItem\",\"position\":2,\"name\":\"THANK YOU\"}]},{\"@type\":\"WebSite\",\"@id\":\"https:\/\/welye.com\/en\/#website\",\"url\":\"https:\/\/welye.com\/en\/\",\"name\":\"Imprimerie Paris Welye | Welye Printing Paris\",\"description\":\"Imprimeur offset &amp; num\u00e9rique \u00e0 Paris\",\"publisher\":{\"@id\":\"https:\/\/welye.com\/en\/#organization\"},\"potentialAction\":[{\"@type\":\"SearchAction\",\"target\":{\"@type\":\"EntryPoint\",\"urlTemplate\":\"https:\/\/welye.com\/en\/?s={search_term_string}\"},\"query-input\":{\"@type\":\"PropertyValueSpecification\",\"valueRequired\":true,\"valueName\":\"search_term_string\"}}],\"inLanguage\":\"en-US\"},{\"@type\":\"Organization\",\"@id\":\"https:\/\/welye.com\/en\/#organization\",\"name\":\"WELYE IMPRIMERIE PARIS | PARIS PRINTING\",\"url\":\"https:\/\/welye.com\/en\/\",\"logo\":{\"@type\":\"ImageObject\",\"inLanguage\":\"en-US\",\"@id\":\"https:\/\/welye.com\/en\/#\/schema\/logo\/image\/\",\"url\":\"https:\/\/welye.com\/wp-content\/uploads\/2017\/07\/Welye-imprimerie-Paris.png\",\"contentUrl\":\"https:\/\/welye.com\/wp-content\/uploads\/2017\/07\/Welye-imprimerie-Paris.png\",\"width\":976,\"height\":936,\"caption\":\"WELYE IMPRIMERIE PARIS | PARIS PRINTING\"},\"image\":{\"@id\":\"https:\/\/welye.com\/en\/#\/schema\/logo\/image\/\"},\"sameAs\":[\"https:\/\/www.facebook.com\/imprimeriewelye\",\"https:\/\/x.com\/ImprimerieWelye\",\"http:\/\/instagram.com\/imprimeriewelye\",\"https:\/\/www.linkedin.com\/company\/welye\",\"https:\/\/www.pinterest.com\/imprimerieparis\/\",\"https:\/\/www.youtube.com\/channel\/UCpu3SXm_zmVzuQ7TCCH27xA\"]}]}<\/script>\n<!-- \/ Yoast SEO plugin. -->","yoast_head_json":{"title":"\u2705 THANK YOU | Imprimerie Paris Welye","description":"\u2705Imprimerie Paris Welye | THANK YOU | Imprimeur Offset et num\u00e9rique \u00e0 Paris - Devis imm\u00e9diat par t\u00e9l\u00e9phone au 01 80 91 64 61 %","robots":{"index":"index","follow":"follow","max-snippet":"max-snippet:-1","max-image-preview":"max-image-preview:large","max-video-preview":"max-video-preview:-1"},"canonical":"https:\/\/welye.com\/en\/thank-you\/","og_locale":"en_US","og_type":"article","og_title":"\u2705 THANK YOU | Imprimerie Paris Welye","og_description":"\u2705Imprimerie Paris Welye | THANK YOU | Imprimeur Offset et num\u00e9rique \u00e0 Paris - Devis imm\u00e9diat par t\u00e9l\u00e9phone au 01 80 91 64 61 %","og_url":"https:\/\/welye.com\/en\/thank-you\/","og_site_name":"Imprimerie Paris Welye","article_publisher":"https:\/\/www.facebook.com\/imprimeriewelye","article_modified_time":"2024-09-03T11:21:44+00:00","og_image":[{"width":976,"height":936,"url":"https:\/\/welye.com\/wp-content\/uploads\/2017\/07\/Welye-imprimerie-Paris.png","type":"image\/png"}],"twitter_card":"summary_large_image","twitter_site":"@ImprimerieWelye","twitter_misc":{"Est. reading time":"1 minute"},"schema":{"@context":"https:\/\/schema.org","@graph":[{"@type":"WebPage","@id":"https:\/\/welye.com\/en\/thank-you\/","url":"https:\/\/welye.com\/en\/thank-you\/","name":"\u2705 THANK YOU | Imprimerie Paris Welye","isPartOf":{"@id":"https:\/\/welye.com\/en\/#website"},"datePublished":"2023-05-16T12:36:07+00:00","dateModified":"2024-09-03T11:21:44+00:00","description":"\u2705Imprimerie Paris Welye | THANK YOU | Imprimeur Offset et num\u00e9rique \u00e0 Paris - Devis imm\u00e9diat par t\u00e9l\u00e9phone au 01 80 91 64 61 %","breadcrumb":{"@id":"https:\/\/welye.com\/en\/thank-you\/#breadcrumb"},"inLanguage":"en-US","potentialAction":[{"@type":"ReadAction","target":["https:\/\/welye.com\/en\/thank-you\/"]}]},{"@type":"BreadcrumbList","@id":"https:\/\/welye.com\/en\/thank-you\/#breadcrumb","itemListElement":[{"@type":"ListItem","position":1,"name":"Accueil","item":"https:\/\/welye.com\/en\/home\/"},{"@type":"ListItem","position":2,"name":"THANK YOU"}]},{"@type":"WebSite","@id":"https:\/\/welye.com\/en\/#website","url":"https:\/\/welye.com\/en\/","name":"Imprimerie Paris Welye | Welye Printing Paris","description":"Imprimeur offset &amp; num\u00e9rique \u00e0 Paris","publisher":{"@id":"https:\/\/welye.com\/en\/#organization"},"potentialAction":[{"@type":"SearchAction","target":{"@type":"EntryPoint","urlTemplate":"https:\/\/welye.com\/en\/?s={search_term_string}"},"query-input":{"@type":"PropertyValueSpecification","valueRequired":true,"valueName":"search_term_string"}}],"inLanguage":"en-US"},{"@type":"Organization","@id":"https:\/\/welye.com\/en\/#organization","name":"WELYE IMPRIMERIE PARIS | PARIS PRINTING","url":"https:\/\/welye.com\/en\/","logo":{"@type":"ImageObject","inLanguage":"en-US","@id":"https:\/\/welye.com\/en\/#\/schema\/logo\/image\/","url":"https:\/\/welye.com\/wp-content\/uploads\/2017\/07\/Welye-imprimerie-Paris.png","contentUrl":"https:\/\/welye.com\/wp-content\/uploads\/2017\/07\/Welye-imprimerie-Paris.png","width":976,"height":936,"caption":"WELYE IMPRIMERIE PARIS | PARIS PRINTING"},"image":{"@id":"https:\/\/welye.com\/en\/#\/schema\/logo\/image\/"},"sameAs":["https:\/\/www.facebook.com\/imprimeriewelye","https:\/\/x.com\/ImprimerieWelye","http:\/\/instagram.com\/imprimeriewelye","https:\/\/www.linkedin.com\/company\/welye","https:\/\/www.pinterest.com\/imprimerieparis\/","https:\/\/www.youtube.com\/channel\/UCpu3SXm_zmVzuQ7TCCH27xA"]}]}},"_links":{"self":[{"href":"https:\/\/welye.com\/en\/wp-json\/wp\/v2\/pages\/103615","targetHints":{"allow":["GET"]}}],"collection":[{"href":"https:\/\/welye.com\/en\/wp-json\/wp\/v2\/pages"}],"about":[{"href":"https:\/\/welye.com\/en\/wp-json\/wp\/v2\/types\/page"}],"author":[{"embeddable":true,"href":"https:\/\/welye.com\/en\/wp-json\/wp\/v2\/users\/1"}],"replies":[{"embeddable":true,"href":"https:\/\/welye.com\/en\/wp-json\/wp\/v2\/comments?post=103615"}],"version-history":[{"count":1,"href":"https:\/\/welye.com\/en\/wp-json\/wp\/v2\/pages\/103615\/revisions"}],"predecessor-version":[{"id":103620,"href":"https:\/\/welye.com\/en\/wp-json\/wp\/v2\/pages\/103615\/revisions\/103620"}],"wp:attachment":[{"href":"https:\/\/welye.com\/en\/wp-json\/wp\/v2\/media?parent=103615"}],"curies":[{"name":"wp","href":"https:\/\/api.w.org\/{rel}","templated":true}]}}