{"id":103623,"date":"2022-02-10T14:32:52","date_gmt":"2022-02-10T13:32:52","guid":{"rendered":"https:\/\/welye.com\/papers-finishes\/"},"modified":"2025-07-15T15:14:43","modified_gmt":"2025-07-15T13:14:43","slug":"papers-finishes","status":"publish","type":"page","link":"https:\/\/welye.com\/en\/label-and-stiker-printer\/papers-finishes\/","title":{"rendered":"Papers &amp; finishes"},"content":{"rendered":"<div class=\"wpb-content-wrapper\"><p>[vc_row css=&#8221;.vc_custom_1752585091413{margin-bottom: 20px !important;}&#8221;][vc_column][vc_column_text css=&#8221;.vc_custom_1752585020690{margin-bottom: 0px !important;}&#8221;]<\/p>\n<h1 style=\"text-align: center;\">Papers, finishes and finishing<\/h1>\n<h2 style=\"text-align: center;\"><span style=\"color: #40a9ff;\">Label printer | Imprimerie stikers<\/span><\/h2>\n<p>[\/vc_column_text][\/vc_column][\/vc_row][vc_row][vc_column][vc_btn title=&#8221;REQUEST A QUOTE&#8221; style=&#8221;classic&#8221; color=&#8221;sky&#8221; size=&#8221;lg&#8221; align=&#8221;center&#8221; i_icon_fontawesome=&#8221;fas fa-arrow-alt-circle-right&#8221; css=&#8221;&#8221; add_icon=&#8221;true&#8221; link=&#8221;url:https%3A%2F%2Fwelye.com%2Fdevis-etiquettes%2F|title:DEVIS%20ETIQUETTES&#8221;][\/vc_column][\/vc_row][vc_row][vc_column][vc_column_text css=&#8221;&#8221;]<\/p>\n<p class=\"p1\">\n<h3><b>Custom Label Printing in Paris \u2013 Quality, Finishes, and Processing <\/b><\/h3>\n<p class=\"p3\">Specializing in \u201c<strong>custom label printing in Paris<\/strong>, Welye printing company supports you in creating custom adhesive labels\u201d, suitable for all sectors: food, cosmetics, industry, logistics, wine, or events. Thanks to a wide selection of papers (coated white, transparent, kraft, textured, synthetic PP), we produce your <strong>labels in rolls<\/strong> or <strong><strong>individually<\/strong> with great precision.<\/strong> <\/p>\n<p class=\"p3\">Our offset and digital printing techniques guarantee a professional, crisp, and durable result, regardless of the volume. We also offer high-end finishes such as spot UV varnish, lamination, hot foil stamping, etc&#8230;. Every detail matters, which is why our finishing service allows for custom cutting, to the desired format, with an adapted core and personalized orientation for manual or automatic application.  <\/p>\n<p class=\"p3\">Choosing Welye for your labels means opting for professional support, a high-end result, and fast production in Paris. Request your quote now for unique, meticulous, and 100% customized label printing. <\/p>\n<p>[\/vc_column_text][\/vc_column][\/vc_row][vc_row][vc_column width=&#8221;1\/3&#8243;][vc_single_image image=&#8221;102975&#8243; img_size=&#8221;full&#8221;][vc_column_text]<\/p>\n<h1>Paper and media<\/h1>\n<p><strong>Coated Papers<\/strong><br \/>Coated 80 gsm permanent adhesive<br \/>Coated 80 gsm adhesive<\/p>\n<p><strong>Polypropylene<\/strong><br \/>White PP 60 microns<br \/>Transparent PP 60 microns<br \/>Transparent PP for window decals 60 microns<br \/>Silver metallic PP 50 microns<\/p>\n<p><strong>Specialty Papers <\/strong><br \/>95 gsm uncoated paper (natural look)<br \/>90 gsm embossed pearl paper<br \/>90 gsm white laid paper<br \/>90 gsm extra-white laid paper<br \/>70 gsm Kraft paper<br \/>80 gsm fluorescent yellow paper<\/p>\n<p>Other papers are available upon request.[\/vc_column_text][\/vc_column][vc_column width=&#8221;1\/3&#8243;][vc_single_image image=&#8221;102976&#8243; img_size=&#8221;full&#8221;][vc_column_text]<\/p>\n<h1>Finishes and cut-outs<\/h1>\n<p><strong>Finishes <\/strong><br \/>Matte Lamination<br \/>Gloss Lamination<br \/>Matte Protective Varnish<br \/>Gloss Protective Varnish<br \/>Hot Foil Stamping (several colors available)<\/p>\n<p><strong>Cuts<\/strong><br \/>Straight Cut<br \/>Circular<br \/>Custom Shape<\/p>\n<p><strong>Printing<\/strong><br \/>No Printing<br \/>CMYK<br \/>Black[\/vc_column_text][\/vc_column][vc_column width=&#8221;1\/3&#8243;][vc_single_image image=&#8221;102977&#8243; img_size=&#8221;full&#8221;][vc_column_text]<\/p>\n<h1>Eco-friendly labels<\/h1>\n<p><strong>Papers <\/strong><br \/>Recycled Coated<br \/>Recycled Pearl Coated<br \/>90 gsm Sugarcane Fiber Paper<br \/>80 gsm Grass-based Paper<br \/>Transparent PLA[\/vc_column_text][\/vc_column][\/vc_row]<\/p>\n<\/div>","protected":false},"excerpt":{"rendered":"<p>[vc_row css=&#8221;.vc_custom_1752585091413{margin-bottom: 20px !important;}&#8221;][vc_column][vc_column_text css=&#8221;.vc_custom_1752585020690{margin-bottom: 0px !important;}&#8221;] Papers, finishes and finishing Label printer | Imprimerie stikers [\/vc_column_text][\/vc_column][\/vc_row][vc_row][vc_column][vc_btn title=&#8221;REQUEST A QUOTE&#8221; style=&#8221;classic&#8221; color=&#8221;sky&#8221; size=&#8221;lg&#8221; align=&#8221;center&#8221; i_icon_fontawesome=&#8221;fas fa-arrow-alt-circle-right&#8221; css=&#8221;&#8221; add_icon=&#8221;true&#8221; link=&#8221;url:https%3A%2F%2Fwelye.com%2Fdevis-etiquettes%2F|title:DEVIS%20ETIQUETTES&#8221;][\/vc_column][\/vc_row][vc_row][vc_column][vc_column_text css=&#8221;&#8221;] Custom Label Printing in Paris \u2013 Quality, Finishes, and Processing Specializing in \u201ccustom label printing in Paris, Welye printing company supports you in creating custom&hellip;<\/p>\n","protected":false},"author":1,"featured_media":0,"parent":103630,"menu_order":0,"comment_status":"closed","ping_status":"closed","template":"","meta":{"footnotes":"","_links_to":"","_links_to_target":""},"class_list":["post-103623","page","type-page","status-publish","hentry","description-off"],"yoast_head":"<!-- This site is optimized with the Yoast SEO plugin v27.5 - https:\/\/yoast.com\/product\/yoast-seo-wordpress\/ -->\n<title>Papers &amp; finishes | Imprimerie Paris Welye<\/title>\n<meta name=\"description\" content=\"\u2705Imprimerie Paris Welye | Papers &amp; finishes | Imprimeur Offset et num\u00e9rique \u00e0 Paris - Devis imm\u00e9diat par t\u00e9l\u00e9phone au 01 80 91 64 61 %\" \/>\n<meta name=\"robots\" content=\"index, follow, max-snippet:-1, max-image-preview:large, max-video-preview:-1\" \/>\n<link rel=\"canonical\" href=\"https:\/\/welye.com\/en\/label-and-stiker-printer\/papers-finishes\/\" \/>\n<meta property=\"og:locale\" content=\"en_US\" \/>\n<meta property=\"og:type\" content=\"article\" \/>\n<meta property=\"og:title\" content=\"Papers &amp; finishes | Imprimerie Paris Welye\" \/>\n<meta property=\"og:description\" content=\"\u2705Imprimerie Paris Welye | Papers &amp; finishes | Imprimeur Offset et num\u00e9rique \u00e0 Paris - Devis imm\u00e9diat par t\u00e9l\u00e9phone au 01 80 91 64 61 %\" \/>\n<meta property=\"og:url\" content=\"https:\/\/welye.com\/en\/label-and-stiker-printer\/papers-finishes\/\" \/>\n<meta property=\"og:site_name\" content=\"Imprimerie Paris Welye\" \/>\n<meta property=\"article:publisher\" content=\"https:\/\/www.facebook.com\/imprimeriewelye\" \/>\n<meta property=\"article:modified_time\" content=\"2025-07-15T13:14:43+00:00\" \/>\n<meta property=\"og:image\" content=\"https:\/\/welye.com\/wp-content\/uploads\/2017\/07\/Welye-imprimerie-Paris.png\" \/>\n\t<meta property=\"og:image:width\" content=\"976\" \/>\n\t<meta property=\"og:image:height\" content=\"936\" \/>\n\t<meta property=\"og:image:type\" content=\"image\/png\" \/>\n<meta name=\"twitter:card\" content=\"summary_large_image\" \/>\n<meta name=\"twitter:site\" content=\"@ImprimerieWelye\" \/>\n<meta name=\"twitter:label1\" content=\"Est. reading time\" \/>\n\t<meta name=\"twitter:data1\" content=\"2 minutes\" \/>\n<script type=\"application\/ld+json\" class=\"yoast-schema-graph\">{\"@context\":\"https:\\\/\\\/schema.org\",\"@graph\":[{\"@type\":\"WebPage\",\"@id\":\"https:\\\/\\\/welye.com\\\/en\\\/label-and-stiker-printer\\\/papers-finishes\\\/\",\"url\":\"https:\\\/\\\/welye.com\\\/en\\\/label-and-stiker-printer\\\/papers-finishes\\\/\",\"name\":\"Papers &amp; finishes | Imprimerie Paris Welye\",\"isPartOf\":{\"@id\":\"https:\\\/\\\/welye.com\\\/en\\\/#website\"},\"datePublished\":\"2022-02-10T13:32:52+00:00\",\"dateModified\":\"2025-07-15T13:14:43+00:00\",\"description\":\"\u2705Imprimerie Paris Welye | Papers &amp; finishes | Imprimeur Offset et num\u00e9rique \u00e0 Paris - Devis imm\u00e9diat par t\u00e9l\u00e9phone au 01 80 91 64 61 %\",\"breadcrumb\":{\"@id\":\"https:\\\/\\\/welye.com\\\/en\\\/label-and-stiker-printer\\\/papers-finishes\\\/#breadcrumb\"},\"inLanguage\":\"en-US\",\"potentialAction\":[{\"@type\":\"ReadAction\",\"target\":[\"https:\\\/\\\/welye.com\\\/en\\\/label-and-stiker-printer\\\/papers-finishes\\\/\"]}]},{\"@type\":\"BreadcrumbList\",\"@id\":\"https:\\\/\\\/welye.com\\\/en\\\/label-and-stiker-printer\\\/papers-finishes\\\/#breadcrumb\",\"itemListElement\":[{\"@type\":\"ListItem\",\"position\":1,\"name\":\"Accueil\",\"item\":\"https:\\\/\\\/welye.com\\\/en\\\/home\\\/\"},{\"@type\":\"ListItem\",\"position\":2,\"name\":\"LABEL AND STIKER PRINTER\",\"item\":\"https:\\\/\\\/welye.com\\\/en\\\/label-and-stiker-printer\\\/\"},{\"@type\":\"ListItem\",\"position\":3,\"name\":\"Papers &amp; finishes\"}]},{\"@type\":\"WebSite\",\"@id\":\"https:\\\/\\\/welye.com\\\/en\\\/#website\",\"url\":\"https:\\\/\\\/welye.com\\\/en\\\/\",\"name\":\"Imprimerie Paris Welye | Welye Printing Paris\",\"description\":\"Imprimeur offset &amp; num\u00e9rique \u00e0 Paris\",\"publisher\":{\"@id\":\"https:\\\/\\\/welye.com\\\/en\\\/#organization\"},\"potentialAction\":[{\"@type\":\"SearchAction\",\"target\":{\"@type\":\"EntryPoint\",\"urlTemplate\":\"https:\\\/\\\/welye.com\\\/en\\\/?s={search_term_string}\"},\"query-input\":{\"@type\":\"PropertyValueSpecification\",\"valueRequired\":true,\"valueName\":\"search_term_string\"}}],\"inLanguage\":\"en-US\"},{\"@type\":\"Organization\",\"@id\":\"https:\\\/\\\/welye.com\\\/en\\\/#organization\",\"name\":\"WELYE IMPRIMERIE PARIS | PARIS PRINTING\",\"url\":\"https:\\\/\\\/welye.com\\\/en\\\/\",\"logo\":{\"@type\":\"ImageObject\",\"inLanguage\":\"en-US\",\"@id\":\"https:\\\/\\\/welye.com\\\/en\\\/#\\\/schema\\\/logo\\\/image\\\/\",\"url\":\"https:\\\/\\\/welye.com\\\/wp-content\\\/uploads\\\/2017\\\/07\\\/Welye-imprimerie-Paris.png\",\"contentUrl\":\"https:\\\/\\\/welye.com\\\/wp-content\\\/uploads\\\/2017\\\/07\\\/Welye-imprimerie-Paris.png\",\"width\":976,\"height\":936,\"caption\":\"WELYE IMPRIMERIE PARIS | PARIS PRINTING\"},\"image\":{\"@id\":\"https:\\\/\\\/welye.com\\\/en\\\/#\\\/schema\\\/logo\\\/image\\\/\"},\"sameAs\":[\"https:\\\/\\\/www.facebook.com\\\/imprimeriewelye\",\"https:\\\/\\\/x.com\\\/ImprimerieWelye\",\"http:\\\/\\\/instagram.com\\\/imprimeriewelye\",\"https:\\\/\\\/www.linkedin.com\\\/company\\\/welye\",\"https:\\\/\\\/www.pinterest.com\\\/imprimerieparis\\\/\",\"https:\\\/\\\/www.youtube.com\\\/channel\\\/UCpu3SXm_zmVzuQ7TCCH27xA\"]}]}<\/script>\n<!-- \/ Yoast SEO plugin. -->","yoast_head_json":{"title":"Papers &amp; finishes | Imprimerie Paris Welye","description":"\u2705Imprimerie Paris Welye | Papers &amp; finishes | Imprimeur Offset et num\u00e9rique \u00e0 Paris - Devis imm\u00e9diat par t\u00e9l\u00e9phone au 01 80 91 64 61 %","robots":{"index":"index","follow":"follow","max-snippet":"max-snippet:-1","max-image-preview":"max-image-preview:large","max-video-preview":"max-video-preview:-1"},"canonical":"https:\/\/welye.com\/en\/label-and-stiker-printer\/papers-finishes\/","og_locale":"en_US","og_type":"article","og_title":"Papers &amp; finishes | Imprimerie Paris Welye","og_description":"\u2705Imprimerie Paris Welye | Papers &amp; finishes | Imprimeur Offset et num\u00e9rique \u00e0 Paris - Devis imm\u00e9diat par t\u00e9l\u00e9phone au 01 80 91 64 61 %","og_url":"https:\/\/welye.com\/en\/label-and-stiker-printer\/papers-finishes\/","og_site_name":"Imprimerie Paris Welye","article_publisher":"https:\/\/www.facebook.com\/imprimeriewelye","article_modified_time":"2025-07-15T13:14:43+00:00","og_image":[{"width":976,"height":936,"url":"https:\/\/welye.com\/wp-content\/uploads\/2017\/07\/Welye-imprimerie-Paris.png","type":"image\/png"}],"twitter_card":"summary_large_image","twitter_site":"@ImprimerieWelye","twitter_misc":{"Est. reading time":"2 minutes"},"schema":{"@context":"https:\/\/schema.org","@graph":[{"@type":"WebPage","@id":"https:\/\/welye.com\/en\/label-and-stiker-printer\/papers-finishes\/","url":"https:\/\/welye.com\/en\/label-and-stiker-printer\/papers-finishes\/","name":"Papers &amp; finishes | Imprimerie Paris Welye","isPartOf":{"@id":"https:\/\/welye.com\/en\/#website"},"datePublished":"2022-02-10T13:32:52+00:00","dateModified":"2025-07-15T13:14:43+00:00","description":"\u2705Imprimerie Paris Welye | Papers &amp; finishes | Imprimeur Offset et num\u00e9rique \u00e0 Paris - Devis imm\u00e9diat par t\u00e9l\u00e9phone au 01 80 91 64 61 %","breadcrumb":{"@id":"https:\/\/welye.com\/en\/label-and-stiker-printer\/papers-finishes\/#breadcrumb"},"inLanguage":"en-US","potentialAction":[{"@type":"ReadAction","target":["https:\/\/welye.com\/en\/label-and-stiker-printer\/papers-finishes\/"]}]},{"@type":"BreadcrumbList","@id":"https:\/\/welye.com\/en\/label-and-stiker-printer\/papers-finishes\/#breadcrumb","itemListElement":[{"@type":"ListItem","position":1,"name":"Accueil","item":"https:\/\/welye.com\/en\/home\/"},{"@type":"ListItem","position":2,"name":"LABEL AND STIKER PRINTER","item":"https:\/\/welye.com\/en\/label-and-stiker-printer\/"},{"@type":"ListItem","position":3,"name":"Papers &amp; finishes"}]},{"@type":"WebSite","@id":"https:\/\/welye.com\/en\/#website","url":"https:\/\/welye.com\/en\/","name":"Imprimerie Paris Welye | Welye Printing Paris","description":"Imprimeur offset &amp; num\u00e9rique \u00e0 Paris","publisher":{"@id":"https:\/\/welye.com\/en\/#organization"},"potentialAction":[{"@type":"SearchAction","target":{"@type":"EntryPoint","urlTemplate":"https:\/\/welye.com\/en\/?s={search_term_string}"},"query-input":{"@type":"PropertyValueSpecification","valueRequired":true,"valueName":"search_term_string"}}],"inLanguage":"en-US"},{"@type":"Organization","@id":"https:\/\/welye.com\/en\/#organization","name":"WELYE IMPRIMERIE PARIS | PARIS PRINTING","url":"https:\/\/welye.com\/en\/","logo":{"@type":"ImageObject","inLanguage":"en-US","@id":"https:\/\/welye.com\/en\/#\/schema\/logo\/image\/","url":"https:\/\/welye.com\/wp-content\/uploads\/2017\/07\/Welye-imprimerie-Paris.png","contentUrl":"https:\/\/welye.com\/wp-content\/uploads\/2017\/07\/Welye-imprimerie-Paris.png","width":976,"height":936,"caption":"WELYE IMPRIMERIE PARIS | PARIS PRINTING"},"image":{"@id":"https:\/\/welye.com\/en\/#\/schema\/logo\/image\/"},"sameAs":["https:\/\/www.facebook.com\/imprimeriewelye","https:\/\/x.com\/ImprimerieWelye","http:\/\/instagram.com\/imprimeriewelye","https:\/\/www.linkedin.com\/company\/welye","https:\/\/www.pinterest.com\/imprimerieparis\/","https:\/\/www.youtube.com\/channel\/UCpu3SXm_zmVzuQ7TCCH27xA"]}]}},"_links":{"self":[{"href":"https:\/\/welye.com\/en\/wp-json\/wp\/v2\/pages\/103623","targetHints":{"allow":["GET"]}}],"collection":[{"href":"https:\/\/welye.com\/en\/wp-json\/wp\/v2\/pages"}],"about":[{"href":"https:\/\/welye.com\/en\/wp-json\/wp\/v2\/types\/page"}],"author":[{"embeddable":true,"href":"https:\/\/welye.com\/en\/wp-json\/wp\/v2\/users\/1"}],"replies":[{"embeddable":true,"href":"https:\/\/welye.com\/en\/wp-json\/wp\/v2\/comments?post=103623"}],"version-history":[{"count":4,"href":"https:\/\/welye.com\/en\/wp-json\/wp\/v2\/pages\/103623\/revisions"}],"predecessor-version":[{"id":103989,"href":"https:\/\/welye.com\/en\/wp-json\/wp\/v2\/pages\/103623\/revisions\/103989"}],"up":[{"embeddable":true,"href":"https:\/\/welye.com\/en\/wp-json\/wp\/v2\/pages\/103630"}],"wp:attachment":[{"href":"https:\/\/welye.com\/en\/wp-json\/wp\/v2\/media?parent=103623"}],"curies":[{"name":"wp","href":"https:\/\/api.w.org\/{rel}","templated":true}]}}