{"id":103638,"date":"2018-10-03T15:02:28","date_gmt":"2018-10-03T13:02:28","guid":{"rendered":"https:\/\/welye.com\/printer-in-paris\/"},"modified":"2024-09-03T13:21:59","modified_gmt":"2024-09-03T11:21:59","slug":"printer-in-paris","status":"publish","type":"page","link":"https:\/\/welye.com\/en\/printer-in-paris\/","title":{"rendered":"Printer in Paris"},"content":{"rendered":"<div class=\"wpb-content-wrapper\"><p>[vc_row full_width=&#8221;stretch_row_content&#8221; css=&#8221;.vc_custom_1500459782627{background-color: #2daae1 !important;}&#8221;][vc_column 0=&#8221;&#8221;][vc_column_text 0=&#8221;&#8221;]<\/p>\n<h1 style=\"text-align: center;\"><span style=\"color: #ffffff;\">Paris printing works | Printer in Paris<\/span><\/h1>\n<p>[\/vc_column_text][\/vc_column][\/vc_row][vc_row css=&#8221;.vc_custom_1497619748221{background-color: #ffffff !important;}&#8221;][vc_column][vc_column_text]<\/p>\n<h2 style=\"text-align: center;\"><span style=\"color: #999999;\">Offset and digital printing in Paris<\/span><\/h2>\n<p>[\/vc_column_text][vc_row_inner][vc_column_inner width=&#8221;1\/3&#8243;][vc_single_image image=&#8221;103398&#8243; img_size=&#8221;full&#8221; alignment=&#8221;center&#8221; css_animation=&#8221;top-to-bottom&#8221;][vc_column_text]<\/p>\n<h3 style=\"text-align: center;\"><span style=\"color: #2daae1;\">Offset Printing<\/span><\/h3>\n<p>  The Paris Welye printing house offers offset printing that allows us to meet all your requests, with an irreproachable quality of print and a very low unit cost of production, for medium or large productions.<br \/>\nOffset printing is suitable for a wide range of products (flyers, cards, brochures, posters, leaflets, etc &#8230;) and allows printing on formats up to A0 (84 x 120 cm).<br \/>\nTo this is added finishing and shaping.[\/vc_column_text][\/vc_column_inner][vc_column_inner width=&#8221;1\/3&#8243;][vc_single_image image=&#8221;103400&#8243; img_size=&#8221;full&#8221; alignment=&#8221;center&#8221; css_animation=&#8221;top-to-bottom&#8221;][vc_column_text]<\/p>\n<h3 style=\"text-align: center;\"><span style=\"color: #2daae1;\">Digital Printing<\/span><\/h3>\n<p>  Digital printing is the solution for small prints.<br \/>\nThe print times are shorter than the offset printing which allows us to process your urgent requests.<br \/>\nDigital printing on paper is possible up to A3 + (32 x 45 cm), from 1 to 6 colors.<br \/>\nThis printing technique will also allow us to print on all types of media of small and large formats such as PVC, tarpaulins, Forex, wood, etc &#8230;[\/vc_column_text][\/vc_column_inner][vc_column_inner width=&#8221;1\/3&#8243;][vc_single_image image=&#8221;103401&#8243; img_size=&#8221;full&#8221; alignment=&#8221;center&#8221; css_animation=&#8221;top-to-bottom&#8221;][vc_column_text]<\/p>\n<h3 style=\"text-align: center;\"><span style=\"color: #2daae1;\">Finishing &amp; shaping<\/span><\/h3>\n<p>  We offer a wide choice of finishes for your communication media.<br \/>\nThese allow you to highlight the final product with: film coating, selective varnish, hot foil stamping, embossing, Pantone, etc &#8230;<br \/>\nAdded to this is the shaping which is the last stage of the printing and which will give the final aspect of your prints: Perfect binding, stitched backs, spirals, bends, creases, custom cutting, laser cutting, etc &#8230;[\/vc_column_text][\/vc_column_inner][\/vc_row_inner][\/vc_column][\/vc_row][vc_row full_width=&#8221;stretch_row&#8221; css=&#8221;.vc_custom_1499944185636{background-color: #f2f2f2 !important;}&#8221;][vc_column 0=&#8221;&#8221;][vc_column_text 0=&#8221;&#8221;]<\/p>\n<h2 style=\"text-align: center;\"><span style=\"color: #999999;\">They work with us<\/span><\/h2>\n<p>[\/vc_column_text]<div id=\"ult-carousel-339142343669e037e2613f4\" class=\"ult-carousel-wrapper   ult_horizontal\" data-gutter=\"8\" data-rtl=\"false\" ><div class=\"ult-carousel-253222130169e037e2612ae \" >[vc_single_image image=&#8221;103402&#8243; img_size=&#8221;full&#8221; alignment=&#8221;center&#8221;][vc_single_image image=&#8221;103403&#8243; img_size=&#8221;full&#8221; alignment=&#8221;center&#8221;][vc_single_image image=&#8221;103462&#8243; img_size=&#8221;full&#8221; alignment=&#8221;center&#8221;][vc_single_image image=&#8221;103409&#8243; img_size=&#8221;full&#8221; alignment=&#8221;center&#8221;][vc_single_image image=&#8221;103412&#8243; img_size=&#8221;full&#8221; alignment=&#8221;center&#8221;][vc_single_image image=&#8221;103413&#8243; img_size=&#8221;full&#8221; alignment=&#8221;center&#8221;][vc_single_image image=&#8221;103410&#8243; img_size=&#8221;full&#8221; alignment=&#8221;center&#8221;][vc_single_image image=&#8221;103406&#8243; img_size=&#8221;full&#8221; alignment=&#8221;center&#8221;][vc_single_image image=&#8221;103411&#8243; img_size=&#8221;full&#8221; alignment=&#8221;center&#8221;][vc_single_image image=&#8221;103407&#8243; img_size=&#8221;full&#8221; alignment=&#8221;center&#8221;]<\/div><\/div>\t\t\t<script type=\"text\/javascript\">\n\t\t\t\tjQuery(document).ready(function ($) {\n\t\t\t\t\tif( typeof jQuery('.ult-carousel-253222130169e037e2612ae').slick == \"function\"){\n\t\t\t\t\t\t$('.ult-carousel-253222130169e037e2612ae').slick({dots: false,autoplay: true,autoplaySpeed: \"3000\",speed: \"300\",infinite: true,arrows: true,nextArrow: '<button type=\"button\" role=\"button\" aria-label=\"Next\" style=\"color:#2daae1; font-size:20px;\" class=\"slick-next default\"><i class=\"ultsl-arrow-right6\"><\/i><\/button>',prevArrow: '<button type=\"button\" role=\"button\" aria-label=\"Previous\" style=\"color:#2daae1; font-size:20px;\" class=\"slick-prev default\"><i class=\"ultsl-arrow-left6\"><\/i><\/button>',slidesToScroll:5,slidesToShow:5,swipe: true,draggable: true,touchMove: true,pauseOnHover: true,pauseOnFocus: false,responsive: [\n\t\t\t\t\t\t\t{\n\t\t\t\t\t\t\t  breakpoint: 1026,\n\t\t\t\t\t\t\t  settings: {\n\t\t\t\t\t\t\t\tslidesToShow: 5,\n\t\t\t\t\t\t\t\tslidesToScroll: 5,  \n\t\t\t\t\t\t\t  }\n\t\t\t\t\t\t\t},\n\t\t\t\t\t\t\t{\n\t\t\t\t\t\t\t  breakpoint: 1025,\n\t\t\t\t\t\t\t  settings: {\n\t\t\t\t\t\t\t\tslidesToShow: 3,\n\t\t\t\t\t\t\t\tslidesToScroll: 3\n\t\t\t\t\t\t\t  }\n\t\t\t\t\t\t\t},\n\t\t\t\t\t\t\t{\n\t\t\t\t\t\t\t  breakpoint: 760,\n\t\t\t\t\t\t\t  settings: {\n\t\t\t\t\t\t\t\tslidesToShow: 2,\n\t\t\t\t\t\t\t\tslidesToScroll: 2\n\t\t\t\t\t\t\t  }\n\t\t\t\t\t\t\t}\n\t\t\t\t\t\t],pauseOnDotsHover: true,customPaging: function(slider, i) {\n                   return '<i type=\"button\" style= \"color:#333333;\" class=\"ultsl-record\" data-role=\"none\"><\/i>';\n                },});\n\t\t\t\t\t}\n\t\t\t\t});\n\t\t\t<\/script>\n\t\t\t[\/vc_column][\/vc_row][vc_row 0=&#8221;&#8221;][vc_column width=&#8221;1\/2&#8243;][vc_empty_space height=&#8221;20px&#8221;][vc_column_text 0=&#8221;&#8221;]<\/p>\n<h3 style=\"text-align: justify;\">Paris Welye is the preferred partner for all your projects from A to Z!<\/h3>\n<p>  Our skills, our team of professionals, our experience and know-how are a valuable asset for the creation and production of your communication media.<br \/>\nPersonalized and responsive listening with immediate quotation by email or telephone on +33 (0) 1 80 91 64 61, online via our request for quotation form, or by email, will allow you to carry out your project throughout France and around the world whole.[\/vc_column_text][\/vc_column][vc_column width=&#8221;1\/2&#8243;][vc_empty_space height=&#8221;20px&#8221;][vc_single_image image=&#8221;103414&#8243; img_size=&#8221;full&#8221; alignment=&#8221;center&#8221;][\/vc_column][\/vc_row][vc_row css=&#8221;.vc_custom_1499945216866{margin-top: 15px !important;}&#8221;][vc_column width=&#8221;1\/3&#8243;]<div class=\"aio-icon-component    style_2\"><div id=\"Info-box-wrap-5969\" class=\"aio-icon-box top-icon\" style=\"\"  ><div class=\"aio-icon-top\"><div class=\"ult-just-icon-wrapper  \"><div class=\"align-icon\" style=\"text-align:center;\">\n<div class=\"aio-icon circle \"  style=\"color:#2daae1;background:#f2f2f2;font-size:45px;display:inline-block;\">\n\t<i class=\"Defaults-thumbs-o-up\"><\/i>\n<\/div><\/div><\/div><\/div><div class=\"aio-icon-header\" ><h3 class=\"aio-icon-title ult-responsive\"  data-ultimate-target='#Info-box-wrap-5969 .aio-icon-title'  data-responsive-json-new='{\"font-size\":\"\",\"line-height\":\"\"}'  style=\"\">FILE VERIFICATION<\/h3><\/div> <!-- header --><div class=\"aio-icon-description ult-responsive\"  data-ultimate-target='#Info-box-wrap-5969 .aio-icon-description'  data-responsive-json-new='{\"font-size\":\"\",\"line-height\":\"\"}'  style=\"\"><\/p>\n<p style=\"text-align: center;\">Our graphic workshop checks all of your files for free before production.<\/p>\n<p><\/div> <!-- description --><\/div> <!-- aio-icon-box --><\/div> <!-- aio-icon-component -->[\/vc_column][vc_column width=&#8221;1\/3&#8243;]<div class=\"aio-icon-component    style_2\"><div id=\"Info-box-wrap-5829\" class=\"aio-icon-box top-icon\" style=\"\"  ><div class=\"aio-icon-top\"><div class=\"ult-just-icon-wrapper  \"><div class=\"align-icon\" style=\"text-align:center;\">\n<div class=\"aio-icon circle \"  style=\"color:#2daae1;background:#f2f2f2;font-size:45px;display:inline-block;\">\n\t<i class=\"Defaults-truck\"><\/i>\n<\/div><\/div><\/div><\/div><div class=\"aio-icon-header\" ><h3 class=\"aio-icon-title ult-responsive\"  data-ultimate-target='#Info-box-wrap-5829 .aio-icon-title'  data-responsive-json-new='{\"font-size\":\"\",\"line-height\":\"\"}'  style=\"\">DELIVER YOUR ORDERS<\/h3><\/div> <!-- header --><div class=\"aio-icon-description ult-responsive\"  data-ultimate-target='#Info-box-wrap-5829 .aio-icon-description'  data-responsive-json-new='{\"font-size\":\"\",\"line-height\":\"\"}'  style=\"\"><\/p>\n<p style=\"text-align: center;\">Worldwide delivery via UPS, DHL or Chronopost<\/p>\n<p><\/div> <!-- description --><\/div> <!-- aio-icon-box --><\/div> <!-- aio-icon-component -->[\/vc_column][vc_column width=&#8221;1\/3&#8243;]<div class=\"aio-icon-component    style_2\"><div id=\"Info-box-wrap-8889\" class=\"aio-icon-box top-icon\" style=\"\"  ><div class=\"aio-icon-top\"><div class=\"ult-just-icon-wrapper  \"><div class=\"align-icon\" style=\"text-align:center;\">\n<div class=\"aio-icon circle \"  style=\"color:#2daae1;background:#f2f2f2;font-size:45px;display:inline-block;\">\n\t<i class=\"Defaults-credit-card\"><\/i>\n<\/div><\/div><\/div><\/div><div class=\"aio-icon-header\" ><h3 class=\"aio-icon-title ult-responsive\"  data-ultimate-target='#Info-box-wrap-8889 .aio-icon-title'  data-responsive-json-new='{\"font-size\":\"\",\"line-height\":\"\"}'  style=\"\">PAYMENT METHOD<\/h3><\/div> <!-- header --><div class=\"aio-icon-description ult-responsive\"  data-ultimate-target='#Info-box-wrap-8889 .aio-icon-description'  data-responsive-json-new='{\"font-size\":\"\",\"line-height\":\"\"}'  style=\"\"><\/p>\n<p style=\"text-align: center;\">You can pay your orders by: Credit card or bank transfer<\/p>\n<p><\/div> <!-- description --><\/div> <!-- aio-icon-box --><\/div> <!-- aio-icon-component -->[\/vc_column][\/vc_row][vc_row css=&#8221;.vc_custom_1499945633573{margin-top: 20px !important;}&#8221;][vc_column 0=&#8221;&#8221;][vc_column_text 0=&#8221;&#8221;]<\/p>\n<h2 style=\"text-align: center;\"><span style=\"color: #2daae1;\">Welye, Printer in Paris<\/span><\/h2>\n<p>[\/vc_column_text][vc_column_text 0=&#8221;&#8221;]Printing in Paris, Welye meets all your requests for printing, offset and digital.<br \/>\nAs a printer in Paris and in the Paris region, our product catalog will enable you to set up all your printing needs: business cards, letterheads, correspondence cards, stamps, envelopes, flyers, leaflets, leaflets, brochures flap pockets, flap folders, small size posters, large format posters, metal piqu\u00e9 brochures, glued square back pamphlets, spiral brochures, wire&#8217;o brochures.<br \/>\nPrinting on all media The printing office in Paris Welye offers you the digital printing of your large format supports on different rigid materials: printing on wood, PVC, dibond\u00ae, akylux\u00ae, cardboard, cardboard, aluminum, etc.<br \/>\nWe also offer, as a printer in Paris, printing on flexible media such as fabric, wallpaper, synthetic fabric and tarpaulin, in small and large format.<br \/>\nImmediate quote by phone, online, or email Printer in Paris, we respond to your requests for quotation directly by phone at 01 80 91 64 61 or via our forms: quote for the printing of spiral brochures, quote for the printing of your booklets glued back or customized quotes .<br \/>\nYou can also place an order in our online print shop for some of our products.<br \/>\nPrinting in Paris for small and large formats The Paris Welye printing works uses digital and offset technologies to offer perfectly complementary services.<br \/>\nTherefore, we offer the printing of your media in small and large quantities, in small and large formats, with an impeccable print quality.<br \/>\nAdded to this is our graphic workshop, which is at your disposal to answer all your questions related to the creation of your communication media.<br \/>\nIndeed, graphic design for production, requires a certain amount of knowledge that will allow you the best rendering of your documents.[\/vc_column_text][\/vc_column][\/vc_row][vc_row][vc_column][vc_column_text 0=&#8221;&#8221;]<\/p>\n<h2 style=\"text-align: center;\"><span style=\"color: #2daae1;\">Last articles<\/span><\/h2>\n<p>[\/vc_column_text][vc_basic_grid post_type=&#8221;post&#8221; max_items=&#8221;30&#8243; element_width=&#8221;2&#8243; gap=&#8221;25&#8243; grid_id=&#8221;vc_gid:1538572273200-113243f1-4af7-6&#8243;][\/vc_column][\/vc_row][vc_row gap=&#8221;20&#8243;][vc_column width=&#8221;1\/2&#8243; css=&#8221;.vc_custom_1500543183884{padding-top: 5px !important;padding-right: 5px !important;padding-bottom: 5px !important;padding-left: 5px !important;background-color: #f4f4f4 !important;}&#8221;][vc_column_text css=&#8221;.vc_custom_1538572656280{padding-top: 15px !important;padding-right: 15px !important;padding-bottom: 15px !important;padding-left: 15px !important;}&#8221;]<\/p>\n<h3 style=\"text-align: justify;\"><span style=\"color: #2daae1;\">Definition: Digital Printing<\/span><\/h3>\n<p>  The product formatted by computer processing goes straight out of the printer.<br \/>\nDigital Printing decreases editing times by removing steps that can cause errors between document creation and offset printing.<br \/>\nUnlike offset, inks are powdered and fired at the base of the paper which gives a generally glossy rendering irrespective of paper style.<br \/>\nAs the ink is on the surface it is more sensitive to friction and bending.<br \/>\nChoosing the right impression is the help you get from the Welye printing house in Paris.<br \/>\nHis advice will allow you to carry out in good conditions all your projects big and small.[\/vc_column_text][\/vc_column][vc_column width=&#8221;1\/2&#8243; css=&#8221;.vc_custom_1500543197216{padding-top: 5px !important;padding-right: 5px !important;padding-bottom: 5px !important;padding-left: 5px !important;background-color: #f4f4f4 !important;}&#8221;][vc_column_text css=&#8221;.vc_custom_1538572699257{padding-top: 15px !important;padding-right: 15px !important;padding-bottom: 15px !important;padding-left: 15px !important;}&#8221;]<\/p>\n<h3 style=\"text-align: justify;\"><span style=\"color: #2daae1;\">Definition : Offset printing<\/span><\/h3>\n<p>  The printing house Paris Welye, uses this technique of printing by which the support with its embedded image (an engraved metal plate) will not be applied directly on the paper but on a cylinder surrounded by a sheet of rubber or blanket with from which the ink will reach the paper.<br \/>\nToday the upheaval of offset printing is such that the reduction in costs is remarkable (without films or metal plates) Depending on the type of product to be printed from 500 copies, the Welye printing press in Paris offers its customers the offset technique which is more profitable under these conditions.<br \/>\nThe inks are liquid and partly impregnate the paper.<br \/>\nSo there is a different rendering in terms of colors for the same project depending on the finish and the quality of the paper used[\/vc_column_text][\/vc_column][\/vc_row]<\/p>\n<\/div>","protected":false},"excerpt":{"rendered":"<p>[vc_row full_width=&#8221;stretch_row_content&#8221; css=&#8221;.vc_custom_1500459782627{background-color: #2daae1 !important;}&#8221;][vc_column 0=&#8221;&#8221;][vc_column_text 0=&#8221;&#8221;] Paris printing works | Printer in Paris [\/vc_column_text][\/vc_column][\/vc_row][vc_row css=&#8221;.vc_custom_1497619748221{background-color: #ffffff !important;}&#8221;][vc_column][vc_column_text] Offset and digital printing in Paris [\/vc_column_text][vc_row_inner][vc_column_inner width=&#8221;1\/3&#8243;][vc_single_image image=&#8221;103398&#8243; img_size=&#8221;full&#8221; alignment=&#8221;center&#8221; css_animation=&#8221;top-to-bottom&#8221;][vc_column_text] Offset Printing The Paris Welye printing house offers offset printing that allows us to meet all your requests, with an irreproachable quality of print and&hellip;<\/p>\n","protected":false},"author":1,"featured_media":0,"parent":0,"menu_order":0,"comment_status":"closed","ping_status":"closed","template":"","meta":{"footnotes":"","_links_to":"","_links_to_target":""},"class_list":["post-103638","page","type-page","status-publish","hentry","description-off"],"yoast_head":"<!-- This site is optimized with the Yoast SEO plugin v26.4 - https:\/\/yoast.com\/wordpress\/plugins\/seo\/ -->\n<title>Printer in Paris | Imprimerie Paris Welye<\/title>\n<meta name=\"description\" content=\"\u2705Imprimerie Paris Welye | Printer in Paris | Imprimeur Offset et num\u00e9rique \u00e0 Paris - Devis imm\u00e9diat par t\u00e9l\u00e9phone au 01 80 91 64 61 %\" \/>\n<meta name=\"robots\" content=\"index, follow, max-snippet:-1, max-image-preview:large, max-video-preview:-1\" \/>\n<link rel=\"canonical\" href=\"https:\/\/welye.com\/en\/printer-in-paris\/\" \/>\n<meta property=\"og:locale\" content=\"en_US\" \/>\n<meta property=\"og:type\" content=\"article\" \/>\n<meta property=\"og:title\" content=\"Printer in Paris | Imprimerie Paris Welye\" \/>\n<meta property=\"og:description\" content=\"\u2705Imprimerie Paris Welye | Printer in Paris | Imprimeur Offset et num\u00e9rique \u00e0 Paris - Devis imm\u00e9diat par t\u00e9l\u00e9phone au 01 80 91 64 61 %\" \/>\n<meta property=\"og:url\" content=\"https:\/\/welye.com\/en\/printer-in-paris\/\" \/>\n<meta property=\"og:site_name\" content=\"Imprimerie Paris Welye\" \/>\n<meta property=\"article:publisher\" content=\"https:\/\/www.facebook.com\/imprimeriewelye\" \/>\n<meta property=\"article:modified_time\" content=\"2024-09-03T11:21:59+00:00\" \/>\n<meta property=\"og:image\" content=\"https:\/\/welye.com\/wp-content\/uploads\/2017\/07\/Welye-imprimerie-Paris.png\" \/>\n\t<meta property=\"og:image:width\" content=\"976\" \/>\n\t<meta property=\"og:image:height\" content=\"936\" \/>\n\t<meta property=\"og:image:type\" content=\"image\/png\" \/>\n<meta name=\"twitter:card\" content=\"summary_large_image\" \/>\n<meta name=\"twitter:site\" content=\"@ImprimerieWelye\" \/>\n<meta name=\"twitter:label1\" content=\"Est. reading time\" \/>\n\t<meta name=\"twitter:data1\" content=\"7 minutes\" \/>\n<script type=\"application\/ld+json\" class=\"yoast-schema-graph\">{\"@context\":\"https:\/\/schema.org\",\"@graph\":[{\"@type\":\"WebPage\",\"@id\":\"https:\/\/welye.com\/en\/printer-in-paris\/\",\"url\":\"https:\/\/welye.com\/en\/printer-in-paris\/\",\"name\":\"Printer in Paris | Imprimerie Paris Welye\",\"isPartOf\":{\"@id\":\"https:\/\/welye.com\/en\/#website\"},\"datePublished\":\"2018-10-03T13:02:28+00:00\",\"dateModified\":\"2024-09-03T11:21:59+00:00\",\"description\":\"\u2705Imprimerie Paris Welye | Printer in Paris | Imprimeur Offset et num\u00e9rique \u00e0 Paris - Devis imm\u00e9diat par t\u00e9l\u00e9phone au 01 80 91 64 61 %\",\"breadcrumb\":{\"@id\":\"https:\/\/welye.com\/en\/printer-in-paris\/#breadcrumb\"},\"inLanguage\":\"en-US\",\"potentialAction\":[{\"@type\":\"ReadAction\",\"target\":[\"https:\/\/welye.com\/en\/printer-in-paris\/\"]}]},{\"@type\":\"BreadcrumbList\",\"@id\":\"https:\/\/welye.com\/en\/printer-in-paris\/#breadcrumb\",\"itemListElement\":[{\"@type\":\"ListItem\",\"position\":1,\"name\":\"Accueil\",\"item\":\"https:\/\/welye.com\/en\/home\/\"},{\"@type\":\"ListItem\",\"position\":2,\"name\":\"Printer in Paris\"}]},{\"@type\":\"WebSite\",\"@id\":\"https:\/\/welye.com\/en\/#website\",\"url\":\"https:\/\/welye.com\/en\/\",\"name\":\"Imprimerie Paris Welye | Welye Printing Paris\",\"description\":\"Imprimeur offset &amp; num\u00e9rique \u00e0 Paris\",\"publisher\":{\"@id\":\"https:\/\/welye.com\/en\/#organization\"},\"potentialAction\":[{\"@type\":\"SearchAction\",\"target\":{\"@type\":\"EntryPoint\",\"urlTemplate\":\"https:\/\/welye.com\/en\/?s={search_term_string}\"},\"query-input\":{\"@type\":\"PropertyValueSpecification\",\"valueRequired\":true,\"valueName\":\"search_term_string\"}}],\"inLanguage\":\"en-US\"},{\"@type\":\"Organization\",\"@id\":\"https:\/\/welye.com\/en\/#organization\",\"name\":\"WELYE IMPRIMERIE PARIS | PARIS PRINTING\",\"url\":\"https:\/\/welye.com\/en\/\",\"logo\":{\"@type\":\"ImageObject\",\"inLanguage\":\"en-US\",\"@id\":\"https:\/\/welye.com\/en\/#\/schema\/logo\/image\/\",\"url\":\"https:\/\/welye.com\/wp-content\/uploads\/2017\/07\/Welye-imprimerie-Paris.png\",\"contentUrl\":\"https:\/\/welye.com\/wp-content\/uploads\/2017\/07\/Welye-imprimerie-Paris.png\",\"width\":976,\"height\":936,\"caption\":\"WELYE IMPRIMERIE PARIS | PARIS PRINTING\"},\"image\":{\"@id\":\"https:\/\/welye.com\/en\/#\/schema\/logo\/image\/\"},\"sameAs\":[\"https:\/\/www.facebook.com\/imprimeriewelye\",\"https:\/\/x.com\/ImprimerieWelye\",\"http:\/\/instagram.com\/imprimeriewelye\",\"https:\/\/www.linkedin.com\/company\/welye\",\"https:\/\/www.pinterest.com\/imprimerieparis\/\",\"https:\/\/www.youtube.com\/channel\/UCpu3SXm_zmVzuQ7TCCH27xA\"]}]}<\/script>\n<!-- \/ Yoast SEO plugin. -->","yoast_head_json":{"title":"Printer in Paris | Imprimerie Paris Welye","description":"\u2705Imprimerie Paris Welye | Printer in Paris | Imprimeur Offset et num\u00e9rique \u00e0 Paris - Devis imm\u00e9diat par t\u00e9l\u00e9phone au 01 80 91 64 61 %","robots":{"index":"index","follow":"follow","max-snippet":"max-snippet:-1","max-image-preview":"max-image-preview:large","max-video-preview":"max-video-preview:-1"},"canonical":"https:\/\/welye.com\/en\/printer-in-paris\/","og_locale":"en_US","og_type":"article","og_title":"Printer in Paris | Imprimerie Paris Welye","og_description":"\u2705Imprimerie Paris Welye | Printer in Paris | Imprimeur Offset et num\u00e9rique \u00e0 Paris - Devis imm\u00e9diat par t\u00e9l\u00e9phone au 01 80 91 64 61 %","og_url":"https:\/\/welye.com\/en\/printer-in-paris\/","og_site_name":"Imprimerie Paris Welye","article_publisher":"https:\/\/www.facebook.com\/imprimeriewelye","article_modified_time":"2024-09-03T11:21:59+00:00","og_image":[{"width":976,"height":936,"url":"https:\/\/welye.com\/wp-content\/uploads\/2017\/07\/Welye-imprimerie-Paris.png","type":"image\/png"}],"twitter_card":"summary_large_image","twitter_site":"@ImprimerieWelye","twitter_misc":{"Est. reading time":"7 minutes"},"schema":{"@context":"https:\/\/schema.org","@graph":[{"@type":"WebPage","@id":"https:\/\/welye.com\/en\/printer-in-paris\/","url":"https:\/\/welye.com\/en\/printer-in-paris\/","name":"Printer in Paris | Imprimerie Paris Welye","isPartOf":{"@id":"https:\/\/welye.com\/en\/#website"},"datePublished":"2018-10-03T13:02:28+00:00","dateModified":"2024-09-03T11:21:59+00:00","description":"\u2705Imprimerie Paris Welye | Printer in Paris | Imprimeur Offset et num\u00e9rique \u00e0 Paris - Devis imm\u00e9diat par t\u00e9l\u00e9phone au 01 80 91 64 61 %","breadcrumb":{"@id":"https:\/\/welye.com\/en\/printer-in-paris\/#breadcrumb"},"inLanguage":"en-US","potentialAction":[{"@type":"ReadAction","target":["https:\/\/welye.com\/en\/printer-in-paris\/"]}]},{"@type":"BreadcrumbList","@id":"https:\/\/welye.com\/en\/printer-in-paris\/#breadcrumb","itemListElement":[{"@type":"ListItem","position":1,"name":"Accueil","item":"https:\/\/welye.com\/en\/home\/"},{"@type":"ListItem","position":2,"name":"Printer in Paris"}]},{"@type":"WebSite","@id":"https:\/\/welye.com\/en\/#website","url":"https:\/\/welye.com\/en\/","name":"Imprimerie Paris Welye | Welye Printing Paris","description":"Imprimeur offset &amp; num\u00e9rique \u00e0 Paris","publisher":{"@id":"https:\/\/welye.com\/en\/#organization"},"potentialAction":[{"@type":"SearchAction","target":{"@type":"EntryPoint","urlTemplate":"https:\/\/welye.com\/en\/?s={search_term_string}"},"query-input":{"@type":"PropertyValueSpecification","valueRequired":true,"valueName":"search_term_string"}}],"inLanguage":"en-US"},{"@type":"Organization","@id":"https:\/\/welye.com\/en\/#organization","name":"WELYE IMPRIMERIE PARIS | PARIS PRINTING","url":"https:\/\/welye.com\/en\/","logo":{"@type":"ImageObject","inLanguage":"en-US","@id":"https:\/\/welye.com\/en\/#\/schema\/logo\/image\/","url":"https:\/\/welye.com\/wp-content\/uploads\/2017\/07\/Welye-imprimerie-Paris.png","contentUrl":"https:\/\/welye.com\/wp-content\/uploads\/2017\/07\/Welye-imprimerie-Paris.png","width":976,"height":936,"caption":"WELYE IMPRIMERIE PARIS | PARIS PRINTING"},"image":{"@id":"https:\/\/welye.com\/en\/#\/schema\/logo\/image\/"},"sameAs":["https:\/\/www.facebook.com\/imprimeriewelye","https:\/\/x.com\/ImprimerieWelye","http:\/\/instagram.com\/imprimeriewelye","https:\/\/www.linkedin.com\/company\/welye","https:\/\/www.pinterest.com\/imprimerieparis\/","https:\/\/www.youtube.com\/channel\/UCpu3SXm_zmVzuQ7TCCH27xA"]}]}},"_links":{"self":[{"href":"https:\/\/welye.com\/en\/wp-json\/wp\/v2\/pages\/103638","targetHints":{"allow":["GET"]}}],"collection":[{"href":"https:\/\/welye.com\/en\/wp-json\/wp\/v2\/pages"}],"about":[{"href":"https:\/\/welye.com\/en\/wp-json\/wp\/v2\/types\/page"}],"author":[{"embeddable":true,"href":"https:\/\/welye.com\/en\/wp-json\/wp\/v2\/users\/1"}],"replies":[{"embeddable":true,"href":"https:\/\/welye.com\/en\/wp-json\/wp\/v2\/comments?post=103638"}],"version-history":[{"count":2,"href":"https:\/\/welye.com\/en\/wp-json\/wp\/v2\/pages\/103638\/revisions"}],"predecessor-version":[{"id":103653,"href":"https:\/\/welye.com\/en\/wp-json\/wp\/v2\/pages\/103638\/revisions\/103653"}],"wp:attachment":[{"href":"https:\/\/welye.com\/en\/wp-json\/wp\/v2\/media?parent=103638"}],"curies":[{"name":"wp","href":"https:\/\/api.w.org\/{rel}","templated":true}]}}