{"id":103659,"date":"2017-07-19T14:47:23","date_gmt":"2017-07-19T12:47:23","guid":{"rendered":"https:\/\/welye.com\/advice-graphics\/"},"modified":"2024-09-03T13:22:08","modified_gmt":"2024-09-03T11:22:08","slug":"advice-graphics","status":"publish","type":"page","link":"https:\/\/welye.com\/en\/advice-graphics\/","title":{"rendered":"ADVICE &amp; GRAPHICS"},"content":{"rendered":"<div class=\"wpb-content-wrapper\"><p>[vc_row full_width=&#8221;stretch_row_content&#8221; css=&#8221;.vc_custom_1500468185870{background-color: #2daae1 !important;}&#8221;][vc_column][vc_column_text]<\/p>\n<h1 style=\"text-align: center;\"><span style=\"color: #ffffff;\">Consulting &amp; graphic design<\/span><\/h1>\n<p>[\/vc_column_text][\/vc_column][\/vc_row][vc_row][vc_column width=&#8221;2\/3&#8243;][vc_column_text]<\/p>\n<h2 style=\"text-align: justify;\"><span style=\"color: #2daae1;\">Need advice?<\/span><\/h2>\n<p style=\"text-align: justify;\">Do you <b>need advice<\/b> on designing your layout, choosing your paper and finish, or simply exporting your files?<br \/>\nOne of our graphic arts professionals will get back to you and<b>meet all your needs<\/b>. <\/p>\n<p>  Our equipment, software and machinery enable us to meet all your needs, whether it&#8217;s to <b>create your model<\/b>, <b>retouch<\/b> existing files or simply provide <b>advice<\/b>.[\/vc_column_text][vc_single_image image=&#8221;103447&#8243; img_size=&#8221;full&#8221; css_animation=&#8221;fadeInRight&#8221;][vc_empty_space height=&#8221;20px&#8221;][vc_column_text]<\/p>\n<h2 style=\"text-align: justify;\"><span style=\"color: #2daae1;\">Remote control<\/span><\/h2>\n<p style=\"text-align: justify;\">Would you like us to work on your screen and design software remotely, to give you the technical support you need to create your model?<br \/>\nIt&#8217;s now possible! <\/p>\n<p style=\"text-align: justify;\"><b>A graphic designer intervenes directly and helps you according to your needs.<\/b><\/p>\n<p style=\"text-align: justify;\">Simply download the <a href=\"http:\/\/www.teamviewer.com\/fr\/download\/index.aspx\">TEAMVIEWER<\/a> software, and we&#8217;ll take control of your computer remotely.<\/p>\n<p>[\/vc_column_text][\/vc_column][vc_column width=&#8221;1\/3&#8243;][vc_single_image image=&#8221;103448&#8243; img_size=&#8221;full&#8221; alignment=&#8221;right&#8221; css_animation=&#8221;fadeInRight&#8221;][\/vc_column][\/vc_row]<\/p>\n<\/div>","protected":false},"excerpt":{"rendered":"<p>[vc_row full_width=&#8221;stretch_row_content&#8221; css=&#8221;.vc_custom_1500468185870{background-color: #2daae1 !important;}&#8221;][vc_column][vc_column_text] Consulting &amp; graphic design [\/vc_column_text][\/vc_column][\/vc_row][vc_row][vc_column width=&#8221;2\/3&#8243;][vc_column_text] Need advice? Do you need advice on designing your layout, choosing your paper and finish, or simply exporting your files? One of our graphic arts professionals will get back to you andmeet all your needs. Our equipment, software and machinery enable us to meet&hellip;<\/p>\n","protected":false},"author":1,"featured_media":0,"parent":0,"menu_order":0,"comment_status":"closed","ping_status":"closed","template":"","meta":{"footnotes":"","_links_to":"","_links_to_target":""},"class_list":["post-103659","page","type-page","status-publish","hentry","description-off"],"yoast_head":"<!-- This site is optimized with the Yoast SEO plugin v26.4 - https:\/\/yoast.com\/wordpress\/plugins\/seo\/ -->\n<title>ADVICE &amp; GRAPHICS | Imprimerie Paris Welye<\/title>\n<meta name=\"description\" content=\"\u2705Imprimerie Paris Welye | ADVICE &amp; GRAPHICS | Imprimeur Offset et num\u00e9rique \u00e0 Paris - Devis imm\u00e9diat par t\u00e9l\u00e9phone au 01 80 91 64 61 %\" \/>\n<meta name=\"robots\" content=\"index, follow, max-snippet:-1, max-image-preview:large, max-video-preview:-1\" \/>\n<link rel=\"canonical\" href=\"https:\/\/welye.com\/en\/advice-graphics\/\" \/>\n<meta property=\"og:locale\" content=\"en_US\" \/>\n<meta property=\"og:type\" content=\"article\" \/>\n<meta property=\"og:title\" content=\"ADVICE &amp; GRAPHICS | Imprimerie Paris Welye\" \/>\n<meta property=\"og:description\" content=\"\u2705Imprimerie Paris Welye | ADVICE &amp; GRAPHICS | Imprimeur Offset et num\u00e9rique \u00e0 Paris - Devis imm\u00e9diat par t\u00e9l\u00e9phone au 01 80 91 64 61 %\" \/>\n<meta property=\"og:url\" content=\"https:\/\/welye.com\/en\/advice-graphics\/\" \/>\n<meta property=\"og:site_name\" content=\"Imprimerie Paris Welye\" \/>\n<meta property=\"article:publisher\" content=\"https:\/\/www.facebook.com\/imprimeriewelye\" \/>\n<meta property=\"article:modified_time\" content=\"2024-09-03T11:22:08+00:00\" \/>\n<meta property=\"og:image\" content=\"https:\/\/welye.com\/wp-content\/uploads\/2017\/07\/Welye-imprimerie-Paris.png\" \/>\n\t<meta property=\"og:image:width\" content=\"976\" \/>\n\t<meta property=\"og:image:height\" content=\"936\" \/>\n\t<meta property=\"og:image:type\" content=\"image\/png\" \/>\n<meta name=\"twitter:card\" content=\"summary_large_image\" \/>\n<meta name=\"twitter:site\" content=\"@ImprimerieWelye\" \/>\n<meta name=\"twitter:label1\" content=\"Est. reading time\" \/>\n\t<meta name=\"twitter:data1\" content=\"1 minute\" \/>\n<script type=\"application\/ld+json\" class=\"yoast-schema-graph\">{\"@context\":\"https:\/\/schema.org\",\"@graph\":[{\"@type\":\"WebPage\",\"@id\":\"https:\/\/welye.com\/en\/advice-graphics\/\",\"url\":\"https:\/\/welye.com\/en\/advice-graphics\/\",\"name\":\"ADVICE &amp; GRAPHICS | Imprimerie Paris Welye\",\"isPartOf\":{\"@id\":\"https:\/\/welye.com\/en\/#website\"},\"datePublished\":\"2017-07-19T12:47:23+00:00\",\"dateModified\":\"2024-09-03T11:22:08+00:00\",\"description\":\"\u2705Imprimerie Paris Welye | ADVICE &amp; GRAPHICS | Imprimeur Offset et num\u00e9rique \u00e0 Paris - Devis imm\u00e9diat par t\u00e9l\u00e9phone au 01 80 91 64 61 %\",\"breadcrumb\":{\"@id\":\"https:\/\/welye.com\/en\/advice-graphics\/#breadcrumb\"},\"inLanguage\":\"en-US\",\"potentialAction\":[{\"@type\":\"ReadAction\",\"target\":[\"https:\/\/welye.com\/en\/advice-graphics\/\"]}]},{\"@type\":\"BreadcrumbList\",\"@id\":\"https:\/\/welye.com\/en\/advice-graphics\/#breadcrumb\",\"itemListElement\":[{\"@type\":\"ListItem\",\"position\":1,\"name\":\"Accueil\",\"item\":\"https:\/\/welye.com\/en\/home\/\"},{\"@type\":\"ListItem\",\"position\":2,\"name\":\"ADVICE &amp; GRAPHICS\"}]},{\"@type\":\"WebSite\",\"@id\":\"https:\/\/welye.com\/en\/#website\",\"url\":\"https:\/\/welye.com\/en\/\",\"name\":\"Imprimerie Paris Welye | Welye Printing Paris\",\"description\":\"Imprimeur offset &amp; num\u00e9rique \u00e0 Paris\",\"publisher\":{\"@id\":\"https:\/\/welye.com\/en\/#organization\"},\"potentialAction\":[{\"@type\":\"SearchAction\",\"target\":{\"@type\":\"EntryPoint\",\"urlTemplate\":\"https:\/\/welye.com\/en\/?s={search_term_string}\"},\"query-input\":{\"@type\":\"PropertyValueSpecification\",\"valueRequired\":true,\"valueName\":\"search_term_string\"}}],\"inLanguage\":\"en-US\"},{\"@type\":\"Organization\",\"@id\":\"https:\/\/welye.com\/en\/#organization\",\"name\":\"WELYE IMPRIMERIE PARIS | PARIS PRINTING\",\"url\":\"https:\/\/welye.com\/en\/\",\"logo\":{\"@type\":\"ImageObject\",\"inLanguage\":\"en-US\",\"@id\":\"https:\/\/welye.com\/en\/#\/schema\/logo\/image\/\",\"url\":\"https:\/\/welye.com\/wp-content\/uploads\/2017\/07\/Welye-imprimerie-Paris.png\",\"contentUrl\":\"https:\/\/welye.com\/wp-content\/uploads\/2017\/07\/Welye-imprimerie-Paris.png\",\"width\":976,\"height\":936,\"caption\":\"WELYE IMPRIMERIE PARIS | PARIS PRINTING\"},\"image\":{\"@id\":\"https:\/\/welye.com\/en\/#\/schema\/logo\/image\/\"},\"sameAs\":[\"https:\/\/www.facebook.com\/imprimeriewelye\",\"https:\/\/x.com\/ImprimerieWelye\",\"http:\/\/instagram.com\/imprimeriewelye\",\"https:\/\/www.linkedin.com\/company\/welye\",\"https:\/\/www.pinterest.com\/imprimerieparis\/\",\"https:\/\/www.youtube.com\/channel\/UCpu3SXm_zmVzuQ7TCCH27xA\"]}]}<\/script>\n<!-- \/ Yoast SEO plugin. -->","yoast_head_json":{"title":"ADVICE &amp; GRAPHICS | Imprimerie Paris Welye","description":"\u2705Imprimerie Paris Welye | ADVICE &amp; GRAPHICS | Imprimeur Offset et num\u00e9rique \u00e0 Paris - Devis imm\u00e9diat par t\u00e9l\u00e9phone au 01 80 91 64 61 %","robots":{"index":"index","follow":"follow","max-snippet":"max-snippet:-1","max-image-preview":"max-image-preview:large","max-video-preview":"max-video-preview:-1"},"canonical":"https:\/\/welye.com\/en\/advice-graphics\/","og_locale":"en_US","og_type":"article","og_title":"ADVICE &amp; GRAPHICS | Imprimerie Paris Welye","og_description":"\u2705Imprimerie Paris Welye | ADVICE &amp; GRAPHICS | Imprimeur Offset et num\u00e9rique \u00e0 Paris - Devis imm\u00e9diat par t\u00e9l\u00e9phone au 01 80 91 64 61 %","og_url":"https:\/\/welye.com\/en\/advice-graphics\/","og_site_name":"Imprimerie Paris Welye","article_publisher":"https:\/\/www.facebook.com\/imprimeriewelye","article_modified_time":"2024-09-03T11:22:08+00:00","og_image":[{"width":976,"height":936,"url":"https:\/\/welye.com\/wp-content\/uploads\/2017\/07\/Welye-imprimerie-Paris.png","type":"image\/png"}],"twitter_card":"summary_large_image","twitter_site":"@ImprimerieWelye","twitter_misc":{"Est. reading time":"1 minute"},"schema":{"@context":"https:\/\/schema.org","@graph":[{"@type":"WebPage","@id":"https:\/\/welye.com\/en\/advice-graphics\/","url":"https:\/\/welye.com\/en\/advice-graphics\/","name":"ADVICE &amp; GRAPHICS | Imprimerie Paris Welye","isPartOf":{"@id":"https:\/\/welye.com\/en\/#website"},"datePublished":"2017-07-19T12:47:23+00:00","dateModified":"2024-09-03T11:22:08+00:00","description":"\u2705Imprimerie Paris Welye | ADVICE &amp; GRAPHICS | Imprimeur Offset et num\u00e9rique \u00e0 Paris - Devis imm\u00e9diat par t\u00e9l\u00e9phone au 01 80 91 64 61 %","breadcrumb":{"@id":"https:\/\/welye.com\/en\/advice-graphics\/#breadcrumb"},"inLanguage":"en-US","potentialAction":[{"@type":"ReadAction","target":["https:\/\/welye.com\/en\/advice-graphics\/"]}]},{"@type":"BreadcrumbList","@id":"https:\/\/welye.com\/en\/advice-graphics\/#breadcrumb","itemListElement":[{"@type":"ListItem","position":1,"name":"Accueil","item":"https:\/\/welye.com\/en\/home\/"},{"@type":"ListItem","position":2,"name":"ADVICE &amp; GRAPHICS"}]},{"@type":"WebSite","@id":"https:\/\/welye.com\/en\/#website","url":"https:\/\/welye.com\/en\/","name":"Imprimerie Paris Welye | Welye Printing Paris","description":"Imprimeur offset &amp; num\u00e9rique \u00e0 Paris","publisher":{"@id":"https:\/\/welye.com\/en\/#organization"},"potentialAction":[{"@type":"SearchAction","target":{"@type":"EntryPoint","urlTemplate":"https:\/\/welye.com\/en\/?s={search_term_string}"},"query-input":{"@type":"PropertyValueSpecification","valueRequired":true,"valueName":"search_term_string"}}],"inLanguage":"en-US"},{"@type":"Organization","@id":"https:\/\/welye.com\/en\/#organization","name":"WELYE IMPRIMERIE PARIS | PARIS PRINTING","url":"https:\/\/welye.com\/en\/","logo":{"@type":"ImageObject","inLanguage":"en-US","@id":"https:\/\/welye.com\/en\/#\/schema\/logo\/image\/","url":"https:\/\/welye.com\/wp-content\/uploads\/2017\/07\/Welye-imprimerie-Paris.png","contentUrl":"https:\/\/welye.com\/wp-content\/uploads\/2017\/07\/Welye-imprimerie-Paris.png","width":976,"height":936,"caption":"WELYE IMPRIMERIE PARIS | PARIS PRINTING"},"image":{"@id":"https:\/\/welye.com\/en\/#\/schema\/logo\/image\/"},"sameAs":["https:\/\/www.facebook.com\/imprimeriewelye","https:\/\/x.com\/ImprimerieWelye","http:\/\/instagram.com\/imprimeriewelye","https:\/\/www.linkedin.com\/company\/welye","https:\/\/www.pinterest.com\/imprimerieparis\/","https:\/\/www.youtube.com\/channel\/UCpu3SXm_zmVzuQ7TCCH27xA"]}]}},"_links":{"self":[{"href":"https:\/\/welye.com\/en\/wp-json\/wp\/v2\/pages\/103659","targetHints":{"allow":["GET"]}}],"collection":[{"href":"https:\/\/welye.com\/en\/wp-json\/wp\/v2\/pages"}],"about":[{"href":"https:\/\/welye.com\/en\/wp-json\/wp\/v2\/types\/page"}],"author":[{"embeddable":true,"href":"https:\/\/welye.com\/en\/wp-json\/wp\/v2\/users\/1"}],"replies":[{"embeddable":true,"href":"https:\/\/welye.com\/en\/wp-json\/wp\/v2\/comments?post=103659"}],"version-history":[{"count":2,"href":"https:\/\/welye.com\/en\/wp-json\/wp\/v2\/pages\/103659\/revisions"}],"predecessor-version":[{"id":103677,"href":"https:\/\/welye.com\/en\/wp-json\/wp\/v2\/pages\/103659\/revisions\/103677"}],"wp:attachment":[{"href":"https:\/\/welye.com\/en\/wp-json\/wp\/v2\/media?parent=103659"}],"curies":[{"name":"wp","href":"https:\/\/api.w.org\/{rel}","templated":true}]}}