{"id":103664,"date":"2017-07-18T11:30:36","date_gmt":"2017-07-18T09:30:36","guid":{"rendered":"https:\/\/welye.com\/rigid-supports\/"},"modified":"2024-09-03T13:22:08","modified_gmt":"2024-09-03T11:22:08","slug":"rigid-supports","status":"publish","type":"page","link":"https:\/\/welye.com\/en\/rigid-supports\/","title":{"rendered":"RIGID SUPPORTS"},"content":{"rendered":"<div class=\"wpb-content-wrapper\"><p>[vc_row][vc_column][vc_column_text]<\/p>\n<h1 style=\"text-align: center;\">Rigid board printer in Paris<\/h1>\n<p>[\/vc_column_text][\/vc_column][\/vc_row][vc_row gap=&#8221;10&#8243;][vc_column width=&#8221;1\/3&#8243; css=&#8221;.vc_custom_1562601001075{margin-top: 3px !important;margin-right: 3px !important;margin-bottom: 3px !important;margin-left: 3px !important;background-color: #dcf4e7 !important;}&#8221;][vc_column_text]<\/p>\n<h1 style=\"text-align: center;\">FOREX<\/h1>\n<p>[\/vc_column_text][vc_single_image image=&#8221;103472&#8243; img_size=&#8221;full&#8221; alignment=&#8221;center&#8221;][vc_column_text]<span style=\"color: #333333;\"><strong>Available thicknesses<\/strong>: 3 mm &#8211; 5 mm &#8211; 10 mm<\/span><span style=\"color: #333333;\"><strong>Min. format<\/strong> 20 x 20 cm<\/span><span style=\"color: #333333;\"><strong>Max. format<\/strong>: 200 x 300 cm<\/span><span style=\"color: #333333;\"><strong>Printing<\/strong>: Four-color process on both sides<\/span><span style=\"color: #333333;\"><strong>Printing on Forex<\/strong>: Forex is a plastic material with a homogeneous structure and a smooth, compact surface for indoor and outdoor use.<\/span><span style=\"color: #333333;\"><strong>Options available<\/strong>: die-cutting, protective varnish <strong>Other colors available<\/strong> (to order): red, green, black, yellow, blue, gray<\/span>[\/vc_column_text][\/vc_column][vc_column width=&#8221;1\/3&#8243; css=&#8221;.vc_custom_1562601147134{margin-top: 3px !important;margin-right: 3px !important;margin-bottom: 3px !important;margin-left: 3px !important;background-color: #fff9e5 !important;}&#8221;][vc_column_text]<\/p>\n<h1 style=\"text-align: center;\">PLEXIGLASS<\/h1>\n<h1 style=\"text-align: center;\"><\/h1>\n<p>[\/vc_column_text][vc_single_image image=&#8221;103473&#8243; img_size=&#8221;full&#8221; alignment=&#8221;center&#8221;][vc_column_text]<span style=\"color: #333333;\"><strong>Available thicknesses<\/strong>: 3 mm &#8211; 5 mm <strong>Finish<\/strong>: transparent or translucent<\/span><span style=\"color: #333333;\"><strong>Min. format<\/strong> 20 x 20 cm<\/span><span style=\"color: #333333;\"><strong>Max. format<\/strong>: 200 x 200 cm<\/span><span style=\"color: #333333;\"><strong>Printing<\/strong>: 4-color process recto and selective white <\/span> <\/p>\n<p><span style=\"color: #333333;\"><strong>Printing on Plexiglass<\/strong>: Plexiglass is an alternative to glass (lighter and much stronger).<br \/>\nIt can be used both indoors and outdoors. <\/span><\/p>\n<p><span style=\"color: #333333;\"><strong>Available options<\/strong>: die-cutting, protective varnish  <\/span>[\/vc_column_text][\/vc_column][vc_column width=&#8221;1\/3&#8243; css=&#8221;.vc_custom_1562602049249{margin-top: 3px !important;margin-right: 3px !important;margin-bottom: 3px !important;margin-left: 3px !important;background-color: #fff4f4 !important;}&#8221;][vc_column_text]<\/p>\n<h1 style=\"text-align: center;\">DIBOND<\/h1>\n<h1 style=\"text-align: center;\"><\/h1>\n<p>[\/vc_column_text][vc_single_image image=&#8221;103474&#8243; img_size=&#8221;full&#8221; alignment=&#8221;center&#8221;][vc_column_text]<span style=\"color: #333333;\"><strong>Available thicknesses<\/strong>: 3 mm <strong>Finish<\/strong>: white or brushed aluminium<\/span><span style=\"color: #333333;\"><strong>Minimum format<\/strong> 20 x 20 cm<\/span><span style=\"color: #333333;\"><strong>Max. format<\/strong>: 180 x 280 cm<\/span><span style=\"color: #333333;\"><strong>Printing<\/strong>: Four-color process, front and back <\/span> <\/p>\n<p><span style=\"color: #333333;\"><strong>Printing on Dibond<\/strong>: Dibon is an aluminum substrate designed for indoor and outdoor display.<br \/>\nPrinting on Dijon gives a high-quality gloss and real UV resistance. <\/span><\/p>\n<p><span style=\"color: #333333;\"><strong>Available options<\/strong>: die-cutting, protective varnish, gloss lamination and selective varnish  <\/span>[\/vc_column_text][\/vc_column][\/vc_row][vc_row gap=&#8221;10&#8243;][vc_column width=&#8221;1\/3&#8243; css=&#8221;.vc_custom_1562602913417{margin-top: 3px !important;margin-right: 3px !important;margin-bottom: 3px !important;margin-left: 3px !important;background-color: #def6f7 !important;}&#8221;][vc_column_text]<\/p>\n<h1 style=\"text-align: center;\">AKYLUX<\/h1>\n<p>[\/vc_column_text][vc_single_image image=&#8221;103470&#8243; img_size=&#8221;full&#8221; alignment=&#8221;center&#8221;][vc_column_text]<span style=\"color: #333333;\"><strong>Available thicknesses<\/strong>: 3.5 mm &#8211; 5 mm<\/span><span style=\"color: #333333;\"><strong>Min. format<\/strong> 20 x 20 cm<\/span><span style=\"color: #333333;\"><strong>Max. format<\/strong>: 200 x 300 cm<\/span><span style=\"color: #333333;\"><strong>Printing<\/strong>: Four-color process, front and back<\/span><\/p>\n<p><span style=\"color: #333333;\"><strong>Printing on Akylux<\/strong>: Akylux is the ideal medium for outdoor display printing.<br \/>\nLightweight and economical, it is often used for advertising and real-estate signs. <\/span><\/p>\n<p><span style=\"color: #333333;\"><strong>Available options<\/strong>: die-cutting, protective varnish <strong>Options<\/strong>: eyelets on corners or all around the perimeter<\/span>[\/vc_column_text][\/vc_column][vc_column width=&#8221;1\/3&#8243; css=&#8221;.vc_custom_1562604045715{margin-top: 3px !important;margin-right: 3px !important;margin-bottom: 3px !important;margin-left: 3px !important;background-color: #e5e7ff !important;}&#8221;][vc_column_text]<\/p>\n<h1 style=\"text-align: center;\">FEATHER CARDBOARD<\/h1>\n<h1 style=\"text-align: center;\"><\/h1>\n<p>[\/vc_column_text][vc_single_image image=&#8221;103475&#8243; img_size=&#8221;full&#8221; alignment=&#8221;center&#8221;][vc_column_text]<span style=\"color: #333333;\"><strong>Available thicknesses<\/strong>: 5 mm &#8211; 10 mm <strong>Surface<\/strong>: smooth or textured (canvas)<\/span><span style=\"color: #333333;\"><strong>Min. format<\/strong> 20 x 20 cm<\/span><span style=\"color: #333333;\"><strong>Max. format<\/strong>: 180 x 280 cm<\/span><span style=\"color: #333333;\"><strong>Printing<\/strong>: Quadri Recto <\/span> <\/p>\n<p><span style=\"color: #333333;\"><strong>Printing on featherboard<\/strong>: featherboard is an extremely light, rigid and durable medium.<br \/>\nIt is composed of expanded polystyrene on the inside and solid polystyrene on the surface. <\/span><\/p>\n<p><span style=\"color: #333333;\"><strong>Available options<\/strong>: die-cutting, protective varnish  <\/span>[\/vc_column_text][\/vc_column][vc_column width=&#8221;1\/3&#8243; css=&#8221;.vc_custom_1562604523264{margin-top: 3px !important;margin-right: 3px !important;margin-bottom: 3px !important;margin-left: 3px !important;background-color: #fefff4 !important;}&#8221;][vc_column_text]<\/p>\n<h1 style=\"text-align: center;\">CARTON<\/h1>\n<h1 style=\"text-align: center;\"><\/h1>\n<p>[\/vc_column_text][vc_single_image image=&#8221;103476&#8243; img_size=&#8221;full&#8221; alignment=&#8221;center&#8221;][vc_column_text]<span style=\"color: #333333;\"><strong>Available thicknesses<\/strong>: 550 g &#8211; 1.4 mm &#8211; 1.6 mm &#8211; 2.3 mm &#8211; 4 mm &#8211; 10 mm <strong>Types<\/strong>: honeycomb, 1-side coated, chipboard, corrugated, double and triple fluted<\/span><span style=\"color: #333333;\"><strong>Min. format<\/strong> 20 x 20 cm<\/span><span style=\"color: #333333;\"><strong>Max. format<\/strong>: 150 x 300 cm<\/span><span style=\"color: #333333;\"><strong>Printing<\/strong>: Four-color process, single-sided <\/span><span style=\"color: #333333;\"><strong>Printing on cardboard<\/strong>: lightweight and suitable for indoor use.<\/span><span style=\"color: #333333;\"><strong>Available options<\/strong>: die-cutting, protective varnish <\/span>[\/vc_column_text][\/vc_column][\/vc_row]<\/p>\n<\/div>","protected":false},"excerpt":{"rendered":"<p>[vc_row][vc_column][vc_column_text] Rigid board printer in Paris [\/vc_column_text][\/vc_column][\/vc_row][vc_row gap=&#8221;10&#8243;][vc_column width=&#8221;1\/3&#8243; css=&#8221;.vc_custom_1562601001075{margin-top: 3px !important;margin-right: 3px !important;margin-bottom: 3px !important;margin-left: 3px !important;background-color: #dcf4e7 !important;}&#8221;][vc_column_text] FOREX [\/vc_column_text][vc_single_image image=&#8221;103472&#8243; img_size=&#8221;full&#8221; alignment=&#8221;center&#8221;][vc_column_text]Available thicknesses: 3 mm &#8211; 5 mm &#8211; 10 mmMin. format 20 x 20 cmMax. format: 200 x 300 cmPrinting: Four-color process on both sidesPrinting on Forex: Forex is a plastic&hellip;<\/p>\n","protected":false},"author":1,"featured_media":0,"parent":0,"menu_order":0,"comment_status":"closed","ping_status":"closed","template":"","meta":{"footnotes":"","_links_to":"","_links_to_target":""},"class_list":["post-103664","page","type-page","status-publish","hentry","description-off"],"yoast_head":"<!-- This site is optimized with the Yoast SEO plugin v26.4 - https:\/\/yoast.com\/wordpress\/plugins\/seo\/ -->\n<title>RIGID SUPPORTS | Imprimerie Paris Welye<\/title>\n<meta name=\"description\" content=\"\u2705Imprimerie Paris Welye | RIGID SUPPORTS | Imprimeur Offset et num\u00e9rique \u00e0 Paris - Devis imm\u00e9diat par t\u00e9l\u00e9phone au 01 80 91 64 61 %\" \/>\n<meta name=\"robots\" content=\"index, follow, max-snippet:-1, max-image-preview:large, max-video-preview:-1\" \/>\n<link rel=\"canonical\" href=\"https:\/\/welye.com\/en\/rigid-supports\/\" \/>\n<meta property=\"og:locale\" content=\"en_US\" \/>\n<meta property=\"og:type\" content=\"article\" \/>\n<meta property=\"og:title\" content=\"RIGID SUPPORTS | Imprimerie Paris Welye\" \/>\n<meta property=\"og:description\" content=\"\u2705Imprimerie Paris Welye | RIGID SUPPORTS | Imprimeur Offset et num\u00e9rique \u00e0 Paris - Devis imm\u00e9diat par t\u00e9l\u00e9phone au 01 80 91 64 61 %\" \/>\n<meta property=\"og:url\" content=\"https:\/\/welye.com\/en\/rigid-supports\/\" \/>\n<meta property=\"og:site_name\" content=\"Imprimerie Paris Welye\" \/>\n<meta property=\"article:publisher\" content=\"https:\/\/www.facebook.com\/imprimeriewelye\" \/>\n<meta property=\"article:modified_time\" content=\"2024-09-03T11:22:08+00:00\" \/>\n<meta property=\"og:image\" content=\"https:\/\/welye.com\/wp-content\/uploads\/2017\/07\/Welye-imprimerie-Paris.png\" \/>\n\t<meta property=\"og:image:width\" content=\"976\" \/>\n\t<meta property=\"og:image:height\" content=\"936\" \/>\n\t<meta property=\"og:image:type\" content=\"image\/png\" \/>\n<meta name=\"twitter:card\" content=\"summary_large_image\" \/>\n<meta name=\"twitter:site\" content=\"@ImprimerieWelye\" \/>\n<meta name=\"twitter:label1\" content=\"Est. reading time\" \/>\n\t<meta name=\"twitter:data1\" content=\"3 minutes\" \/>\n<script type=\"application\/ld+json\" class=\"yoast-schema-graph\">{\"@context\":\"https:\/\/schema.org\",\"@graph\":[{\"@type\":\"WebPage\",\"@id\":\"https:\/\/welye.com\/en\/rigid-supports\/\",\"url\":\"https:\/\/welye.com\/en\/rigid-supports\/\",\"name\":\"RIGID SUPPORTS | Imprimerie Paris Welye\",\"isPartOf\":{\"@id\":\"https:\/\/welye.com\/en\/#website\"},\"datePublished\":\"2017-07-18T09:30:36+00:00\",\"dateModified\":\"2024-09-03T11:22:08+00:00\",\"description\":\"\u2705Imprimerie Paris Welye | RIGID SUPPORTS | Imprimeur Offset et num\u00e9rique \u00e0 Paris - Devis imm\u00e9diat par t\u00e9l\u00e9phone au 01 80 91 64 61 %\",\"breadcrumb\":{\"@id\":\"https:\/\/welye.com\/en\/rigid-supports\/#breadcrumb\"},\"inLanguage\":\"en-US\",\"potentialAction\":[{\"@type\":\"ReadAction\",\"target\":[\"https:\/\/welye.com\/en\/rigid-supports\/\"]}]},{\"@type\":\"BreadcrumbList\",\"@id\":\"https:\/\/welye.com\/en\/rigid-supports\/#breadcrumb\",\"itemListElement\":[{\"@type\":\"ListItem\",\"position\":1,\"name\":\"Accueil\",\"item\":\"https:\/\/welye.com\/en\/home\/\"},{\"@type\":\"ListItem\",\"position\":2,\"name\":\"RIGID SUPPORTS\"}]},{\"@type\":\"WebSite\",\"@id\":\"https:\/\/welye.com\/en\/#website\",\"url\":\"https:\/\/welye.com\/en\/\",\"name\":\"Imprimerie Paris Welye | Welye Printing Paris\",\"description\":\"Imprimeur offset &amp; num\u00e9rique \u00e0 Paris\",\"publisher\":{\"@id\":\"https:\/\/welye.com\/en\/#organization\"},\"potentialAction\":[{\"@type\":\"SearchAction\",\"target\":{\"@type\":\"EntryPoint\",\"urlTemplate\":\"https:\/\/welye.com\/en\/?s={search_term_string}\"},\"query-input\":{\"@type\":\"PropertyValueSpecification\",\"valueRequired\":true,\"valueName\":\"search_term_string\"}}],\"inLanguage\":\"en-US\"},{\"@type\":\"Organization\",\"@id\":\"https:\/\/welye.com\/en\/#organization\",\"name\":\"WELYE IMPRIMERIE PARIS | PARIS PRINTING\",\"url\":\"https:\/\/welye.com\/en\/\",\"logo\":{\"@type\":\"ImageObject\",\"inLanguage\":\"en-US\",\"@id\":\"https:\/\/welye.com\/en\/#\/schema\/logo\/image\/\",\"url\":\"https:\/\/welye.com\/wp-content\/uploads\/2017\/07\/Welye-imprimerie-Paris.png\",\"contentUrl\":\"https:\/\/welye.com\/wp-content\/uploads\/2017\/07\/Welye-imprimerie-Paris.png\",\"width\":976,\"height\":936,\"caption\":\"WELYE IMPRIMERIE PARIS | PARIS PRINTING\"},\"image\":{\"@id\":\"https:\/\/welye.com\/en\/#\/schema\/logo\/image\/\"},\"sameAs\":[\"https:\/\/www.facebook.com\/imprimeriewelye\",\"https:\/\/x.com\/ImprimerieWelye\",\"http:\/\/instagram.com\/imprimeriewelye\",\"https:\/\/www.linkedin.com\/company\/welye\",\"https:\/\/www.pinterest.com\/imprimerieparis\/\",\"https:\/\/www.youtube.com\/channel\/UCpu3SXm_zmVzuQ7TCCH27xA\"]}]}<\/script>\n<!-- \/ Yoast SEO plugin. -->","yoast_head_json":{"title":"RIGID SUPPORTS | Imprimerie Paris Welye","description":"\u2705Imprimerie Paris Welye | RIGID SUPPORTS | Imprimeur Offset et num\u00e9rique \u00e0 Paris - Devis imm\u00e9diat par t\u00e9l\u00e9phone au 01 80 91 64 61 %","robots":{"index":"index","follow":"follow","max-snippet":"max-snippet:-1","max-image-preview":"max-image-preview:large","max-video-preview":"max-video-preview:-1"},"canonical":"https:\/\/welye.com\/en\/rigid-supports\/","og_locale":"en_US","og_type":"article","og_title":"RIGID SUPPORTS | Imprimerie Paris Welye","og_description":"\u2705Imprimerie Paris Welye | RIGID SUPPORTS | Imprimeur Offset et num\u00e9rique \u00e0 Paris - Devis imm\u00e9diat par t\u00e9l\u00e9phone au 01 80 91 64 61 %","og_url":"https:\/\/welye.com\/en\/rigid-supports\/","og_site_name":"Imprimerie Paris Welye","article_publisher":"https:\/\/www.facebook.com\/imprimeriewelye","article_modified_time":"2024-09-03T11:22:08+00:00","og_image":[{"width":976,"height":936,"url":"https:\/\/welye.com\/wp-content\/uploads\/2017\/07\/Welye-imprimerie-Paris.png","type":"image\/png"}],"twitter_card":"summary_large_image","twitter_site":"@ImprimerieWelye","twitter_misc":{"Est. reading time":"3 minutes"},"schema":{"@context":"https:\/\/schema.org","@graph":[{"@type":"WebPage","@id":"https:\/\/welye.com\/en\/rigid-supports\/","url":"https:\/\/welye.com\/en\/rigid-supports\/","name":"RIGID SUPPORTS | Imprimerie Paris Welye","isPartOf":{"@id":"https:\/\/welye.com\/en\/#website"},"datePublished":"2017-07-18T09:30:36+00:00","dateModified":"2024-09-03T11:22:08+00:00","description":"\u2705Imprimerie Paris Welye | RIGID SUPPORTS | Imprimeur Offset et num\u00e9rique \u00e0 Paris - Devis imm\u00e9diat par t\u00e9l\u00e9phone au 01 80 91 64 61 %","breadcrumb":{"@id":"https:\/\/welye.com\/en\/rigid-supports\/#breadcrumb"},"inLanguage":"en-US","potentialAction":[{"@type":"ReadAction","target":["https:\/\/welye.com\/en\/rigid-supports\/"]}]},{"@type":"BreadcrumbList","@id":"https:\/\/welye.com\/en\/rigid-supports\/#breadcrumb","itemListElement":[{"@type":"ListItem","position":1,"name":"Accueil","item":"https:\/\/welye.com\/en\/home\/"},{"@type":"ListItem","position":2,"name":"RIGID SUPPORTS"}]},{"@type":"WebSite","@id":"https:\/\/welye.com\/en\/#website","url":"https:\/\/welye.com\/en\/","name":"Imprimerie Paris Welye | Welye Printing Paris","description":"Imprimeur offset &amp; num\u00e9rique \u00e0 Paris","publisher":{"@id":"https:\/\/welye.com\/en\/#organization"},"potentialAction":[{"@type":"SearchAction","target":{"@type":"EntryPoint","urlTemplate":"https:\/\/welye.com\/en\/?s={search_term_string}"},"query-input":{"@type":"PropertyValueSpecification","valueRequired":true,"valueName":"search_term_string"}}],"inLanguage":"en-US"},{"@type":"Organization","@id":"https:\/\/welye.com\/en\/#organization","name":"WELYE IMPRIMERIE PARIS | PARIS PRINTING","url":"https:\/\/welye.com\/en\/","logo":{"@type":"ImageObject","inLanguage":"en-US","@id":"https:\/\/welye.com\/en\/#\/schema\/logo\/image\/","url":"https:\/\/welye.com\/wp-content\/uploads\/2017\/07\/Welye-imprimerie-Paris.png","contentUrl":"https:\/\/welye.com\/wp-content\/uploads\/2017\/07\/Welye-imprimerie-Paris.png","width":976,"height":936,"caption":"WELYE IMPRIMERIE PARIS | PARIS PRINTING"},"image":{"@id":"https:\/\/welye.com\/en\/#\/schema\/logo\/image\/"},"sameAs":["https:\/\/www.facebook.com\/imprimeriewelye","https:\/\/x.com\/ImprimerieWelye","http:\/\/instagram.com\/imprimeriewelye","https:\/\/www.linkedin.com\/company\/welye","https:\/\/www.pinterest.com\/imprimerieparis\/","https:\/\/www.youtube.com\/channel\/UCpu3SXm_zmVzuQ7TCCH27xA"]}]}},"_links":{"self":[{"href":"https:\/\/welye.com\/en\/wp-json\/wp\/v2\/pages\/103664","targetHints":{"allow":["GET"]}}],"collection":[{"href":"https:\/\/welye.com\/en\/wp-json\/wp\/v2\/pages"}],"about":[{"href":"https:\/\/welye.com\/en\/wp-json\/wp\/v2\/types\/page"}],"author":[{"embeddable":true,"href":"https:\/\/welye.com\/en\/wp-json\/wp\/v2\/users\/1"}],"replies":[{"embeddable":true,"href":"https:\/\/welye.com\/en\/wp-json\/wp\/v2\/comments?post=103664"}],"version-history":[{"count":5,"href":"https:\/\/welye.com\/en\/wp-json\/wp\/v2\/pages\/103664\/revisions"}],"predecessor-version":[{"id":103678,"href":"https:\/\/welye.com\/en\/wp-json\/wp\/v2\/pages\/103664\/revisions\/103678"}],"wp:attachment":[{"href":"https:\/\/welye.com\/en\/wp-json\/wp\/v2\/media?parent=103664"}],"curies":[{"name":"wp","href":"https:\/\/api.w.org\/{rel}","templated":true}]}}