{"id":103682,"date":"2017-07-17T14:00:35","date_gmt":"2017-07-17T12:00:35","guid":{"rendered":"https:\/\/welye.com\/gtc\/"},"modified":"2024-09-03T13:22:17","modified_gmt":"2024-09-03T11:22:17","slug":"gtc","status":"publish","type":"page","link":"https:\/\/welye.com\/en\/gtc\/","title":{"rendered":"GTC"},"content":{"rendered":"<div class=\"wpb-content-wrapper\"><p>[vc_row][vc_column][vc_column_text]<\/p>\n<h1><span style=\"color: #2daae1;\">Terms and conditions of sale<\/span><\/h1>\n<p>[\/vc_column_text][vc_column_text]<\/p>\n<p style=\"text-align: justify;\"><b>Ordering:<\/b><\/p>\n<p style=\"text-align: justify;\">All orders imply the customer&#8217;s express and unreserved acceptance of the present terms and conditions of sale, and constitute a waiver of any application of the customer&#8217;s own terms and conditions of sale.<\/p>\n<p style=\"text-align: justify;\">Orders are placed mainly by telephone, e-mail and via our website www.welye.com.<\/p>\n<p style=\"text-align: justify;\">A confirmation of receipt of the customer&#8217;s order is automatically sent by e-mail.<br \/>\nOrders are taken into account until 5:00 p.m. each working day, after which time they are deemed to have been received the following day (unless otherwise specified). <\/p>\n<p style=\"text-align: justify;\">The Company endeavors to maintain access to its websites 24 hours a day, and to make its services available to customers from Monday to Friday (according to the Company&#8217;s opening and closing hours).<br \/>\nHowever, the company cannot be held liable for any interruption in service, particularly for maintenance or technical reasons.<br \/>\nThe customer declares that he\/she is aware of the technical limitations of Internet technology, particularly with regard to the consultation of information and the transfer of files, and of the risks associated with this technology.  <\/p>\n<p style=\"text-align: justify;\">The company reserves the right to cancel any order in the event of verbal or physical abuse of the company&#8217;s employees, subcontractors, managers or customers, the use of foul language being considered as verbal abuse.<\/p>\n<p style=\"text-align: justify;\">Execution of the order begins as soon as the order is placed.<br \/>\nConsequently, in the event of cancellation of an order, we reserve the right to invoice the costs incurred, in particular the raw materials supplied, and to claim compensation corresponding to a minimum of 30% of the order amount. <\/p>\n<p style=\"text-align: justify;\">In the absence of a Purchase Order in due form, the acceptance of the Print Order or Plotter by the customer, or the payment thereof, constitutes acceptance of the quotation proposed by Welye.<\/p>\n<p style=\"text-align: justify;\"><b>Quotations and prices :<\/b><\/p>\n<p style=\"text-align: justify;\">Our quotations are valid for one month.<br \/>\nPrices are subject to change without notice. <\/p>\n<p style=\"text-align: justify;\">Preparatory work carried out at the customer&#8217;s request may be invoiced to the customer if no action is taken after one month.<br \/>\nPrices are invoiced on the basis of the price list in force on the day of the order, and are in euros, excluding shipping costs. <\/p>\n<p style=\"text-align: justify;\"><b>Payments :  <\/b><\/p>\n<p style=\"text-align: justify;\">Notwithstanding the provisions of article L. 144-6 of the French Commercial Code, payment for orders may be made by 3 different methods: &#8211; by credit card &#8211; by bank transfer &#8211; by cheque sent to our head office.<\/p>\n<p style=\"text-align: justify;\">In the case of payment by cheque, production only begins after receipt of the payment voucher.<br \/>\nSimilarly, in the case of payment by bank transfer, production begins only on receipt of the transfer. <\/p>\n<p style=\"text-align: justify;\">Our services are payable on the date of invoice, unless special conditions are expressly agreed by Welye.<br \/>\nNo discount will be granted for early payment. <\/p>\n<p style=\"text-align: justify;\"><b>Penalty for late payment (in case of special agreement):<\/b><\/p>\n<p style=\"text-align: justify;\">Any delay in payment will result in a penalty equal to the latest ECB refinancing rate plus 10 points, calculated pro rata temporis on the outstanding sums.<\/p>\n<p style=\"text-align: justify;\"><b>Billing :<\/b><\/p>\n<p style=\"text-align: justify;\">An invoice is issued after each order.<br \/>\nNote: Invoices are not sent by post but by e-mail (unless otherwise requested). <\/p>\n<p style=\"text-align: justify;\"><b>Delivery times :<\/b><\/p>\n<p style=\"text-align: justify;\">Delivery will be made to the address indicated by the customer on the order acceptance form and will be deemed to have been made when the order arrives at the said address.<\/p>\n<p style=\"text-align: justify;\">Delivery times are given purely as an indication and without guarantee.<br \/>\nAny delay in the execution of orders shall not constitute grounds for cancellation of the order, refusal of the goods or entitlement to damages. <\/p>\n<p style=\"text-align: justify;\">Indicative lead times appearing on the www.welye.com website or on your quotation may be subject to revision if the customer&#8217;s files need to be updated or if they do not comply and have to be sent to the Company again.<\/p>\n<p style=\"text-align: justify;\">Production can only take place if the customer&#8217;s obligations to the seller are up to date, and in particular if there is no delay in payment, including for orders other than the one to be delivered.<\/p>\n<p style=\"text-align: justify;\">Goods, even carriage paid, travel at the risk of the recipient, who is responsible for checking that they are in good condition at the time of delivery.<br \/>\nThis verification must cover the quality, quantities and references of the goods, as well as their conformity with the order.<br \/>\nTransport times are never guaranteed.  <\/p>\n<p style=\"text-align: justify;\">Any delay due either to the customer&#8217;s failure to submit the required documents or the accepted press proof by the agreed date, or to the occurrence of force majeure, will justifiably result in the application of additional deadlines.<\/p>\n<p style=\"text-align: justify;\"><b>Subcontracting :<\/b><\/p>\n<p style=\"text-align: justify;\">Welye reserves the right to entrust its subcontractors with the total or partial execution of the order.<\/p>\n<p style=\"text-align: justify;\"><b>*Certifications :  <\/b><\/p>\n<p style=\"text-align: justify;\">To guarantee an eco-responsible approach for some of its printing jobs requiring certification for the customer, Welye entrusts the work to a company that has obtained the following certifications and labels: Imprim&#8217;vert, PEFC, FSC and Iso 9001.<\/p>\n<p style=\"text-align: justify;\"><b>Files and proofs :<\/b><\/p>\n<p style=\"text-align: justify;\">Any customer is presumed to be the owner of the reproduction rights of the documents, images, logos, fonts, benefiting from intellectual property laws, which he entrusts to the Company for printing.<br \/>\nThe customer assumes full responsibility for any damages that may be claimed by a third party.<br \/>\nThe computer files required to produce the printed product must be supplied by the customer.<br \/>\nThey must strictly comply with our company&#8217;s technical specifications (available on request).   <\/p>\n<p style=\"text-align: justify;\">As our prints are mainly amalgamated (i.e. grouped together with work from other customers), the customer accepts without reservation the technical constraints associated with this type of printing:<\/p>\n<p style=\"text-align: justify;\">&#8211; shaping tolerances of approx. 1 mm<\/p>\n<p style=\"text-align: justify;\">&#8211; slight color variations<\/p>\n<p style=\"text-align: justify;\">&#8211; when reprinting, even from identical files, color rendering can never be 100% identical<\/p>\n<p style=\"text-align: justify;\">It is also agreed that we are not liable for printing defects, colorimetry, fonts, banding, text hunting, image conversions, in the event that these defects are present in the customer&#8217;s files.<\/p>\n<p style=\"text-align: justify;\">The Customer also acknowledges that he\/she is aware that page layout software never guarantees 100% reproduction of the file displayed on the screen, and that successive processing may lead to results that differ from those displayed on the screen or printed on a desktop printer or connected copier.<\/p>\n<p style=\"text-align: justify;\">Welye reserves the right to make any modifications it deems necessary to files supplied by the customer which do not comply with the technical specifications (bleed, resizing, Pantone color conversion, RGB image conversion, etc.).<br \/>\nLikewise, the Company reserves the right to refuse any order if the files do not comply with the technical specifications. <\/p>\n<p style=\"text-align: justify;\">For all these reasons, the Company cannot be held responsible for any failure to comply with technical constraints.<\/p>\n<p style=\"text-align: justify;\">To limit these risks, we strongly recommend that you produce a calibrated control proof (called Bon \u00e0 Tirer B.A.T.) to guarantee the integrity of the file to be printed.<\/p>\n<p style=\"text-align: justify;\">The customer&#8217;s signature on the proof or plotter constitutes acceptance of the print or production run as is.<br \/>\nAny rework or re-production caused by anomalies or errors not reported by the customer will be entirely at the customer&#8217;s expense. <\/p>\n<p style=\"text-align: justify;\">The Print Order, signed by the Customer, releases Welye from any liability, subject to corrections made on the Print Order.<\/p>\n<p style=\"text-align: justify;\">Author&#8217;s corrections will be invoiced separately to the customer, according to the work required or time spent.<\/p>\n<p style=\"text-align: justify;\"><b>Dispute management :  <\/b><\/p>\n<p style=\"text-align: justify;\">All disputes are subject to conciliation and arbitration, unless one of the parties refuses.<\/p>\n<p style=\"text-align: justify;\"><b>Claims and Penalty Clause :<\/b><\/p>\n<p style=\"text-align: justify;\">Without prejudice to the provisions of article 5 paragraph 5 hereof, any damage, shortages or packaging defects noted on receipt of the packages must imperatively be noted on the transport receipt after careful inspection of the delivery and be the subject of a letter with acknowledgement of receipt sent to the carrier within a maximum period of 48 hours, with a copy to Welye.<br \/>\nUnder no circumstances may disputes with carriers justify non-payment of invoiced goods. <\/p>\n<p style=\"text-align: justify;\">Any dispute concerning the quality of the goods can only be accepted within 3 working days at the latest following the date of actual receipt of the goods or the date of signature of the discharge, made to the carrier.<br \/>\nComplaints must be sent by registered letter to the head office of Welye. <\/p>\n<p style=\"text-align: justify;\">In the event of defective delivery, our company guarantees only the exchange of goods for products conforming to the details of the order, to the express exclusion of all damages for loss suffered directly or indirectly, and in particular in the event of force majeure, an act of God or an event which makes it impossible for our company to fulfil its obligations.<\/p>\n<p style=\"text-align: justify;\">In view of accepted industry practice and the technical constraints associated with our products, our company is not bound to deliver the exact quantity specified in the order.<br \/>\nThe customer is obliged to accept a tolerance of plus or minus 5% of the quantities specified. <\/p>\n<p>[\/vc_column_text][\/vc_column][\/vc_row]<\/p>\n<\/div>","protected":false},"excerpt":{"rendered":"<p>[vc_row][vc_column][vc_column_text] Terms and conditions of sale [\/vc_column_text][vc_column_text] Ordering: All orders imply the customer&#8217;s express and unreserved acceptance of the present terms and conditions of sale, and constitute a waiver of any application of the customer&#8217;s own terms and conditions of sale. Orders are placed mainly by telephone, e-mail and via our website www.welye.com. A confirmation&hellip;<\/p>\n","protected":false},"author":1,"featured_media":0,"parent":0,"menu_order":0,"comment_status":"closed","ping_status":"closed","template":"","meta":{"footnotes":"","_links_to":"","_links_to_target":""},"class_list":["post-103682","page","type-page","status-publish","hentry","description-off"],"yoast_head":"<!-- This site is optimized with the Yoast SEO plugin v26.4 - https:\/\/yoast.com\/wordpress\/plugins\/seo\/ -->\n<title>GTC | Imprimerie Paris Welye<\/title>\n<meta name=\"description\" content=\"\u2705Imprimerie Paris Welye | GTC | Imprimeur Offset et num\u00e9rique \u00e0 Paris - Devis imm\u00e9diat par t\u00e9l\u00e9phone au 01 80 91 64 61 %\" \/>\n<meta name=\"robots\" content=\"index, follow, max-snippet:-1, max-image-preview:large, max-video-preview:-1\" \/>\n<link rel=\"canonical\" href=\"https:\/\/welye.com\/en\/gtc\/\" \/>\n<meta property=\"og:locale\" content=\"en_US\" \/>\n<meta property=\"og:type\" content=\"article\" \/>\n<meta property=\"og:title\" content=\"GTC | Imprimerie Paris Welye\" \/>\n<meta property=\"og:description\" content=\"\u2705Imprimerie Paris Welye | GTC | Imprimeur Offset et num\u00e9rique \u00e0 Paris - Devis imm\u00e9diat par t\u00e9l\u00e9phone au 01 80 91 64 61 %\" \/>\n<meta property=\"og:url\" content=\"https:\/\/welye.com\/en\/gtc\/\" \/>\n<meta property=\"og:site_name\" content=\"Imprimerie Paris Welye\" \/>\n<meta property=\"article:publisher\" content=\"https:\/\/www.facebook.com\/imprimeriewelye\" \/>\n<meta property=\"article:modified_time\" content=\"2024-09-03T11:22:17+00:00\" \/>\n<meta property=\"og:image\" content=\"https:\/\/welye.com\/wp-content\/uploads\/2017\/07\/Welye-imprimerie-Paris.png\" \/>\n\t<meta property=\"og:image:width\" content=\"976\" \/>\n\t<meta property=\"og:image:height\" content=\"936\" \/>\n\t<meta property=\"og:image:type\" content=\"image\/png\" \/>\n<meta name=\"twitter:card\" content=\"summary_large_image\" \/>\n<meta name=\"twitter:site\" content=\"@ImprimerieWelye\" \/>\n<meta name=\"twitter:label1\" content=\"Est. reading time\" \/>\n\t<meta name=\"twitter:data1\" content=\"7 minutes\" \/>\n<script type=\"application\/ld+json\" class=\"yoast-schema-graph\">{\"@context\":\"https:\/\/schema.org\",\"@graph\":[{\"@type\":\"WebPage\",\"@id\":\"https:\/\/welye.com\/en\/gtc\/\",\"url\":\"https:\/\/welye.com\/en\/gtc\/\",\"name\":\"GTC | Imprimerie Paris Welye\",\"isPartOf\":{\"@id\":\"https:\/\/welye.com\/en\/#website\"},\"datePublished\":\"2017-07-17T12:00:35+00:00\",\"dateModified\":\"2024-09-03T11:22:17+00:00\",\"description\":\"\u2705Imprimerie Paris Welye | GTC | Imprimeur Offset et num\u00e9rique \u00e0 Paris - Devis imm\u00e9diat par t\u00e9l\u00e9phone au 01 80 91 64 61 %\",\"breadcrumb\":{\"@id\":\"https:\/\/welye.com\/en\/gtc\/#breadcrumb\"},\"inLanguage\":\"en-US\",\"potentialAction\":[{\"@type\":\"ReadAction\",\"target\":[\"https:\/\/welye.com\/en\/gtc\/\"]}]},{\"@type\":\"BreadcrumbList\",\"@id\":\"https:\/\/welye.com\/en\/gtc\/#breadcrumb\",\"itemListElement\":[{\"@type\":\"ListItem\",\"position\":1,\"name\":\"Accueil\",\"item\":\"https:\/\/welye.com\/en\/home\/\"},{\"@type\":\"ListItem\",\"position\":2,\"name\":\"GTC\"}]},{\"@type\":\"WebSite\",\"@id\":\"https:\/\/welye.com\/en\/#website\",\"url\":\"https:\/\/welye.com\/en\/\",\"name\":\"Imprimerie Paris Welye | Welye Printing Paris\",\"description\":\"Imprimeur offset &amp; num\u00e9rique \u00e0 Paris\",\"publisher\":{\"@id\":\"https:\/\/welye.com\/en\/#organization\"},\"potentialAction\":[{\"@type\":\"SearchAction\",\"target\":{\"@type\":\"EntryPoint\",\"urlTemplate\":\"https:\/\/welye.com\/en\/?s={search_term_string}\"},\"query-input\":{\"@type\":\"PropertyValueSpecification\",\"valueRequired\":true,\"valueName\":\"search_term_string\"}}],\"inLanguage\":\"en-US\"},{\"@type\":\"Organization\",\"@id\":\"https:\/\/welye.com\/en\/#organization\",\"name\":\"WELYE IMPRIMERIE PARIS | PARIS PRINTING\",\"url\":\"https:\/\/welye.com\/en\/\",\"logo\":{\"@type\":\"ImageObject\",\"inLanguage\":\"en-US\",\"@id\":\"https:\/\/welye.com\/en\/#\/schema\/logo\/image\/\",\"url\":\"https:\/\/welye.com\/wp-content\/uploads\/2017\/07\/Welye-imprimerie-Paris.png\",\"contentUrl\":\"https:\/\/welye.com\/wp-content\/uploads\/2017\/07\/Welye-imprimerie-Paris.png\",\"width\":976,\"height\":936,\"caption\":\"WELYE IMPRIMERIE PARIS | PARIS PRINTING\"},\"image\":{\"@id\":\"https:\/\/welye.com\/en\/#\/schema\/logo\/image\/\"},\"sameAs\":[\"https:\/\/www.facebook.com\/imprimeriewelye\",\"https:\/\/x.com\/ImprimerieWelye\",\"http:\/\/instagram.com\/imprimeriewelye\",\"https:\/\/www.linkedin.com\/company\/welye\",\"https:\/\/www.pinterest.com\/imprimerieparis\/\",\"https:\/\/www.youtube.com\/channel\/UCpu3SXm_zmVzuQ7TCCH27xA\"]}]}<\/script>\n<!-- \/ Yoast SEO plugin. -->","yoast_head_json":{"title":"GTC | Imprimerie Paris Welye","description":"\u2705Imprimerie Paris Welye | GTC | Imprimeur Offset et num\u00e9rique \u00e0 Paris - Devis imm\u00e9diat par t\u00e9l\u00e9phone au 01 80 91 64 61 %","robots":{"index":"index","follow":"follow","max-snippet":"max-snippet:-1","max-image-preview":"max-image-preview:large","max-video-preview":"max-video-preview:-1"},"canonical":"https:\/\/welye.com\/en\/gtc\/","og_locale":"en_US","og_type":"article","og_title":"GTC | Imprimerie Paris Welye","og_description":"\u2705Imprimerie Paris Welye | GTC | Imprimeur Offset et num\u00e9rique \u00e0 Paris - Devis imm\u00e9diat par t\u00e9l\u00e9phone au 01 80 91 64 61 %","og_url":"https:\/\/welye.com\/en\/gtc\/","og_site_name":"Imprimerie Paris Welye","article_publisher":"https:\/\/www.facebook.com\/imprimeriewelye","article_modified_time":"2024-09-03T11:22:17+00:00","og_image":[{"width":976,"height":936,"url":"https:\/\/welye.com\/wp-content\/uploads\/2017\/07\/Welye-imprimerie-Paris.png","type":"image\/png"}],"twitter_card":"summary_large_image","twitter_site":"@ImprimerieWelye","twitter_misc":{"Est. reading time":"7 minutes"},"schema":{"@context":"https:\/\/schema.org","@graph":[{"@type":"WebPage","@id":"https:\/\/welye.com\/en\/gtc\/","url":"https:\/\/welye.com\/en\/gtc\/","name":"GTC | Imprimerie Paris Welye","isPartOf":{"@id":"https:\/\/welye.com\/en\/#website"},"datePublished":"2017-07-17T12:00:35+00:00","dateModified":"2024-09-03T11:22:17+00:00","description":"\u2705Imprimerie Paris Welye | GTC | Imprimeur Offset et num\u00e9rique \u00e0 Paris - Devis imm\u00e9diat par t\u00e9l\u00e9phone au 01 80 91 64 61 %","breadcrumb":{"@id":"https:\/\/welye.com\/en\/gtc\/#breadcrumb"},"inLanguage":"en-US","potentialAction":[{"@type":"ReadAction","target":["https:\/\/welye.com\/en\/gtc\/"]}]},{"@type":"BreadcrumbList","@id":"https:\/\/welye.com\/en\/gtc\/#breadcrumb","itemListElement":[{"@type":"ListItem","position":1,"name":"Accueil","item":"https:\/\/welye.com\/en\/home\/"},{"@type":"ListItem","position":2,"name":"GTC"}]},{"@type":"WebSite","@id":"https:\/\/welye.com\/en\/#website","url":"https:\/\/welye.com\/en\/","name":"Imprimerie Paris Welye | Welye Printing Paris","description":"Imprimeur offset &amp; num\u00e9rique \u00e0 Paris","publisher":{"@id":"https:\/\/welye.com\/en\/#organization"},"potentialAction":[{"@type":"SearchAction","target":{"@type":"EntryPoint","urlTemplate":"https:\/\/welye.com\/en\/?s={search_term_string}"},"query-input":{"@type":"PropertyValueSpecification","valueRequired":true,"valueName":"search_term_string"}}],"inLanguage":"en-US"},{"@type":"Organization","@id":"https:\/\/welye.com\/en\/#organization","name":"WELYE IMPRIMERIE PARIS | PARIS PRINTING","url":"https:\/\/welye.com\/en\/","logo":{"@type":"ImageObject","inLanguage":"en-US","@id":"https:\/\/welye.com\/en\/#\/schema\/logo\/image\/","url":"https:\/\/welye.com\/wp-content\/uploads\/2017\/07\/Welye-imprimerie-Paris.png","contentUrl":"https:\/\/welye.com\/wp-content\/uploads\/2017\/07\/Welye-imprimerie-Paris.png","width":976,"height":936,"caption":"WELYE IMPRIMERIE PARIS | PARIS PRINTING"},"image":{"@id":"https:\/\/welye.com\/en\/#\/schema\/logo\/image\/"},"sameAs":["https:\/\/www.facebook.com\/imprimeriewelye","https:\/\/x.com\/ImprimerieWelye","http:\/\/instagram.com\/imprimeriewelye","https:\/\/www.linkedin.com\/company\/welye","https:\/\/www.pinterest.com\/imprimerieparis\/","https:\/\/www.youtube.com\/channel\/UCpu3SXm_zmVzuQ7TCCH27xA"]}]}},"_links":{"self":[{"href":"https:\/\/welye.com\/en\/wp-json\/wp\/v2\/pages\/103682","targetHints":{"allow":["GET"]}}],"collection":[{"href":"https:\/\/welye.com\/en\/wp-json\/wp\/v2\/pages"}],"about":[{"href":"https:\/\/welye.com\/en\/wp-json\/wp\/v2\/types\/page"}],"author":[{"embeddable":true,"href":"https:\/\/welye.com\/en\/wp-json\/wp\/v2\/users\/1"}],"replies":[{"embeddable":true,"href":"https:\/\/welye.com\/en\/wp-json\/wp\/v2\/comments?post=103682"}],"version-history":[{"count":1,"href":"https:\/\/welye.com\/en\/wp-json\/wp\/v2\/pages\/103682\/revisions"}],"predecessor-version":[{"id":103685,"href":"https:\/\/welye.com\/en\/wp-json\/wp\/v2\/pages\/103682\/revisions\/103685"}],"wp:attachment":[{"href":"https:\/\/welye.com\/en\/wp-json\/wp\/v2\/media?parent=103682"}],"curies":[{"name":"wp","href":"https:\/\/api.w.org\/{rel}","templated":true}]}}