{"id":103686,"date":"2017-07-17T12:01:47","date_gmt":"2017-07-17T10:01:47","guid":{"rendered":"https:\/\/welye.com\/dtp-guide\/"},"modified":"2024-09-03T13:22:20","modified_gmt":"2024-09-03T11:22:20","slug":"dtp-guide","status":"publish","type":"page","link":"https:\/\/welye.com\/en\/dtp-guide\/","title":{"rendered":"DTP GUIDE"},"content":{"rendered":"<div class=\"wpb-content-wrapper\"><p>[vc_row full_width=&#8221;stretch_row_content_no_spaces&#8221; content_placement=&#8221;middle&#8221; css=&#8221;.vc_custom_1500287291641{background-color: #2daae1 !important;}&#8221;][vc_column][vc_column_text]<\/p>\n<h1 style=\"text-align: center;\"><span style=\"color: #ffffff;\">Practical DTP guide for creating your files<\/span><\/h1>\n<p>[\/vc_column_text][\/vc_column][\/vc_row][vc_row full_width=&#8221;stretch_row&#8221; css=&#8221;.vc_custom_1500287013193{background-color: #f2f2f2 !important;}&#8221;][vc_column width=&#8221;1\/2&#8243;][vc_column_text]<\/p>\n<h3><span style=\"color: #2daae1;\">Important<\/span><\/h3>\n<p>[\/vc_column_text][vc_column_text]<\/p>\n<p style=\"text-align: justify;\"><strong>Formats :<\/strong><\/p>\n<p style=\"text-align: justify;\">The recommended format for your files is PDF.<br \/>\nYou can also send us your native files, such as Illustrator (.ai), Photoshop (.psd) or jpg. <\/p>\n<p style=\"text-align: justify;\"><strong>Texts :<\/strong><\/p>\n<p style=\"text-align: justify;\">By vectorizing your texts, you can avoid many of the problems associated with the interpretation of your fonts when &#8220;ripping&#8221; or the problems associated with incorporating licensed fonts.<\/p>\n<p>[\/vc_column_text][\/vc_column][vc_column width=&#8221;1\/2&#8243;][vc_column_text]<\/p>\n<h3 style=\"text-align: center;\"><span style=\"color: #2daae1;\">Recommended software<\/span><\/h3>\n<p>[\/vc_column_text][vc_single_image image=&#8221;103418&#8243; img_size=&#8221;388&#215;270&#8243; alignment=&#8221;center&#8221; css_animation=&#8221;flipInX&#8221;][\/vc_column][\/vc_row][vc_row][vc_column][vc_empty_space height=&#8221;20&#8243;][vc_accordion active_tab=&#8221;1&#8243; title_size=&#8221;h2&#8243; style=&#8221;2&#8243;][vc_accordion_tab title=&#8221;Carterie | Flyers | Posters | Plaquettes&#8221;][vc_column_text]<\/p>\n<p style=\"text-align: justify;\">To create your mock-up, it&#8217;s essential to use the right software to obtain a quality result, which is essential for the printing of your projects.<\/p>\n<p style=\"text-align: justify;\"><strong>Choice of format and pagination :<\/strong><\/p>\n<p style=\"text-align: justify;\">In the case of double-sided printing, please send us a document with two consecutive pages (not on the same side).<\/p>\n<p style=\"text-align: justify;\"><strong>Finishes :<\/strong><\/p>\n<p style=\"text-align: justify;\">If you wish to add a selective varnish, embossing or gilding finish to your print, you will be asked to provide a first file in full color and a second file in 100% black, showing only the areas where you wish the finish to appear.<\/p>\n<p style=\"text-align: justify;\"><strong>Exporting your :<\/strong><\/p>\n<p style=\"text-align: justify;\">When exporting your files, check that the color is CMYK (Cyan, Magenta, Yellow and Black) and that the export resolution is 300 dpi.<br \/>\nIf the resolution is less than 300 dpi, the quality of your print may not be optimal. <\/p>\n<p style=\"text-align: justify;\"><strong>Bleed and quiet zone:<\/strong><\/p>\n<p style=\"text-align: justify;\">When creating your file, allow for a 5 mm bleed around the perimeter.<br \/>\nThis bleed is added to the final format required (in the case of a 21 x 29.7 cm format, the export file will be 22 x 30.7 cm). <\/p>\n<p style=\"text-align: justify;\">For quality rendering and to avoid any problems when cutting, leave a 1 cm zone around the inside perimeter of your file, without text or important elements.<\/p>\n<p>[\/vc_column_text][\/vc_accordion_tab][vc_accordion_tab title=&#8221;Flyers | Folders | Pockets | Commercial brochures&#8221;][vc_column_text]<\/p>\n<p style=\"text-align: justify;\">To create your mock-up, it&#8217;s essential to use appropriate software to obtain a quality result, which is essential for the printing of your projects.<\/p>\n<p style=\"text-align: justify;\"><strong>Choice of format and pagination :<\/strong><\/p>\n<p style=\"text-align: justify;\">For double-sided printing, please send us a flat document with the pagination order (see image).<\/p>\n<p><img fetchpriority=\"high\" decoding=\"async\" class=\"alignnone wp-image-150\" src=\"http:\/\/welye.com\/wp-content\/uploads\/2017\/07\/guide-Pao-imprimeur-paris-depliants-1024x474.png\" alt=\"printing paris brochure printer brochure printer\" width=\"650\" height=\"301\" srcset=\"https:\/\/welye.com\/wp-content\/uploads\/2017\/07\/guide-Pao-imprimeur-paris-depliants-1024x474.png 1024w, https:\/\/welye.com\/wp-content\/uploads\/2017\/07\/guide-Pao-imprimeur-paris-depliants-300x139.png 300w, https:\/\/welye.com\/wp-content\/uploads\/2017\/07\/guide-Pao-imprimeur-paris-depliants-768x356.png 768w, https:\/\/welye.com\/wp-content\/uploads\/2017\/07\/guide-Pao-imprimeur-paris-depliants.png 1632w\" sizes=\"(max-width: 650px) 100vw, 650px\" \/><\/p>\n<p style=\"text-align: justify;\"><strong>Finishes :<\/strong><\/p>\n<p style=\"text-align: justify;\">If you wish to add a selective varnish, embossing or gilding finish to your print, you will be asked to provide a first file in full color and a second file in 100% black, showing only the areas where you wish the finish to appear.<\/p>\n<p style=\"text-align: justify;\"><strong>Exporting your :<\/strong><\/p>\n<p style=\"text-align: justify;\">When exporting your files, check that the color is CMYK (Cyan, Magenta, Yellow and Black) and that the export resolution is 300 dpi.<br \/>\nIf the resolution is less than 300 dpi, the quality of your print may not be optimal. <\/p>\n<p style=\"text-align: justify;\"><strong>Bleed and quiet zone:<\/strong><\/p>\n<p style=\"text-align: justify;\">When creating your file, allow for a 5 mm bleed around the perimeter.<br \/>\nThis bleed is added to the final format required (in the case of a 21 x 29.7 cm format, the export file will be 22 x 30.7 cm). <\/p>\n<p style=\"text-align: justify;\">For quality rendering and to avoid any problems when cutting, leave a 1 cm zone around the inside perimeter of your file, without text or important elements.<\/p>\n<p>[\/vc_column_text][\/vc_accordion_tab][vc_accordion_tab title=&#8221;Brochures and magazines with metal picks  &#8220;][vc_column_text]<\/p>\n<p style=\"text-align: justify;\">To create your mock-up, it&#8217;s essential to use appropriate software to obtain a quality result, which is essential for the printing of your projects.<\/p>\n<p style=\"text-align: justify;\"><strong>Choice of format and pagination :<\/strong><\/p>\n<p style=\"text-align: justify;\">In the case of double-sided printing, you&#8217;ll need to send us a page-by-page document.<br \/>\nEven if your document includes a cover and an inside of paper with different grammage, it will be necessary to send us a single file including the cover and inside in the order of pagination. <\/p>\n<p style=\"text-align: justify;\"><strong>Finishes :<\/strong><\/p>\n<p style=\"text-align: justify;\">If you wish to add a selective varnish, embossing or gilding finish to your print, you will be asked to provide a first file in full color and a second file in 100% black, showing only the areas where you wish the finish to appear.<\/p>\n<p style=\"text-align: justify;\"><strong>Exporting your :<\/strong><\/p>\n<p style=\"text-align: justify;\">When exporting your files, check that the color is CMYK (Cyan, Magenta, Yellow and Black) and that the export resolution is 300 dpi.<br \/>\nIf the resolution is less than 300 dpi, the quality of your print may not be optimal. <\/p>\n<p style=\"text-align: justify;\"><strong>Bleed and quiet zone:<\/strong><\/p>\n<p style=\"text-align: justify;\">When creating your file, allow for a 5 mm bleed around the perimeter.<br \/>\nThis bleed is added to the final format required (in the case of a 21 x 29.7 cm format, the export file will be 22 x 30.7 cm). <\/p>\n<p style=\"text-align: justify;\">For quality rendering and to avoid any problems when cutting, leave a 1 cm zone around the inside perimeter of your file, without text or important elements.<\/p>\n<p>[\/vc_column_text][\/vc_accordion_tab][vc_accordion_tab title=&#8221;Glued or stitched square-back brochures and magazines&#8221;][vc_column_text]<\/p>\n<p style=\"text-align: justify;\">To create your mock-up, it&#8217;s essential to use the right software to obtain a quality result, which is essential for the printing of your projects.<\/p>\n<p style=\"text-align: justify;\"><strong>Choice of format and pagination :<\/strong><\/p>\n<p style=\"text-align: justify;\">In the case of double-sided printing, we will need to receive a page-by-page document.<br \/>\nFor glued square-back brochure printing, the cover and inside pages must be designed differently. <\/p>\n<p style=\"text-align: justify;\">For inside pagination, the file should be page-by-page (sequential).<br \/>\nThe cover should be flat, taking into account the edge, the size of which will depend on the number of pages (see below). <\/p>\n<p><img decoding=\"async\" class=\"alignnone wp-image-152\" src=\"http:\/\/welye.com\/wp-content\/uploads\/2017\/07\/Couverture-imprimeur-dos-carre-colle-1024x675.png\" alt=\"Couverture imprimeur dos carre colle imprimerie paris\" width=\"650\" height=\"429\" srcset=\"https:\/\/welye.com\/wp-content\/uploads\/2017\/07\/Couverture-imprimeur-dos-carre-colle-1024x675.png 1024w, https:\/\/welye.com\/wp-content\/uploads\/2017\/07\/Couverture-imprimeur-dos-carre-colle-300x198.png 300w, https:\/\/welye.com\/wp-content\/uploads\/2017\/07\/Couverture-imprimeur-dos-carre-colle-768x506.png 768w, https:\/\/welye.com\/wp-content\/uploads\/2017\/07\/Couverture-imprimeur-dos-carre-colle.png 1820w\" sizes=\"(max-width: 650px) 100vw, 650px\" \/><\/p>\n<p>&nbsp;<\/p>\n<p style=\"text-align: justify;\"><strong>Finishes :<\/strong><\/p>\n<p style=\"text-align: justify;\">If you wish to add a selective varnish, embossing or gilding finish to your print, you will be asked to provide a first file in full color and a second file in 100% black, showing only the areas where you wish the finish to appear.<\/p>\n<p style=\"text-align: justify;\"><strong>Exporting your :<\/strong><\/p>\n<p style=\"text-align: justify;\">When exporting your files, check that the color is CMYK (Cyan, Magenta, Yellow and Black) and that the export resolution is 300 dpi.<br \/>\nIf the resolution is less than 300 dpi, the quality of your print may not be optimal. <\/p>\n<p style=\"text-align: justify;\"><strong>Bleed and quiet zone:<\/strong><\/p>\n<p style=\"text-align: justify;\">When creating your file, allow for a 5 mm bleed around the perimeter.<br \/>\nThis bleed is added to the final format required (in the case of a 21 x 29.7 cm format, the export file will be 22 x 30.7 cm). <\/p>\n<p style=\"text-align: justify;\">For quality rendering and to avoid any problems when cutting, leave a 1 cm zone around the inside perimeter of your file, without text or important elements.<\/p>\n<p>[\/vc_column_text][\/vc_accordion_tab][vc_accordion_tab title=&#8221;Brochures and media with metal spirals (Wire&apos;o)&#8221;][vc_column_text]<\/p>\n<p style=\"text-align: justify;\">To create your mock-up, it&#8217;s essential to use appropriate software to obtain a quality result, which is essential for the printing of your projects.<\/p>\n<p style=\"text-align: justify;\"><strong>Choice of format and pagination :<\/strong><\/p>\n<p style=\"text-align: justify;\">To print your media with metal spiral binding, you need to send us a page-by-page document.<br \/>\nEven if your document includes a cover and an inside paper with different grammages, it will be necessary to send us a single file including the cover and inside paper in the order of pagination. <\/p>\n<p style=\"text-align: justify;\"><strong>Finishes :<\/strong><\/p>\n<p style=\"text-align: justify;\">If you wish to add a selective varnish, embossing or gilding finish to your print, you will be asked to provide a first file in full color and a second file in 100% black, showing only the areas where you wish the finish to appear.<\/p>\n<p style=\"text-align: justify;\"><strong>Exporting your :<\/strong><\/p>\n<p style=\"text-align: justify;\">When exporting your files, check that the color is CMYK (Cyan, Magenta, Yellow and Black) and that the export resolution is 300 dpi.<br \/>\nIf the resolution is less than 300 dpi, the quality of your print may not be optimal. <\/p>\n<p style=\"text-align: justify;\"><strong>Bleed and quiet zone:<\/strong><\/p>\n<p style=\"text-align: justify;\">When creating your file, allow for a 5 mm bleed around the perimeter.<br \/>\nThis bleed is added to the final format required (in the case of a 21 x 29.7 cm format, the export file will be 22 x 30.7 cm). <\/p>\n<p style=\"text-align: justify;\">If you print your document with a spiral on one side, leave 1.5 cm of quiet zone on this side so that you can perforate without damaging your texts and important elements.<\/p>\n<p style=\"text-align: justify;\">For quality rendering and to avoid any problems when cutting, leave a 1 cm zone around the inside perimeter of your file, without text or important elements.<\/p>\n<p>[\/vc_column_text][\/vc_accordion_tab][\/vc_accordion][\/vc_column][\/vc_row]<\/p>\n<\/div>","protected":false},"excerpt":{"rendered":"<p>[vc_row full_width=&#8221;stretch_row_content_no_spaces&#8221; content_placement=&#8221;middle&#8221; css=&#8221;.vc_custom_1500287291641{background-color: #2daae1 !important;}&#8221;][vc_column][vc_column_text] Practical DTP guide for creating your files [\/vc_column_text][\/vc_column][\/vc_row][vc_row full_width=&#8221;stretch_row&#8221; css=&#8221;.vc_custom_1500287013193{background-color: #f2f2f2 !important;}&#8221;][vc_column width=&#8221;1\/2&#8243;][vc_column_text] Important [\/vc_column_text][vc_column_text] Formats : The recommended format for your files is PDF. You can also send us your native files, such as Illustrator (.ai), Photoshop (.psd) or jpg. Texts : By vectorizing your texts, you can&hellip;<\/p>\n","protected":false},"author":1,"featured_media":0,"parent":0,"menu_order":0,"comment_status":"closed","ping_status":"closed","template":"","meta":{"footnotes":"","_links_to":"","_links_to_target":""},"class_list":["post-103686","page","type-page","status-publish","hentry","description-off"],"yoast_head":"<!-- This site is optimized with the Yoast SEO plugin v26.4 - https:\/\/yoast.com\/wordpress\/plugins\/seo\/ -->\n<title>DTP GUIDE | Imprimerie Paris Welye<\/title>\n<meta name=\"description\" content=\"\u2705Imprimerie Paris Welye | DTP GUIDE | Imprimeur Offset et num\u00e9rique \u00e0 Paris - Devis imm\u00e9diat par t\u00e9l\u00e9phone au 01 80 91 64 61 %\" \/>\n<meta name=\"robots\" content=\"index, follow, max-snippet:-1, max-image-preview:large, max-video-preview:-1\" \/>\n<link rel=\"canonical\" href=\"https:\/\/welye.com\/en\/dtp-guide\/\" \/>\n<meta property=\"og:locale\" content=\"en_US\" \/>\n<meta property=\"og:type\" content=\"article\" \/>\n<meta property=\"og:title\" content=\"DTP GUIDE | Imprimerie Paris Welye\" \/>\n<meta property=\"og:description\" content=\"\u2705Imprimerie Paris Welye | DTP GUIDE | Imprimeur Offset et num\u00e9rique \u00e0 Paris - Devis imm\u00e9diat par t\u00e9l\u00e9phone au 01 80 91 64 61 %\" \/>\n<meta property=\"og:url\" content=\"https:\/\/welye.com\/en\/dtp-guide\/\" \/>\n<meta property=\"og:site_name\" content=\"Imprimerie Paris Welye\" \/>\n<meta property=\"article:publisher\" content=\"https:\/\/www.facebook.com\/imprimeriewelye\" \/>\n<meta property=\"article:modified_time\" content=\"2024-09-03T11:22:20+00:00\" \/>\n<meta property=\"og:image\" content=\"http:\/\/welye.com\/wp-content\/uploads\/2017\/07\/guide-Pao-imprimeur-paris-depliants-1024x474.png\" \/>\n<meta name=\"twitter:card\" content=\"summary_large_image\" \/>\n<meta name=\"twitter:site\" content=\"@ImprimerieWelye\" \/>\n<meta name=\"twitter:label1\" content=\"Est. reading time\" \/>\n\t<meta name=\"twitter:data1\" content=\"7 minutes\" \/>\n<script type=\"application\/ld+json\" class=\"yoast-schema-graph\">{\"@context\":\"https:\/\/schema.org\",\"@graph\":[{\"@type\":\"WebPage\",\"@id\":\"https:\/\/welye.com\/en\/dtp-guide\/\",\"url\":\"https:\/\/welye.com\/en\/dtp-guide\/\",\"name\":\"DTP GUIDE | Imprimerie Paris Welye\",\"isPartOf\":{\"@id\":\"https:\/\/welye.com\/en\/#website\"},\"primaryImageOfPage\":{\"@id\":\"https:\/\/welye.com\/en\/dtp-guide\/#primaryimage\"},\"image\":{\"@id\":\"https:\/\/welye.com\/en\/dtp-guide\/#primaryimage\"},\"thumbnailUrl\":\"http:\/\/welye.com\/wp-content\/uploads\/2017\/07\/guide-Pao-imprimeur-paris-depliants-1024x474.png\",\"datePublished\":\"2017-07-17T10:01:47+00:00\",\"dateModified\":\"2024-09-03T11:22:20+00:00\",\"description\":\"\u2705Imprimerie Paris Welye | DTP GUIDE | Imprimeur Offset et num\u00e9rique \u00e0 Paris - Devis imm\u00e9diat par t\u00e9l\u00e9phone au 01 80 91 64 61 %\",\"breadcrumb\":{\"@id\":\"https:\/\/welye.com\/en\/dtp-guide\/#breadcrumb\"},\"inLanguage\":\"en-US\",\"potentialAction\":[{\"@type\":\"ReadAction\",\"target\":[\"https:\/\/welye.com\/en\/dtp-guide\/\"]}]},{\"@type\":\"ImageObject\",\"inLanguage\":\"en-US\",\"@id\":\"https:\/\/welye.com\/en\/dtp-guide\/#primaryimage\",\"url\":\"http:\/\/welye.com\/wp-content\/uploads\/2017\/07\/guide-Pao-imprimeur-paris-depliants-1024x474.png\",\"contentUrl\":\"http:\/\/welye.com\/wp-content\/uploads\/2017\/07\/guide-Pao-imprimeur-paris-depliants-1024x474.png\"},{\"@type\":\"BreadcrumbList\",\"@id\":\"https:\/\/welye.com\/en\/dtp-guide\/#breadcrumb\",\"itemListElement\":[{\"@type\":\"ListItem\",\"position\":1,\"name\":\"Accueil\",\"item\":\"https:\/\/welye.com\/en\/home\/\"},{\"@type\":\"ListItem\",\"position\":2,\"name\":\"DTP GUIDE\"}]},{\"@type\":\"WebSite\",\"@id\":\"https:\/\/welye.com\/en\/#website\",\"url\":\"https:\/\/welye.com\/en\/\",\"name\":\"Imprimerie Paris Welye | Welye Printing Paris\",\"description\":\"Imprimeur offset &amp; num\u00e9rique \u00e0 Paris\",\"publisher\":{\"@id\":\"https:\/\/welye.com\/en\/#organization\"},\"potentialAction\":[{\"@type\":\"SearchAction\",\"target\":{\"@type\":\"EntryPoint\",\"urlTemplate\":\"https:\/\/welye.com\/en\/?s={search_term_string}\"},\"query-input\":{\"@type\":\"PropertyValueSpecification\",\"valueRequired\":true,\"valueName\":\"search_term_string\"}}],\"inLanguage\":\"en-US\"},{\"@type\":\"Organization\",\"@id\":\"https:\/\/welye.com\/en\/#organization\",\"name\":\"WELYE IMPRIMERIE PARIS | PARIS PRINTING\",\"url\":\"https:\/\/welye.com\/en\/\",\"logo\":{\"@type\":\"ImageObject\",\"inLanguage\":\"en-US\",\"@id\":\"https:\/\/welye.com\/en\/#\/schema\/logo\/image\/\",\"url\":\"https:\/\/welye.com\/wp-content\/uploads\/2017\/07\/Welye-imprimerie-Paris.png\",\"contentUrl\":\"https:\/\/welye.com\/wp-content\/uploads\/2017\/07\/Welye-imprimerie-Paris.png\",\"width\":976,\"height\":936,\"caption\":\"WELYE IMPRIMERIE PARIS | PARIS PRINTING\"},\"image\":{\"@id\":\"https:\/\/welye.com\/en\/#\/schema\/logo\/image\/\"},\"sameAs\":[\"https:\/\/www.facebook.com\/imprimeriewelye\",\"https:\/\/x.com\/ImprimerieWelye\",\"http:\/\/instagram.com\/imprimeriewelye\",\"https:\/\/www.linkedin.com\/company\/welye\",\"https:\/\/www.pinterest.com\/imprimerieparis\/\",\"https:\/\/www.youtube.com\/channel\/UCpu3SXm_zmVzuQ7TCCH27xA\"]}]}<\/script>\n<!-- \/ Yoast SEO plugin. -->","yoast_head_json":{"title":"DTP GUIDE | Imprimerie Paris Welye","description":"\u2705Imprimerie Paris Welye | DTP GUIDE | Imprimeur Offset et num\u00e9rique \u00e0 Paris - Devis imm\u00e9diat par t\u00e9l\u00e9phone au 01 80 91 64 61 %","robots":{"index":"index","follow":"follow","max-snippet":"max-snippet:-1","max-image-preview":"max-image-preview:large","max-video-preview":"max-video-preview:-1"},"canonical":"https:\/\/welye.com\/en\/dtp-guide\/","og_locale":"en_US","og_type":"article","og_title":"DTP GUIDE | Imprimerie Paris Welye","og_description":"\u2705Imprimerie Paris Welye | DTP GUIDE | Imprimeur Offset et num\u00e9rique \u00e0 Paris - Devis imm\u00e9diat par t\u00e9l\u00e9phone au 01 80 91 64 61 %","og_url":"https:\/\/welye.com\/en\/dtp-guide\/","og_site_name":"Imprimerie Paris Welye","article_publisher":"https:\/\/www.facebook.com\/imprimeriewelye","article_modified_time":"2024-09-03T11:22:20+00:00","og_image":[{"url":"http:\/\/welye.com\/wp-content\/uploads\/2017\/07\/guide-Pao-imprimeur-paris-depliants-1024x474.png","type":"","width":"","height":""}],"twitter_card":"summary_large_image","twitter_site":"@ImprimerieWelye","twitter_misc":{"Est. reading time":"7 minutes"},"schema":{"@context":"https:\/\/schema.org","@graph":[{"@type":"WebPage","@id":"https:\/\/welye.com\/en\/dtp-guide\/","url":"https:\/\/welye.com\/en\/dtp-guide\/","name":"DTP GUIDE | Imprimerie Paris Welye","isPartOf":{"@id":"https:\/\/welye.com\/en\/#website"},"primaryImageOfPage":{"@id":"https:\/\/welye.com\/en\/dtp-guide\/#primaryimage"},"image":{"@id":"https:\/\/welye.com\/en\/dtp-guide\/#primaryimage"},"thumbnailUrl":"http:\/\/welye.com\/wp-content\/uploads\/2017\/07\/guide-Pao-imprimeur-paris-depliants-1024x474.png","datePublished":"2017-07-17T10:01:47+00:00","dateModified":"2024-09-03T11:22:20+00:00","description":"\u2705Imprimerie Paris Welye | DTP GUIDE | Imprimeur Offset et num\u00e9rique \u00e0 Paris - Devis imm\u00e9diat par t\u00e9l\u00e9phone au 01 80 91 64 61 %","breadcrumb":{"@id":"https:\/\/welye.com\/en\/dtp-guide\/#breadcrumb"},"inLanguage":"en-US","potentialAction":[{"@type":"ReadAction","target":["https:\/\/welye.com\/en\/dtp-guide\/"]}]},{"@type":"ImageObject","inLanguage":"en-US","@id":"https:\/\/welye.com\/en\/dtp-guide\/#primaryimage","url":"http:\/\/welye.com\/wp-content\/uploads\/2017\/07\/guide-Pao-imprimeur-paris-depliants-1024x474.png","contentUrl":"http:\/\/welye.com\/wp-content\/uploads\/2017\/07\/guide-Pao-imprimeur-paris-depliants-1024x474.png"},{"@type":"BreadcrumbList","@id":"https:\/\/welye.com\/en\/dtp-guide\/#breadcrumb","itemListElement":[{"@type":"ListItem","position":1,"name":"Accueil","item":"https:\/\/welye.com\/en\/home\/"},{"@type":"ListItem","position":2,"name":"DTP GUIDE"}]},{"@type":"WebSite","@id":"https:\/\/welye.com\/en\/#website","url":"https:\/\/welye.com\/en\/","name":"Imprimerie Paris Welye | Welye Printing Paris","description":"Imprimeur offset &amp; num\u00e9rique \u00e0 Paris","publisher":{"@id":"https:\/\/welye.com\/en\/#organization"},"potentialAction":[{"@type":"SearchAction","target":{"@type":"EntryPoint","urlTemplate":"https:\/\/welye.com\/en\/?s={search_term_string}"},"query-input":{"@type":"PropertyValueSpecification","valueRequired":true,"valueName":"search_term_string"}}],"inLanguage":"en-US"},{"@type":"Organization","@id":"https:\/\/welye.com\/en\/#organization","name":"WELYE IMPRIMERIE PARIS | PARIS PRINTING","url":"https:\/\/welye.com\/en\/","logo":{"@type":"ImageObject","inLanguage":"en-US","@id":"https:\/\/welye.com\/en\/#\/schema\/logo\/image\/","url":"https:\/\/welye.com\/wp-content\/uploads\/2017\/07\/Welye-imprimerie-Paris.png","contentUrl":"https:\/\/welye.com\/wp-content\/uploads\/2017\/07\/Welye-imprimerie-Paris.png","width":976,"height":936,"caption":"WELYE IMPRIMERIE PARIS | PARIS PRINTING"},"image":{"@id":"https:\/\/welye.com\/en\/#\/schema\/logo\/image\/"},"sameAs":["https:\/\/www.facebook.com\/imprimeriewelye","https:\/\/x.com\/ImprimerieWelye","http:\/\/instagram.com\/imprimeriewelye","https:\/\/www.linkedin.com\/company\/welye","https:\/\/www.pinterest.com\/imprimerieparis\/","https:\/\/www.youtube.com\/channel\/UCpu3SXm_zmVzuQ7TCCH27xA"]}]}},"_links":{"self":[{"href":"https:\/\/welye.com\/en\/wp-json\/wp\/v2\/pages\/103686","targetHints":{"allow":["GET"]}}],"collection":[{"href":"https:\/\/welye.com\/en\/wp-json\/wp\/v2\/pages"}],"about":[{"href":"https:\/\/welye.com\/en\/wp-json\/wp\/v2\/types\/page"}],"author":[{"embeddable":true,"href":"https:\/\/welye.com\/en\/wp-json\/wp\/v2\/users\/1"}],"replies":[{"embeddable":true,"href":"https:\/\/welye.com\/en\/wp-json\/wp\/v2\/comments?post=103686"}],"version-history":[{"count":2,"href":"https:\/\/welye.com\/en\/wp-json\/wp\/v2\/pages\/103686\/revisions"}],"predecessor-version":[{"id":103694,"href":"https:\/\/welye.com\/en\/wp-json\/wp\/v2\/pages\/103686\/revisions\/103694"}],"wp:attachment":[{"href":"https:\/\/welye.com\/en\/wp-json\/wp\/v2\/media?parent=103686"}],"curies":[{"name":"wp","href":"https:\/\/api.w.org\/{rel}","templated":true}]}}